{"id":11890,"date":"2019-11-25T14:59:27","date_gmt":"2019-11-25T13:59:27","guid":{"rendered":"http:\/\/ksiegarnia-akademicka.pl\/?post_type=product&#038;p=11890"},"modified":"2025-12-15T09:51:49","modified_gmt":"2025-12-15T08:51:49","slug":"ekg-w-praktyce","status":"publish","type":"product","link":"http:\/\/ksiegarnia-akademicka.pl\/index.php\/product\/ekg-w-praktyce\/","title":{"rendered":"EKG w praktyce"},"content":{"rendered":"<div class=\"grupa osoby\"><span class=\"meta-head\">Autor: <\/span>D. Adlam<\/div>\n<div class=\"grupa osoby\"><span class=\"meta-head-blue\">Redakcja:<\/span>\u00a0<span class=\"meta-value\">Smereka Jacek<\/span><\/div>\n<div class=\"grupa wydawca\"><span class=\"meta-head\">Wydawca:<\/span>\u00a0Edra Urban &amp; Partner<\/div>\n<div class=\"grupa dane\">\n<div>Oprawa:\u00a0<span class=\"meta-value-bold\">Mi\u0119kka<\/span><\/div>\n<div>Format:\u00a0<span class=\"meta-value-bold\">18.5&#215;18.5cm<\/span><\/div>\n<div>Liczba stron:\u00a0<span class=\"meta-value-bold\">348<\/span><\/div>\n<div>Wydanie:\u00a0<span class=\"meta-value-bold\">7<\/span><\/div>\n<div>Rok wydania:\u00a0<span class=\"meta-value-bold\">2020<\/span><\/div>\n<div>J\u0119zyk wydania:\u00a0<span class=\"meta-value-bold\">polski<\/span><\/div>\n<\/div>\n<div><\/div>\n<div>Niniejsza ksi\u0105\u017cka jest si\u00f3dmym wydaniem podr\u0119cznika The ECG in Practice. Tytu\u0142 zmieniono na The ECG Made Practical, by podkre\u015bli\u0107 zwi\u0105zek z publikacj\u0105 The ECG Made Easy. Za\u0142o\u017cono, \u017ce czytelnik tej ksi\u0105\u017cki dysponuje wiedz\u0105 na temat EKG zawart\u0105 w podr\u0119czniku The ECG Made Easy. EKG to badanie naprawd\u0119 proste w swoich podstawach, ale odmiany zapisu obserwowane zar\u00f3wno u os\u00f3b zdrowych, jak i u pacjent\u00f3w z chorobami serca i innymi schorzeniami mog\u0105 sprawi\u0107, \u017ce wyda si\u0119 ono bardziej skomplikowane, ni\u017c jest w rzeczywisto\u015bci. Ta ksi\u0105\u017cka koncentruje si\u0119 na tych odmianach i zawiera kilka przyk\u0142ad\u00f3w poszczeg\u00f3lnych nieprawid\u0142owo\u015bci. Jest ona przeznaczona dla ka\u017cdego, kto rozumie podstawy, ale chce maksymalnie wykorzysta\u0107 potencja\u0142 badania EKG jako narz\u0119dzia klinicznego.<\/div>\n","protected":false},"excerpt":{"rendered":"<p>Autor: D. Adlam Redakcja:\u00a0Smereka Jacek Wydawca:\u00a0Edra Urban &amp; Partner Oprawa:\u00a0Mi\u0119kka [&hellip;]<\/p>\n","protected":false},"featured_media":21619,"template":"","meta":[],"product_brand":[],"product_cat":[7991,7493,7965],"product_tag":[6545,3994],"class_list":{"0":"post-11890","1":"product","2":"type-product","3":"status-publish","4":"has-post-thumbnail","6":"product_cat-kardiologia","7":"product_cat-medycyna","8":"product_cat-pielegniarstwo","9":"product_tag-ekg","10":"product_tag-medycyna","12":"first","13":"instock","14":"sale","15":"shipping-taxable","16":"purchasable","17":"product-type-simple"},"_links":{"self":[{"href":"http:\/\/ksiegarnia-akademicka.pl\/index.php\/wp-json\/wp\/v2\/product\/11890","targetHints":{"allow":["GET"]}}],"collection":[{"href":"http:\/\/ksiegarnia-akademicka.pl\/index.php\/wp-json\/wp\/v2\/product"}],"about":[{"href":"http:\/\/ksiegarnia-akademicka.pl\/index.php\/wp-json\/wp\/v2\/types\/product"}],"wp:featuredmedia":[{"embeddable":true,"href":"http:\/\/ksiegarnia-akademicka.pl\/index.php\/wp-json\/wp\/v2\/media\/21619"}],"wp:attachment":[{"href":"http:\/\/ksiegarnia-akademicka.pl\/index.php\/wp-json\/wp\/v2\/media?parent=11890"}],"wp:term":[{"taxonomy":"product_brand","embeddable":true,"href":"http:\/\/ksiegarnia-akademicka.pl\/index.php\/wp-json\/wp\/v2\/product_brand?post=11890"},{"taxonomy":"product_cat","embeddable":true,"href":"http:\/\/ksiegarnia-akademicka.pl\/index.php\/wp-json\/wp\/v2\/product_cat?post=11890"},{"taxonomy":"product_tag","embeddable":true,"href":"http:\/\/ksiegarnia-akademicka.pl\/index.php\/wp-json\/wp\/v2\/product_tag?post=11890"}],"curies":[{"name":"wp","href":"https:\/\/api.w.org\/{rel}","templated":true}]}}