{"id":11888,"date":"2019-11-25T14:57:06","date_gmt":"2019-11-25T13:57:06","guid":{"rendered":"http:\/\/ksiegarnia-akademicka.pl\/?post_type=product&#038;p=11888"},"modified":"2025-12-15T09:53:58","modified_gmt":"2025-12-15T08:53:58","slug":"ekg-latwo-zrozumiec-pocket-reference","status":"publish","type":"product","link":"http:\/\/ksiegarnia-akademicka.pl\/index.php\/product\/ekg-latwo-zrozumiec-pocket-reference\/","title":{"rendered":"EKG \u0142atwo zrozumie\u0107. Pocket Reference"},"content":{"rendered":"<p>B. Aehlert<br \/>\nWydawca: Edra Urban i Partner<br \/>\nwyd. 6, red. D. Zy\u015bko<br \/>\n101 stron<br \/>\nrok wydania: 2019<br \/>\nformat: 110 x 185, opr. mi\u0119kka<br \/>\nISBN: 978-83-66310-29-2<\/p>\n<p>W publikacji przedstawiono najcz\u0119\u015bciej wyst\u0119puj\u0105ce zaburzenia rytmu serca oraz zasady ich interpretacji.<br \/>\nKa\u017cdy opis obejmuje zwi\u0119z\u0142\u0105 charakterystyk\u0119 danego rytmu oraz przyk\u0142adowy zapis badania EKG.<br \/>\nLiczne tabele, ramki i kolorowe ilustracje podkre\u015blaj\u0105 i podsumowuj\u0105 kluczowe informacje.<\/p>\n","protected":false},"excerpt":{"rendered":"<p>B. Aehlert Wydawca: Edra Urban i Partner wyd. 6, red. [&hellip;]<\/p>\n","protected":false},"featured_media":11889,"template":"","meta":[],"product_brand":[],"product_cat":[7991,7493,7965],"product_tag":[6545,3994],"class_list":{"0":"post-11888","1":"product","2":"type-product","3":"status-publish","4":"has-post-thumbnail","6":"product_cat-kardiologia","7":"product_cat-medycyna","8":"product_cat-pielegniarstwo","9":"product_tag-ekg","10":"product_tag-medycyna","12":"first","13":"instock","14":"sale","15":"shipping-taxable","16":"purchasable","17":"product-type-simple"},"_links":{"self":[{"href":"http:\/\/ksiegarnia-akademicka.pl\/index.php\/wp-json\/wp\/v2\/product\/11888","targetHints":{"allow":["GET"]}}],"collection":[{"href":"http:\/\/ksiegarnia-akademicka.pl\/index.php\/wp-json\/wp\/v2\/product"}],"about":[{"href":"http:\/\/ksiegarnia-akademicka.pl\/index.php\/wp-json\/wp\/v2\/types\/product"}],"wp:featuredmedia":[{"embeddable":true,"href":"http:\/\/ksiegarnia-akademicka.pl\/index.php\/wp-json\/wp\/v2\/media\/11889"}],"wp:attachment":[{"href":"http:\/\/ksiegarnia-akademicka.pl\/index.php\/wp-json\/wp\/v2\/media?parent=11888"}],"wp:term":[{"taxonomy":"product_brand","embeddable":true,"href":"http:\/\/ksiegarnia-akademicka.pl\/index.php\/wp-json\/wp\/v2\/product_brand?post=11888"},{"taxonomy":"product_cat","embeddable":true,"href":"http:\/\/ksiegarnia-akademicka.pl\/index.php\/wp-json\/wp\/v2\/product_cat?post=11888"},{"taxonomy":"product_tag","embeddable":true,"href":"http:\/\/ksiegarnia-akademicka.pl\/index.php\/wp-json\/wp\/v2\/product_tag?post=11888"}],"curies":[{"name":"wp","href":"https:\/\/api.w.org\/{rel}","templated":true}]}}