{"id":11867,"date":"2019-11-22T15:46:35","date_gmt":"2019-11-22T14:46:35","guid":{"rendered":"http:\/\/ksiegarnia-akademicka.pl\/?post_type=product&#038;p=11867"},"modified":"2024-12-04T16:23:16","modified_gmt":"2024-12-04T15:23:16","slug":"stac-sie-leonardem-slabosci-i-geniusz-leonarda-da-vinci","status":"publish","type":"product","link":"http:\/\/ksiegarnia-akademicka.pl\/index.php\/product\/stac-sie-leonardem-slabosci-i-geniusz-leonarda-da-vinci\/","title":{"rendered":"Sta\u0107 si\u0119 Leonardem S\u0142abo\u015bci i geniusz Leonarda da Vinci"},"content":{"rendered":"<p>Autor:<br \/>\nMike Lankford<br \/>\nT\u0142umacze: K\u0142obukowski Micha\u0142<br \/>\nWydawca: Marginesy<br \/>\nOprawa: Mi\u0119kka ze skrzyde\u0142kami<br \/>\nFormat: 14.0&#215;21.0cm<br \/>\nLiczba stron: 336<br \/>\nRok wydania: 2019<br \/>\nJ\u0119zyk wydania: polski<\/p>\n<p>Najlepsza ksi\u0105\u017cka non-fiction roku 2017 wed\u0142ug \u201eWall Street Journal\u201d<\/p>\n<p>Dlaczego Leonardo da Vinci nie uko\u0144czy\u0142 tak wielu ze swoich dzie\u0142? Dlaczego jako zadeklarowany pacyfista konstruowa\u0142 machiny wojenne dla rodziny Borgi\u00f3w? Dlaczego przez kilkadziesi\u0105t lat wsz\u0119dzie zabiera\u0142 ze sob\u0105 Mon\u0119 Lis\u0119, jednak nigdy nie doko\u0144czy\u0142 jej malowa\u0107? Dlaczego pisa\u0142 wspak i czy naprawd\u0119 toczy\u0142 wojn\u0119 z Micha\u0142em Anio\u0142em?<\/p>\n<p>Mike Lankford przybli\u017ca W\u0142ochy z czas\u00f3w renesansu: zapachy, smaki i d\u017awi\u0119ki. Czasy wojen, plag i intryg dworskich, zaciekle konkuruj\u0105cych ze sob\u0105 artyst\u00f3w oraz tyran\u00f3w o morderczych sk\u0142onno\u015bciach i zami\u0142owaniu do sztuki. Przedstawia \u017cycie da Vinci jako powie\u015b\u0107 przygodow\u0105, fascynuj\u0105ce i pe\u0142ne niebezpiecze\u0144stw \u2013 ucieczki, przetrwanie wojny u boku przyjaciela, Machiavellego, walka o mo\u017cliwo\u015b\u0107 tworzenia i nie\u0142atwe decyzje, jakie si\u0119 z tym wi\u0105za\u0142y. Tak\u017ce te za cen\u0119 samotno\u015bci.<\/p>\n<p>Rozbija mity i buduje Leonarda od nowa. Tworzy dla wsp\u00f3\u0142czesnych czytelnik\u00f3w portret geniusza, kt\u00f3ry od wiek\u00f3w pozostaje r\u00f3wnie tajemniczy jak najwi\u0119ksze z jego dzie\u0142, b\u0119d\u0105cych wyrazem buntu i niewyczerpanym \u017ar\u00f3d\u0142em inspiracji.<\/p>\n<p>Uwa\u017cam, \u017ce biografia Leonarda Lankforda pobudza do my\u015blenia, podczas gdy ta Isaacsona do my\u015blenia zniech\u0119ca. Sta\u0107 si\u0119 Leonardem zaczyna si\u0119 z wysokiego C i z ka\u017cd\u0105 przewracan\u0105 kartk\u0105 jest coraz lepsza.<br \/>\n\u201eWall Street Journal\u201d<\/p>\n<p>Mike Lankford przedstawia da Vinci bez aureoli i sadza go przy stole naprzeciwko czytelnika, kt\u00f3ry zaczyna dostrzega\u0107 w nim prawdziwego cz\u0142owieka, z brudem pod paznokciami i tak dalej.<br \/>\n\u201eThe Independent\u201d.<\/p>\n<p>Mike Lankford przedstawia fascynuj\u0105c\u0105 tour d\u2019horizon \u017cycia i pracy Leonarda, traktuj\u0105c znane fakty z jego \u017cycia jako punkt wyj\u015bcia do kusz\u0105cych (a jednak rozs\u0105dnych) spekulacji i rekonstrukcji. Odrzuca dawne klisze i za\u0142o\u017cenia, ocenia wieloznaczne dowody rzeczowe z nowej perspektywy i maluje chyba najbardziej intymny i wyrazisty portret tego nie\u0142atwego do uchwycenia artysty.<br \/>\nRoss King, autor Brunelleschi\u2019s Dome<\/p>\n<p>Mike Lankford jest absolwentem Iowa Writers Workshop i autorem Life in Double Time: Confessions of an American Drummer, tomu wspomnie\u0144 o czasach, gdy by\u0142 jedynym bia\u0142ym wykonawc\u0105 w zespole R&amp;B. Ksi\u0105\u017cka zosta\u0142a uznana za najlepsz\u0105 ksi\u0105\u017ck\u0119 muzyczn\u0105 przez wiele opiniotw\u00f3rczych medi\u00f3w.<\/p>\n","protected":false},"excerpt":{"rendered":"<p>Autor: Mike Lankford T\u0142umacze: K\u0142obukowski Micha\u0142 Wydawca: Marginesy Oprawa: Mi\u0119kka [&hellip;]<\/p>\n","protected":false},"featured_media":11868,"template":"","meta":[],"product_brand":[],"product_cat":[38,7707],"product_tag":[2322,5108],"class_list":{"0":"post-11867","1":"product","2":"type-product","3":"status-publish","4":"has-post-thumbnail","6":"product_cat-historia","7":"product_cat-literatura","8":"product_tag-biografie","9":"product_tag-historia-sztuki","11":"first","12":"instock","13":"sale","14":"shipping-taxable","15":"purchasable","16":"product-type-simple"},"_links":{"self":[{"href":"http:\/\/ksiegarnia-akademicka.pl\/index.php\/wp-json\/wp\/v2\/product\/11867","targetHints":{"allow":["GET"]}}],"collection":[{"href":"http:\/\/ksiegarnia-akademicka.pl\/index.php\/wp-json\/wp\/v2\/product"}],"about":[{"href":"http:\/\/ksiegarnia-akademicka.pl\/index.php\/wp-json\/wp\/v2\/types\/product"}],"wp:featuredmedia":[{"embeddable":true,"href":"http:\/\/ksiegarnia-akademicka.pl\/index.php\/wp-json\/wp\/v2\/media\/11868"}],"wp:attachment":[{"href":"http:\/\/ksiegarnia-akademicka.pl\/index.php\/wp-json\/wp\/v2\/media?parent=11867"}],"wp:term":[{"taxonomy":"product_brand","embeddable":true,"href":"http:\/\/ksiegarnia-akademicka.pl\/index.php\/wp-json\/wp\/v2\/product_brand?post=11867"},{"taxonomy":"product_cat","embeddable":true,"href":"http:\/\/ksiegarnia-akademicka.pl\/index.php\/wp-json\/wp\/v2\/product_cat?post=11867"},{"taxonomy":"product_tag","embeddable":true,"href":"http:\/\/ksiegarnia-akademicka.pl\/index.php\/wp-json\/wp\/v2\/product_tag?post=11867"}],"curies":[{"name":"wp","href":"https:\/\/api.w.org\/{rel}","templated":true}]}}