{"id":11861,"date":"2019-11-22T09:46:39","date_gmt":"2019-11-22T08:46:39","guid":{"rendered":"http:\/\/ksiegarnia-akademicka.pl\/?post_type=product&#038;p=11861"},"modified":"2024-12-04T16:23:27","modified_gmt":"2024-12-04T15:23:27","slug":"bledy-formalne-w-tekstach-prawnych","status":"publish","type":"product","link":"http:\/\/ksiegarnia-akademicka.pl\/index.php\/product\/bledy-formalne-w-tekstach-prawnych\/","title":{"rendered":"B\u0142\u0119dy formalne w tekstach prawnych"},"content":{"rendered":"<p>Andrzej Malinowski<br \/>\nWydawca: Wolters Kluwer<br \/>\nRok publikacji: 2019<br \/>\nWydanie: 1<br \/>\nLiczba stron: 220<br \/>\nISBN: 978-83-8187-201-0<\/p>\n<p>Publikacja B\u0142\u0119dy formalne w tekstach prawnych jest odmienna od tego, co napisano o technice prawotw\u00f3rczej. O ile dotychczas wskazywano, jak powinno si\u0119 redagowa\u0107 tekst prawny, o tyle w tym opracowaniu po\u0142o\u017cono nacisk na wskazywanie wyst\u0119puj\u0105cych nieprawid\u0142owo\u015bci.<\/p>\n<p>Zebrano w ksi\u0105\u017cce przyk\u0142ady typowych b\u0142\u0119d\u00f3w formalnych pope\u0142nianych przez polskiego prawodawc\u0119. Przy ka\u017cdym z omawianych b\u0142\u0119d\u00f3w przedstawiono zasad\u0119 poprawno\u015bciow\u0105, nast\u0119pnie wskazano przyk\u0142adowy fragment lub fragmenty tekst\u00f3w prawnych, w kt\u00f3rych nie zosta\u0142a ona zrealizowana. Zwa\u017cywszy na wielo\u015b\u0107 b\u0142\u0119d\u00f3w redakcyjnych pope\u0142nianych przez polskiego prawodawc\u0119, wyb\u00f3r przywo\u0142anych przyk\u0142ad\u00f3w jest niewyczerpuj\u0105cy i w znacznej mierze arbitralny.<\/p>\n<p>Zasadnicz\u0105 ide\u0105 opracowania jest edukacja poprzez wskazanie pope\u0142nianych b\u0142\u0119d\u00f3w. Na tym polega wa\u017cny walor praktyczny publikacji.<\/p>\n<p>Adresaci:<br \/>\nOpracowanie przeznaczone jest zar\u00f3wno dla redaktora aktu normatywnego, takiego jak ustawa, rozporz\u0105dzenie, zarz\u0105dzenie itp., jak i dla redaktora jakiegokolwiek innego tekstu maj\u0105cego na celu wywo\u0142anie skutk\u00f3w prawnych.<\/p>\n","protected":false},"excerpt":{"rendered":"<p>Andrzej Malinowski Wydawca: Wolters Kluwer Rok publikacji: 2019 Wydanie: 1 [&hellip;]<\/p>\n","protected":false},"featured_media":11862,"template":"","meta":[],"product_brand":[],"product_cat":[7497,18],"product_tag":[1105,4664,5037],"class_list":{"0":"post-11861","1":"product","2":"type-product","3":"status-publish","4":"has-post-thumbnail","6":"product_cat-ogolne-zagadnienia-prawa","7":"product_cat-prawo","8":"product_tag-filozofia-prawa","9":"product_tag-historia-prawa","10":"product_tag-seria-monografie","12":"first","13":"instock","14":"sale","15":"shipping-taxable","16":"purchasable","17":"product-type-simple"},"_links":{"self":[{"href":"http:\/\/ksiegarnia-akademicka.pl\/index.php\/wp-json\/wp\/v2\/product\/11861","targetHints":{"allow":["GET"]}}],"collection":[{"href":"http:\/\/ksiegarnia-akademicka.pl\/index.php\/wp-json\/wp\/v2\/product"}],"about":[{"href":"http:\/\/ksiegarnia-akademicka.pl\/index.php\/wp-json\/wp\/v2\/types\/product"}],"wp:featuredmedia":[{"embeddable":true,"href":"http:\/\/ksiegarnia-akademicka.pl\/index.php\/wp-json\/wp\/v2\/media\/11862"}],"wp:attachment":[{"href":"http:\/\/ksiegarnia-akademicka.pl\/index.php\/wp-json\/wp\/v2\/media?parent=11861"}],"wp:term":[{"taxonomy":"product_brand","embeddable":true,"href":"http:\/\/ksiegarnia-akademicka.pl\/index.php\/wp-json\/wp\/v2\/product_brand?post=11861"},{"taxonomy":"product_cat","embeddable":true,"href":"http:\/\/ksiegarnia-akademicka.pl\/index.php\/wp-json\/wp\/v2\/product_cat?post=11861"},{"taxonomy":"product_tag","embeddable":true,"href":"http:\/\/ksiegarnia-akademicka.pl\/index.php\/wp-json\/wp\/v2\/product_tag?post=11861"}],"curies":[{"name":"wp","href":"https:\/\/api.w.org\/{rel}","templated":true}]}}