{"id":11828,"date":"2019-11-14T08:33:32","date_gmt":"2019-11-14T07:33:32","guid":{"rendered":"http:\/\/ksiegarnia-akademicka.pl\/?post_type=product&#038;p=11828"},"modified":"2024-12-04T16:24:39","modified_gmt":"2024-12-04T15:24:39","slug":"kodeks-karny-skarbowy-komentarz-2","status":"publish","type":"product","link":"http:\/\/ksiegarnia-akademicka.pl\/index.php\/product\/kodeks-karny-skarbowy-komentarz-2\/","title":{"rendered":"Kodeks karny skarbowy. Komentarz"},"content":{"rendered":"<p>Autor: dr hab. prof. Grzegorz Skowronek<br \/>\nC.H. Beck<br \/>\nSeria: Kr\u00f3tkie Komentarze Becka<br \/>\nRok wydania: 2019<br \/>\nISBN: 978-83-815-8248-3<br \/>\nLiczba stron: 606<br \/>\nOprawa: Mi\u0119kka<br \/>\nWaga: 660 g<\/p>\n<p>20 lat obowi\u0105zywania Kodeksu karnego skarbowego!<\/p>\n<p>Prezentowana pozycja stanowi kompleksowe om\u00f3wienie prze\u0142omowego w historii polskiego prawa karnego skarbowego aktu \u2013 ustawy z 10.9.1999 r. \u2013 Kodeks karny skarbowy (Dz.U. z 2018 r. poz. 1958 ze zm.), kt\u00f3rego jubileusz 20-lecia obowi\u0105zywania przypada w tym roku.<\/p>\n<p>Publikacja w spos\u00f3b jasny i przejrzysty pozwala zapozna\u0107 si\u0119 Czytelnikowi ze wszystkimi zagadnieniami zwi\u0105zanymi z tematyk\u0105 ww. ustawy, poruszaj\u0105c m.in. problematyk\u0119:<\/p>\n<p>przest\u0119pstw i wykrocze\u0144 skarbowych;<br \/>\npost\u0119powania w sprawach o przest\u0119pstwa i wykroczenia skarbowe;<br \/>\npost\u0119powania wykonawczego w sprawach o przest\u0119pstwa i wykroczenia skarbowe.<br \/>\nPonadto opracowanie bierze pod uwag\u0119 specyfik\u0119 prawa karnego skarbowego, odnosz\u0105c si\u0119 w spos\u00f3b szczeg\u00f3\u0142owy do przepis\u00f3w spoza Kodeksu karnego skarbowego w tym przepis\u00f3w podatkowych, celnych, dewizowych oraz dotycz\u0105cych organizacji gier hazardowych.<\/p>\n<p>Publikacja uwzgl\u0119dnia najnowszy stan prawny, w tym ostatnie zmiany w obr\u0119bie post\u0119powania karnego oraz przepis\u00f3w finansowych. S\u0105 to przede wszystkim modyfikacje wynikaj\u0105ce z najwi\u0119kszej od lat nowelizacji procedury karnej \u2013 ustawy z 19.7.2019 r. o zmianie ustawy \u2013 Kodeks post\u0119powania karnego oraz niekt\u00f3rych innych ustaw a tak\u017ce z ustawy z 9.8.2019 r. o zmianie ustawy o podatku od towar\u00f3w i us\u0142ug oraz niekt\u00f3rych innych ustaw. Ostatnia ze wskazanych ustaw wprowadzi\u0142a obowi\u0105zek stosowania mechanizmu podzielonej p\u0142atno\u015bci (split payment) w pewnych sektorach gospodarki i spowodowa\u0142a w zwi\u0105zku z tym dodanie do Kodeksu karnego skarbowego nowego czynu zabronionego (art. 57c), sankcjonuj\u0105cego niewywi\u0105zywanie si\u0119 przez podatnik\u00f3w z tego obowi\u0105zku.<\/p>\n<p>Komentarz, ze wzgl\u0119du na swoj\u0105 kr\u00f3tk\u0105 i rzeczow\u0105 form\u0119 stanowi nieodzown\u0105 pomoc dla praktyk\u00f3w, w szczeg\u00f3lno\u015bci s\u0119dzi\u00f3w, prokurator\u00f3w, adwokat\u00f3w, radc\u00f3w prawnych a tak\u017ce pracownik\u00f3w administracji skarbowej. Publikacja stanowi tak\u017ce nieocenion\u0105 baz\u0119 wiedzy dla doktorant\u00f3w, student\u00f3w i aplikant\u00f3w zawod\u00f3w prawniczych.<\/p>\n","protected":false},"excerpt":{"rendered":"<p>Autor: dr hab. prof. Grzegorz Skowronek C.H. Beck Seria: Kr\u00f3tkie [&hellip;]<\/p>\n","protected":false},"featured_media":11829,"template":"","meta":[],"product_brand":[],"product_cat":[7490,18],"product_tag":[296,328,5166],"class_list":{"0":"post-11828","1":"product","2":"type-product","3":"status-publish","4":"has-post-thumbnail","6":"product_cat-karne","7":"product_cat-prawo","8":"product_tag-prawo-karne","9":"product_tag-prawo-karne-skarbowe","10":"product_tag-seria-krotkie-komentarze-becka","12":"first","13":"instock","14":"sale","15":"shipping-taxable","16":"purchasable","17":"product-type-simple"},"_links":{"self":[{"href":"http:\/\/ksiegarnia-akademicka.pl\/index.php\/wp-json\/wp\/v2\/product\/11828","targetHints":{"allow":["GET"]}}],"collection":[{"href":"http:\/\/ksiegarnia-akademicka.pl\/index.php\/wp-json\/wp\/v2\/product"}],"about":[{"href":"http:\/\/ksiegarnia-akademicka.pl\/index.php\/wp-json\/wp\/v2\/types\/product"}],"wp:featuredmedia":[{"embeddable":true,"href":"http:\/\/ksiegarnia-akademicka.pl\/index.php\/wp-json\/wp\/v2\/media\/11829"}],"wp:attachment":[{"href":"http:\/\/ksiegarnia-akademicka.pl\/index.php\/wp-json\/wp\/v2\/media?parent=11828"}],"wp:term":[{"taxonomy":"product_brand","embeddable":true,"href":"http:\/\/ksiegarnia-akademicka.pl\/index.php\/wp-json\/wp\/v2\/product_brand?post=11828"},{"taxonomy":"product_cat","embeddable":true,"href":"http:\/\/ksiegarnia-akademicka.pl\/index.php\/wp-json\/wp\/v2\/product_cat?post=11828"},{"taxonomy":"product_tag","embeddable":true,"href":"http:\/\/ksiegarnia-akademicka.pl\/index.php\/wp-json\/wp\/v2\/product_tag?post=11828"}],"curies":[{"name":"wp","href":"https:\/\/api.w.org\/{rel}","templated":true}]}}