{"id":11803,"date":"2019-11-08T10:41:31","date_gmt":"2019-11-08T09:41:31","guid":{"rendered":"http:\/\/ksiegarnia-akademicka.pl\/?post_type=product&#038;p=11803"},"modified":"2024-12-03T13:39:08","modified_gmt":"2024-12-03T12:39:08","slug":"prawo-pracy-i-ubezpieczen-spolecznych-w-pigulce-2","status":"publish","type":"product","link":"http:\/\/ksiegarnia-akademicka.pl\/index.php\/product\/prawo-pracy-i-ubezpieczen-spolecznych-w-pigulce-2\/","title":{"rendered":"Prawo pracy i ubezpiecze\u0144 spo\u0142ecznych w pigu\u0142ce + testy online"},"content":{"rendered":"<p>Seria: W pigu\u0142ce<\/p>\n<p>Wydawca: C.H. Beck<br \/>\nOprawa: Mi\u0119kka<br \/>\nFormat: 14.5&#215;19.0cm<br \/>\nLiczba stron: 322<br \/>\nWydanie: 4<br \/>\nRok wydania: 2023<br \/>\nJ\u0119zyk wydania: polski<\/p>\n<p>Publikacja stanowi kompleksowe opracowanie do nauki i powt\u00f3rki przed egzaminem, kt\u00f3re zawiera najwa\u017cniejsze zagadnienia z zakresu prawa pracy i ubezpiecze\u0144 spo\u0142ecznych.<\/p>\n<p>Opracowanie uwzgl\u0119dnia stan prawny aktualny na dzie\u0144 15 maja 2023 r.<\/p>\n<p>Opracowanie zosta\u0142o podzielone na 2 dzia\u0142y tematyczne, w kt\u00f3rych znajdziesz 18 cz\u0119\u015bci omawiaj\u0105cych m.in:<\/p>\n<p>podstawowe poj\u0119cia i zasady prawa pracy,<br \/>\nnadz\u00f3r i kontrol\u0119 nad przestrzeganiem prawa pracy,<br \/>\nstosunek pracy,<br \/>\nwynagrodzenie za prac\u0119 oraz inne \u015bwiadczenia,<br \/>\nobowi\u0105zki pracodawcy i pracownika,<br \/>\nczas pracy,<br \/>\nurlopy pracownicze<br \/>\nbezpiecze\u0144stwo i higiena pracy,<br \/>\nsystem ubezpiecze\u0144 spo\u0142ecznych,<br \/>\nemerytury i renty z Funduszu Ubezpiecze\u0144 Spo\u0142ecznych,<br \/>\nubezpieczenie spo\u0142eczne z tytu\u0142u wypadk\u00f3w przy pracy i chor\u00f3b zawodowych,<br \/>\npost\u0119powanie w sprawach z zakresu ubezpiecze\u0144 spo\u0142ecznych.<br \/>\nNa ko\u0144cu ka\u017cdej z cz\u0119\u015bci znajduje test, dzi\u0119ki kt\u00f3remu mo\u017cesz sprawdzi\u0107 poziom zdobytej wiedzy.<\/p>\n","protected":false},"excerpt":{"rendered":"<p>Seria: W pigu\u0142ce Wydawca: C.H. Beck Oprawa: Mi\u0119kka Format: 14.5&#215;19.0cm [&hellip;]<\/p>\n","protected":false},"featured_media":16682,"template":"","meta":[],"product_brand":[],"product_cat":[18,7550,21],"product_tag":[793,6980,643],"class_list":{"0":"post-11803","1":"product","2":"type-product","3":"status-publish","4":"has-post-thumbnail","6":"product_cat-prawo","7":"product_cat-prawo-pracy","8":"product_cat-ubezpieczenia","9":"product_tag-prawo-pracy","10":"product_tag-seria-w-pigulce","11":"product_tag-ubezpieczenia-spoleczne","13":"first","14":"instock","15":"sale","16":"shipping-taxable","17":"purchasable","18":"product-type-simple"},"_links":{"self":[{"href":"http:\/\/ksiegarnia-akademicka.pl\/index.php\/wp-json\/wp\/v2\/product\/11803","targetHints":{"allow":["GET"]}}],"collection":[{"href":"http:\/\/ksiegarnia-akademicka.pl\/index.php\/wp-json\/wp\/v2\/product"}],"about":[{"href":"http:\/\/ksiegarnia-akademicka.pl\/index.php\/wp-json\/wp\/v2\/types\/product"}],"wp:featuredmedia":[{"embeddable":true,"href":"http:\/\/ksiegarnia-akademicka.pl\/index.php\/wp-json\/wp\/v2\/media\/16682"}],"wp:attachment":[{"href":"http:\/\/ksiegarnia-akademicka.pl\/index.php\/wp-json\/wp\/v2\/media?parent=11803"}],"wp:term":[{"taxonomy":"product_brand","embeddable":true,"href":"http:\/\/ksiegarnia-akademicka.pl\/index.php\/wp-json\/wp\/v2\/product_brand?post=11803"},{"taxonomy":"product_cat","embeddable":true,"href":"http:\/\/ksiegarnia-akademicka.pl\/index.php\/wp-json\/wp\/v2\/product_cat?post=11803"},{"taxonomy":"product_tag","embeddable":true,"href":"http:\/\/ksiegarnia-akademicka.pl\/index.php\/wp-json\/wp\/v2\/product_tag?post=11803"}],"curies":[{"name":"wp","href":"https:\/\/api.w.org\/{rel}","templated":true}]}}