{"id":11746,"date":"2019-10-28T09:29:24","date_gmt":"2019-10-28T08:29:24","guid":{"rendered":"http:\/\/ksiegarnia-akademicka.pl\/?post_type=product&#038;p=11746"},"modified":"2019-10-28T09:29:25","modified_gmt":"2019-10-28T08:29:25","slug":"tietz-medycyna-laboratoryjna-w-praktyce-tom-2-przypadki-kliniczne","status":"publish","type":"product","link":"http:\/\/ksiegarnia-akademicka.pl\/index.php\/product\/tietz-medycyna-laboratoryjna-w-praktyce-tom-2-przypadki-kliniczne\/","title":{"rendered":"Tietz Medycyna laboratoryjna w praktyce Tom 2 Przypadki kliniczne"},"content":{"rendered":"<p>Autor:<br \/>\nMitchell G. Scott<br \/>\nRedakcja: Wo\u017aniak Mieczys\u0142aw<br \/>\nT\u0142umacze: Sapa Agnieszka, Urbaniak Joanna, Wrzyszcz Aneta<br \/>\nWydawca: Medpharm<br \/>\nOprawa: Twarda<br \/>\nFormat: 17.0&#215;24.5cm<br \/>\nLiczba stron: 408<br \/>\nRok wydania: 2016<br \/>\nJ\u0119zyk wydania: polski<\/p>\n<p>Medycyna laboratoryjna jest niezb\u0119dnym narz\u0119dziem w pracy lekarzy praktyk\u00f3w. Umiej\u0119tny wyb\u00f3r metod badan laboratoryjnych i ich prawid\u0142owa interpretacja wp\u0142ywaj\u0105 na jako\u015b\u0107 leczenia pacjent\u00f3w \u2013 diagnoz\u0119, rokowanie i d\u0142ugookresowe planowanie terapii.<\/p>\n<p>Niniejszy podr\u0119cznik dostarcza pe\u0142nej wiedzy na temat zastosowania nowoczesnej medycyny laboratoryjnej w praktyce, przedstawionej jako zbi\u00f3r przypadk\u00f3w klinicznych.<br \/>\nOpisy przypadk\u00f3w zosta\u0142y uzupe\u0142nione o zagadnienia z zakresu diagnostyki uk\u0142ad\u00f3w i narz\u0105d\u00f3w, m.in. hematologii, hemostazy, dysfunkcji immunologicznych, diagnostyki molekularnej, czy toksykologicznej.<br \/>\nOpis ka\u017cdego przypadku rozpoczyna sie od przedstawienia historii choroby pacjenta oraz wynik\u00f3w badan laboratoryjnych. W dalszej cz\u0119\u015bci zosta\u0142y om\u00f3wione relacje pomi\u0119dzy wynikami, objawami choroby i rozpoznaniem r\u00f3\u017cnicowym. Ca\u0142o\u015b\u0107 uzupe\u0142niona jest opisem fizjopatologii choroby i sposobem leczenia.<br \/>\nPodr\u0119cznik zawiera ponadto informacje na temat zastosowania wielu nowych metod badan laboratoryjnych, nowych sposob\u00f3w leczenia, aktualnych zalece\u0144 dotycz\u0105cych prewencji opartej na u\u017cyciu laboratoryjnych test\u00f3w diagnostycznych i nowych algorytm\u00f3w post\u0119powania w medycynie laboratoryjnej.<br \/>\nPonadto zosta\u0142y przedstawione przyk\u0142adowe czynniki maj\u0105ce wp\u0142yw na powstawanie b\u0142\u0119d\u00f3w w procesie analitycznym, jak r\u00f3wniez w fazie niezale\u017cnej od tego procesu. Zrozumienie mechanizm\u00f3w interferencji i ich wp\u0142ywu na warto\u015b\u0107 mierzonego parametru pozwala na wyeliminowanie fa\u0142szywych wynik\u00f3w i uzyskanie wiarygodnej informacji o stanie zdrowia pacjenta.<\/p>\n<p>Mamy nadzieje, ze niniejsza ksi\u0105\u017cka pozwoli pog\u0142\u0119bi\u0107 wiedze na temat zastosowania medycyny laboratoryjnej opartej na dowodach naukowych w praktyce i b\u0119dzie przydatna w pracy zawodowej diagnost\u00f3w laboratoryjnych, patolog\u00f3w i lekarzy.<\/p>\n","protected":false},"excerpt":{"rendered":"<p>Autor: Mitchell G. Scott Redakcja: Wo\u017aniak Mieczys\u0142aw T\u0142umacze: Sapa Agnieszka, [&hellip;]<\/p>\n","protected":false},"featured_media":11747,"template":"","meta":[],"product_brand":[],"product_cat":[7493],"product_tag":[6148,3994,269],"class_list":{"0":"post-11746","1":"product","2":"type-product","3":"status-publish","4":"has-post-thumbnail","6":"product_cat-medycyna","7":"product_tag-diagnostyka-medyczna","8":"product_tag-medycyna","9":"product_tag-podrecznik-akademicki","11":"first","12":"instock","13":"sale","14":"shipping-taxable","15":"purchasable","16":"product-type-simple"},"_links":{"self":[{"href":"http:\/\/ksiegarnia-akademicka.pl\/index.php\/wp-json\/wp\/v2\/product\/11746","targetHints":{"allow":["GET"]}}],"collection":[{"href":"http:\/\/ksiegarnia-akademicka.pl\/index.php\/wp-json\/wp\/v2\/product"}],"about":[{"href":"http:\/\/ksiegarnia-akademicka.pl\/index.php\/wp-json\/wp\/v2\/types\/product"}],"wp:featuredmedia":[{"embeddable":true,"href":"http:\/\/ksiegarnia-akademicka.pl\/index.php\/wp-json\/wp\/v2\/media\/11747"}],"wp:attachment":[{"href":"http:\/\/ksiegarnia-akademicka.pl\/index.php\/wp-json\/wp\/v2\/media?parent=11746"}],"wp:term":[{"taxonomy":"product_brand","embeddable":true,"href":"http:\/\/ksiegarnia-akademicka.pl\/index.php\/wp-json\/wp\/v2\/product_brand?post=11746"},{"taxonomy":"product_cat","embeddable":true,"href":"http:\/\/ksiegarnia-akademicka.pl\/index.php\/wp-json\/wp\/v2\/product_cat?post=11746"},{"taxonomy":"product_tag","embeddable":true,"href":"http:\/\/ksiegarnia-akademicka.pl\/index.php\/wp-json\/wp\/v2\/product_tag?post=11746"}],"curies":[{"name":"wp","href":"https:\/\/api.w.org\/{rel}","templated":true}]}}