{"id":11641,"date":"2019-09-26T11:38:17","date_gmt":"2019-09-26T09:38:17","guid":{"rendered":"http:\/\/ksiegarnia-akademicka.pl\/?post_type=product&#038;p=11641"},"modified":"2024-12-04T16:08:05","modified_gmt":"2024-12-04T15:08:05","slug":"nocny-gosc","status":"publish","type":"product","link":"http:\/\/ksiegarnia-akademicka.pl\/index.php\/product\/nocny-gosc\/","title":{"rendered":"Nocny go\u015b\u0107"},"content":{"rendered":"<p>Krzysztof \u0106wikli\u0144ski<br \/>\nWydawnictwo Forma<br \/>\nformat\t21,0 x 13,5 cm<br \/>\nrok\t2019<br \/>\nstrony\t74<br \/>\noprawa\tbroszurowa<br \/>\nISBN\t978-83-66180-36-9<br \/>\nwydanie\t1<\/p>\n<p>Do domu kupca Szekspira przybywa Nieznajomy \u2013 arystokrata i polityczny gracz po stronie Tudor\u00f3w, cz\u0142owiek machiawelicznej inteligencji. W stopniowo ods\u0142anianej tajemnicy autorstwa sztuk sygnowanych nazwiskiem stratfordczyka kryje si\u0119 splot ambicji, zbrodni i fa\u0142szerstwa. Diabelska moc polityki wci\u0105ga w tryby manipulacji pisarzy pozostaj\u0105cych w \u015bcis\u0142ej zale\u017cno\u015bci od mo\u017cnego protektora. Nocny go\u015b\u0107 zach\u0119ca do refleksji nad pozorem prawdy, nad iluzorycznymi mniemaniami kreowanymi na u\u017cytek politycznej pragmatyki. Skoro nie spos\u00f3b dociec, jak si\u0119 mia\u0142a sprawa z Szekspirem, pozostaje domys\u0142 podsuwany przez wyobra\u017ani\u0119. By\u0107 mo\u017ce skuteczne pos\u0142ugiwanie si\u0119 k\u0142amstwem by\u0142o niezb\u0119dne, by przetrwa\u0107 w niebezpiecznym \u015bwiecie el\u017cbieta\u0144skiej Anglii. W ko\u0144cu oszukuj\u0105 wszyscy: Nieznajomy jako ukryty re\u017cyser dzie\u0142a, Szekspir jako wykonawca g\u0142\u00f3wnej w nim roli i nieobecny Marlowe jako utajniony geniusz epoki.<br \/>\nKrystyna Latawiec<\/p>\n","protected":false},"excerpt":{"rendered":"<p>Krzysztof \u0106wikli\u0144ski Wydawnictwo Forma format 21,0 x 13,5 cm rok [&hellip;]<\/p>\n","protected":false},"featured_media":11642,"template":"","meta":[],"product_brand":[],"product_cat":[7629,7707],"product_tag":[6300,7926],"class_list":{"0":"post-11641","1":"product","2":"type-product","3":"status-publish","4":"has-post-thumbnail","6":"product_cat-filologia-polska","7":"product_cat-literatura","8":"product_tag-literatura-polska","9":"product_tag-william-szekspir","11":"first","12":"instock","13":"sale","14":"shipping-taxable","15":"purchasable","16":"product-type-simple"},"_links":{"self":[{"href":"http:\/\/ksiegarnia-akademicka.pl\/index.php\/wp-json\/wp\/v2\/product\/11641","targetHints":{"allow":["GET"]}}],"collection":[{"href":"http:\/\/ksiegarnia-akademicka.pl\/index.php\/wp-json\/wp\/v2\/product"}],"about":[{"href":"http:\/\/ksiegarnia-akademicka.pl\/index.php\/wp-json\/wp\/v2\/types\/product"}],"wp:featuredmedia":[{"embeddable":true,"href":"http:\/\/ksiegarnia-akademicka.pl\/index.php\/wp-json\/wp\/v2\/media\/11642"}],"wp:attachment":[{"href":"http:\/\/ksiegarnia-akademicka.pl\/index.php\/wp-json\/wp\/v2\/media?parent=11641"}],"wp:term":[{"taxonomy":"product_brand","embeddable":true,"href":"http:\/\/ksiegarnia-akademicka.pl\/index.php\/wp-json\/wp\/v2\/product_brand?post=11641"},{"taxonomy":"product_cat","embeddable":true,"href":"http:\/\/ksiegarnia-akademicka.pl\/index.php\/wp-json\/wp\/v2\/product_cat?post=11641"},{"taxonomy":"product_tag","embeddable":true,"href":"http:\/\/ksiegarnia-akademicka.pl\/index.php\/wp-json\/wp\/v2\/product_tag?post=11641"}],"curies":[{"name":"wp","href":"https:\/\/api.w.org\/{rel}","templated":true}]}}