{"id":116,"date":"2018-05-22T12:40:48","date_gmt":"2018-05-22T10:40:48","guid":{"rendered":"http:\/\/ksiegarnia-akademicka.pl\/index.php\/product\/rownania-rozniczkowe-zwyczajne-teoria-przyklady-zadania\/"},"modified":"2022-11-17T14:18:59","modified_gmt":"2022-11-17T13:18:59","slug":"rownania-rozniczkowe-zwyczajne-teoria-przyklady-zadania","status":"publish","type":"product","link":"http:\/\/ksiegarnia-akademicka.pl\/index.php\/product\/rownania-rozniczkowe-zwyczajne-teoria-przyklady-zadania\/","title":{"rendered":"R\u00f3wnania r\u00f3\u017cniczkowe zwyczajne. Teoria, przyk\u0142ady, zadania"},"content":{"rendered":"<p>M. Gewert, Z. Skoczylas Gewert i Skoczylas 2022 <\/br><\/br><\/p>\n<p>&nbsp;Podr\u0119cznik przeznaczony jest dla student&oacute;w politechnik. W podr\u0119czniku<br \/>\nom&oacute;wiono r&oacute;wnania r&oacute;\u017cniczkowe zwyczajne rz\u0119du pierwszego, r&oacute;wnania<br \/>\nr&oacute;\u017cniczkowe liniowe wy\u017cszych rz\u0119d&oacute;w, uk\u0142ady r&oacute;wna\u0144 r&oacute;\u017cniczkowych<br \/>\nliniowych rz\u0119du pierwszego oraz elementy rachunku operatorowego. Do<br \/>\nwszytkich definicji i twierdze\u0144 do\u0142\u0105czono \u0107wiczenia. Odpowiedzi do<br \/>\n\u0107wicze\u0144 umieszczone s\u0105 na ko\u0144cu ka\u017cdego rozdzia\u0142u. Ponadto podr\u0119cznik<br \/>\nzawiera przyk\u0142ady z pe\u0142nymi rozwi\u0105zaniami oraz podobne zadania<br \/>\nprzeznaczone do samodzielnej pracy. Przyk\u0142ady i zadania s\u0105 ilustracj\u0105<br \/>\nmateria\u0142u teoretycznego zawartego w podr\u0119czniku. Do wszystkich zada\u0144<br \/>\npodane s\u0105 odpowiedzi lub wskaz&oacute;wki.<\/p>\n<p><\/br><\/br>pozycja dost\u0119pna<\/p>\n","protected":false},"excerpt":{"rendered":"<p>M. Gewert, Z. Skoczylas Gewert i Skoczylas 2022 &nbsp;Podr\u0119cznik przeznaczony [&hellip;]<\/p>\n","protected":false},"featured_media":9043,"template":"","meta":[],"product_brand":[],"product_cat":[7519,35],"product_tag":[253,252],"class_list":{"0":"post-116","1":"product","2":"type-product","3":"status-publish","4":"has-post-thumbnail","6":"product_cat-matematyka","7":"product_cat-matematyka-i-jej-zastosowania","8":"product_tag-matematyka","9":"product_tag-matematyka-dla-studentow-politechnik","11":"first","12":"instock","13":"sale","14":"shipping-taxable","15":"purchasable","16":"product-type-simple"},"_links":{"self":[{"href":"http:\/\/ksiegarnia-akademicka.pl\/index.php\/wp-json\/wp\/v2\/product\/116","targetHints":{"allow":["GET"]}}],"collection":[{"href":"http:\/\/ksiegarnia-akademicka.pl\/index.php\/wp-json\/wp\/v2\/product"}],"about":[{"href":"http:\/\/ksiegarnia-akademicka.pl\/index.php\/wp-json\/wp\/v2\/types\/product"}],"wp:featuredmedia":[{"embeddable":true,"href":"http:\/\/ksiegarnia-akademicka.pl\/index.php\/wp-json\/wp\/v2\/media\/9043"}],"wp:attachment":[{"href":"http:\/\/ksiegarnia-akademicka.pl\/index.php\/wp-json\/wp\/v2\/media?parent=116"}],"wp:term":[{"taxonomy":"product_brand","embeddable":true,"href":"http:\/\/ksiegarnia-akademicka.pl\/index.php\/wp-json\/wp\/v2\/product_brand?post=116"},{"taxonomy":"product_cat","embeddable":true,"href":"http:\/\/ksiegarnia-akademicka.pl\/index.php\/wp-json\/wp\/v2\/product_cat?post=116"},{"taxonomy":"product_tag","embeddable":true,"href":"http:\/\/ksiegarnia-akademicka.pl\/index.php\/wp-json\/wp\/v2\/product_tag?post=116"}],"curies":[{"name":"wp","href":"https:\/\/api.w.org\/{rel}","templated":true}]}}