{"id":11590,"date":"2019-09-09T10:44:00","date_gmt":"2019-09-09T08:44:00","guid":{"rendered":"http:\/\/ksiegarnia-akademicka.pl\/?post_type=product&#038;p=11590"},"modified":"2024-12-04T16:09:33","modified_gmt":"2024-12-04T15:09:33","slug":"pelnomocnictwo-prokura-reprezentacja-stron-umow-w-obrocie-nieruchomosciami","status":"publish","type":"product","link":"http:\/\/ksiegarnia-akademicka.pl\/index.php\/product\/pelnomocnictwo-prokura-reprezentacja-stron-umow-w-obrocie-nieruchomosciami\/","title":{"rendered":"Pe\u0142nomocnictwo, prokura, reprezentacja stron um\u00f3w w obrocie nieruchomo\u015bciami"},"content":{"rendered":"<p>Autor:<br \/>\nWojciech Gonet<br \/>\nWydawca: Wolters Kluwer<br \/>\nOprawa: Twarda<br \/>\nLiczba stron: 540<br \/>\nWydanie: 1<br \/>\nRok wydania: 2019<br \/>\nJ\u0119zyk wydania: polski<\/p>\n<p>W publikacji przestawiono zasady w\u0142a\u015bciwej reprezentacji r\u00f3\u017cnych podmiot\u00f3w (w tym: Skarbu Pa\u0144stwa, przedsi\u0119biorc\u00f3w w upad\u0142o\u015bci, przedsi\u0119biorc\u00f3w realizuj\u0105cych post\u0119powanie restrukturyzacyjne, sp\u00f3\u0142ek prawa handlowego, jednostek samorz\u0105du terytorialnego, os\u00f3b ma\u0142oletnich, os\u00f3b ubezw\u0142asnowolnionych ca\u0142kowicie i cz\u0119\u015bciowo) przy zawieraniu um\u00f3w zwi\u0105zanych z obrotem nieruchomo\u015bciami oraz wyja\u015bniono zasady udzielania zg\u00f3d wymaganych do dokonania przedmiotowych czynno\u015bci i form\u0119 w\u0142a\u015bciw\u0105 dla przedmiotowych zg\u00f3d.<\/p>\n<p>Autor omawia r\u00f3wnie\u017c problematyk\u0119 formy sporz\u0105dzanego za granic\u0105 pe\u0142nomocnictwa do zawarcia w Polsce umowy maj\u0105cej za przedmiot nieruchomo\u015b\u0107, zasad jego legalizacji oraz stosowania prawa w\u0142a\u015bciwego do podmiot\u00f3w zagranicznych dokonuj\u0105cych czynno\u015bci prawnych zwi\u0105zanych z obrotem nieruchomo\u015bciami na terenie Rzeczypospolitej Polskiej.<\/p>\n<p>Przedstawione zasady reprezentacji r\u00f3\u017cnych podmiot\u00f3w dotycz\u0105 wszystkich um\u00f3w, wobec czego opracowanie b\u0119dzie pomocne tak\u017ce przy zawieraniu um\u00f3w innych ni\u017c zwi\u0105zanych z nieruchomo\u015bciami. Poruszono m.in. zagadnienie zawierania um\u00f3w z \u201esamym sob\u0105\u201d, w tym problem mo\u017cliwo\u015bci zawarcia umowy innej ni\u017c o prac\u0119 pomi\u0119dzy gmin\u0105 a jej w\u00f3jtem.<\/p>\n","protected":false},"excerpt":{"rendered":"<p>Autor: Wojciech Gonet Wydawca: Wolters Kluwer Oprawa: Twarda Liczba stron: [&hellip;]<\/p>\n","protected":false},"featured_media":11591,"template":"","meta":[],"product_brand":[],"product_cat":[7491,34,18],"product_tag":[705,615,6259,7925],"class_list":{"0":"post-11590","1":"product","2":"type-product","3":"status-publish","4":"has-post-thumbnail","6":"product_cat-cywilne","7":"product_cat-nieruchomosci","8":"product_cat-prawo","9":"product_tag-nieruchomosci","10":"product_tag-prawo-cywilne","11":"product_tag-prawo-o-nieruchomosciach","12":"product_tag-prokura","14":"first","15":"instock","16":"sale","17":"shipping-taxable","18":"purchasable","19":"product-type-simple"},"_links":{"self":[{"href":"http:\/\/ksiegarnia-akademicka.pl\/index.php\/wp-json\/wp\/v2\/product\/11590","targetHints":{"allow":["GET"]}}],"collection":[{"href":"http:\/\/ksiegarnia-akademicka.pl\/index.php\/wp-json\/wp\/v2\/product"}],"about":[{"href":"http:\/\/ksiegarnia-akademicka.pl\/index.php\/wp-json\/wp\/v2\/types\/product"}],"wp:featuredmedia":[{"embeddable":true,"href":"http:\/\/ksiegarnia-akademicka.pl\/index.php\/wp-json\/wp\/v2\/media\/11591"}],"wp:attachment":[{"href":"http:\/\/ksiegarnia-akademicka.pl\/index.php\/wp-json\/wp\/v2\/media?parent=11590"}],"wp:term":[{"taxonomy":"product_brand","embeddable":true,"href":"http:\/\/ksiegarnia-akademicka.pl\/index.php\/wp-json\/wp\/v2\/product_brand?post=11590"},{"taxonomy":"product_cat","embeddable":true,"href":"http:\/\/ksiegarnia-akademicka.pl\/index.php\/wp-json\/wp\/v2\/product_cat?post=11590"},{"taxonomy":"product_tag","embeddable":true,"href":"http:\/\/ksiegarnia-akademicka.pl\/index.php\/wp-json\/wp\/v2\/product_tag?post=11590"}],"curies":[{"name":"wp","href":"https:\/\/api.w.org\/{rel}","templated":true}]}}