{"id":11583,"date":"2019-09-06T09:50:57","date_gmt":"2019-09-06T07:50:57","guid":{"rendered":"http:\/\/ksiegarnia-akademicka.pl\/?post_type=product&#038;p=11583"},"modified":"2019-09-06T09:52:33","modified_gmt":"2019-09-06T07:52:33","slug":"infrastruktura-transportu-europa-polska-teoria-i-praktyka","status":"publish","type":"product","link":"http:\/\/ksiegarnia-akademicka.pl\/index.php\/product\/infrastruktura-transportu-europa-polska-teoria-i-praktyka\/","title":{"rendered":"Infrastruktura transportu Europa, Polska \u2013 teoria i praktyka"},"content":{"rendered":"<p>Autor:<br \/>\nKrystyna Wojew\u00f3dzka-Kr\u00f3l<br \/>\nWydawca: Wydawnictwo Naukowe PWN<br \/>\nOprawa: Mi\u0119kka<br \/>\nFormat: 16.5&#215;23.5<br \/>\nLiczba stron: 456<br \/>\nWydanie: 1<br \/>\nRok wydania: 2019<br \/>\nJ\u0119zyk wydania: polski<\/p>\n<p>Infrastruktura transportu jest podstaw\u0105 rozwoju spo\u0142eczno-gospodarczego, wp\u0142ywa bowiem mi\u0119dzy in. na:<br \/>\natrakcyjno\u015b\u0107 lokalizacyjn\u0105 region\u00f3w koszty transportu, a w efekcie koszty dostaw i dystrybucji towar\u00f3w korzy\u015bci skali produkcji, umo\u017cliwiaj\u0105c dost\u0119p do coraz bardziej odleg\u0142ych rynk\u00f3w zaopatrzenia i zbytu mo\u017cliwo\u015bci transferu nowoczesnych technologii produkcyjnych koszty pozyskiwania przez przedsi\u0119biorc\u00f3w zasob\u00f3w pracy standard \u017cycia ludno\u015bci Prezentowana ksi\u0105\u017cka w spos\u00f3b kompleksowy i aktualny ujmuje najistotniejsze zagadnienia zwi\u0105zane z t\u0105 tematyk\u0105.<br \/>\nKsi\u0105\u017ck\u0119 t\u0119 charakteryzuj\u0105:<br \/>\nuniwersalizm i kompleksowo\u015b\u0107 (przedstawia z\u0142o\u017cone wsp\u00f3\u0142zale\u017cno\u015bci system\u00f3w transportowych i gospodarki pa\u0144stwa, region\u00f3w itd.),<br \/>\naktualno\u015b\u0107 i aplikacyjno\u015b\u0107 (prezentuje najnowsze do\u015bwiadczenia unijnej polityki transportowej i kierunki rozwoju infrastruktury transportu ) fachowo\u015b\u0107 (autorzy s\u0105 specjalistami o wielkim dorobku naukowo-badawczym i dydaktycznym w zakresie infrastruktury transportu). Ksi\u0105\u017cka Infrastruktura transportu (\u2026) jest w swojej formie i tre\u015bci dostosowana do nowych wyzwa\u0144, takich jak:<br \/>\nglobalizacja i regionalizacja innowacyjno\u015b\u0107 zr\u00f3wnowa\u017cony rozw\u00f3j Jest to podr\u0119cznik akademicki, kierowany jednak nie tylko do student\u00f3w uczelni technicznych i ekonomicznych (kierunek Transport i pokrewne), ale r\u00f3wnie\u017c przez swoje walory aplikacyjne \u2013 do biznesu: firm consultingowych z bran\u017cy TSL, biur projektowych itd.<\/p>\n","protected":false},"excerpt":{"rendered":"<p>Autor: Krystyna Wojew\u00f3dzka-Kr\u00f3l Wydawca: Wydawnictwo Naukowe PWN Oprawa: Mi\u0119kka Format: [&hellip;]<\/p>\n","protected":false},"featured_media":11584,"template":"","meta":[],"product_brand":[],"product_cat":[7535],"product_tag":[642,3755],"class_list":{"0":"post-11583","1":"product","2":"type-product","3":"status-publish","4":"has-post-thumbnail","6":"product_cat-transport-2","7":"product_tag-transport","8":"product_tag-transport-miedzynarodowy","10":"first","11":"instock","12":"sale","13":"shipping-taxable","14":"purchasable","15":"product-type-simple"},"_links":{"self":[{"href":"http:\/\/ksiegarnia-akademicka.pl\/index.php\/wp-json\/wp\/v2\/product\/11583","targetHints":{"allow":["GET"]}}],"collection":[{"href":"http:\/\/ksiegarnia-akademicka.pl\/index.php\/wp-json\/wp\/v2\/product"}],"about":[{"href":"http:\/\/ksiegarnia-akademicka.pl\/index.php\/wp-json\/wp\/v2\/types\/product"}],"wp:featuredmedia":[{"embeddable":true,"href":"http:\/\/ksiegarnia-akademicka.pl\/index.php\/wp-json\/wp\/v2\/media\/11584"}],"wp:attachment":[{"href":"http:\/\/ksiegarnia-akademicka.pl\/index.php\/wp-json\/wp\/v2\/media?parent=11583"}],"wp:term":[{"taxonomy":"product_brand","embeddable":true,"href":"http:\/\/ksiegarnia-akademicka.pl\/index.php\/wp-json\/wp\/v2\/product_brand?post=11583"},{"taxonomy":"product_cat","embeddable":true,"href":"http:\/\/ksiegarnia-akademicka.pl\/index.php\/wp-json\/wp\/v2\/product_cat?post=11583"},{"taxonomy":"product_tag","embeddable":true,"href":"http:\/\/ksiegarnia-akademicka.pl\/index.php\/wp-json\/wp\/v2\/product_tag?post=11583"}],"curies":[{"name":"wp","href":"https:\/\/api.w.org\/{rel}","templated":true}]}}