{"id":11566,"date":"2019-09-04T11:15:28","date_gmt":"2019-09-04T09:15:28","guid":{"rendered":"http:\/\/ksiegarnia-akademicka.pl\/?post_type=product&#038;p=11566"},"modified":"2023-10-27T10:58:28","modified_gmt":"2023-10-27T08:58:28","slug":"linie-kolejowe","status":"publish","type":"product","link":"http:\/\/ksiegarnia-akademicka.pl\/index.php\/product\/linie-kolejowe\/","title":{"rendered":"Linie kolejowe"},"content":{"rendered":"<p>T. Basiewicz<br \/>\nM. Jacyna<br \/>\nL. Rudzi\u0144ski<br \/>\nWydawnictwo: OWPW<br \/>\nW publikacji podano podstawy zasad kszta\u0142towania geometrii toru kolejowego, a tak\u017ce opis konstrukcji nawierzchni kolejowej oraz jej poszczeg\u00f3lnych element\u00f3w, systematyk\u0119 stacji, wyposa\u017cenie infrastruktury kolejowej dostosowanej do du\u017cych pr\u0119dko\u015bci poci\u0105g\u00f3w pasa\u017cerskich i towarowych, ze szczeg\u00f3lnym uwzgl\u0119dnieniem przewoz\u00f3w kombinowanych.<br \/>\nWydanie: 4, 2015<br \/>\nStron: 198 + 8 wk<br \/>\nISBN: 978-83-7207-742-4<\/p>\n<p>Wst\u0119p<br \/>\n1. Wiadomo\u015bci og\u00f3lne<br \/>\n   1.1. Podstawowe poj\u0119cia<br \/>\n    1.2. Skrzy\u017cowania linii kolejowych z drogami publicznymi w jednym poziomie<br \/>\n2. Kszta\u0142towanie geometrii toru kolejowego w funkcji pr\u0119dko\u015bci poci\u0105g\u00f3w<br \/>\n    2.1. Podstawowe r\u00f3wnania kszta\u0142towania geometrii toru<br \/>\n    2.2. Wzory praktyczne<br \/>\n3. Nawierzchnia kolejowa i podtorze<br \/>\n    3.1. Praca nawierzchni kolejowej i podtorza pod obci\u0105\u017ceniem eksploatacyjnym<br \/>\n    3.2. Konstrukcja nawierzchni kolejowej i podtorza<br \/>\n    3.3. Obiekty in\u017cynierskie<br \/>\n4. Rozjazdy<br \/>\n    4.1. Rodzaje i charakterystyki rozjazd\u00f3w<br \/>\n    4.2. Rozjazd zwyczajny<br \/>\n    4.3. Rozjazdy krzy\u017cowe<br \/>\n    4.4. Obrotnice i przesuwnice<br \/>\n5. Utrzymanie nawierzchni i tor\u00f3w<br \/>\n    5.1. Ocena stanu nawierzchni i toru<br \/>\n    5.2. Rodzaje i zakresy napraw nawierzchni i tor\u00f3w<br \/>\n    5.3. Technologia wykonywania napraw<br \/>\n6. Elementy uk\u0142ad\u00f3w stacji<br \/>\n    6.1. Rodzaje i numeracja tor\u00f3w<br \/>\n    6.2. D\u0142ugo\u015bci tor\u00f3w<br \/>\n    6.3. \u017beberka ochronne<br \/>\n    6.4. \u0141uki ko\u0142owe (w planie)<br \/>\n    6.5. Pochylenia tor\u00f3w i za\u0142omy profilu pod\u0142u\u017cnego<br \/>\n    6.6. Rozstawy tor\u00f3w<br \/>\n    6.7. Zmiany rozstawu tor\u00f3w<br \/>\n    6.8. Ukresy<br \/>\n    6.9. Drogi zwrotnicowe<br \/>\n    6.10. Wstawki proste<br \/>\n    6.11. Perony<br \/>\n    6.12. Przej\u015bcia przez tory<br \/>\n    6.13. Schody i pochylnie<br \/>\n7. Kszta\u0142towanie schemat\u00f3w funkcjonalnych stacji<br \/>\n    7.1. Wymagania funkcjonalne i budowlane<br \/>\n    7.2. Wyznaczanie liczby tor\u00f3w na stacji<br \/>\n    7.3. Dopuszczalno\u015b\u0107 krzy\u017cowa\u0144 jazd sprzecznych na stacji<br \/>\n    7.4. Rozwi\u0105zanie r\u00f3\u017cnopoziomowego skrzy\u017cowania tor\u00f3w na podej\u015bciu do stacji<br \/>\n8. Du\u017ce stacje i terminale<br \/>\n    8.1. Du\u017ce stacje osobowe<br \/>\n    8.2. Stacje postojowe dla sk\u0142ad\u00f3w poci\u0105g\u00f3w pasa\u017cerskich<br \/>\n    8.3. Stacje \u0142adunkowe (terminale)<br \/>\n    8.4. Stacje obs\u0142ugi przemys\u0142u<br \/>\n    8.5.  Stacje rozrz\u0105dowe<br \/>\n9. W\u0119z\u0142y kolejowe<br \/>\n10. Metodyczne zasady projektowania nowych lub modernizowanych linii kolejowych<br \/>\n    10.1. Stadia projektowania<br \/>\n    10.2. Podstawowe materia\u0142y wyj\u015bciowe dla studi\u00f3w przedprojektowych i projektowania technicznego<br \/>\n    10.3. Ochrona \u015brodowiska i istniej\u0105cej infrastruktury<br \/>\n    10.4. Kszta\u0142towanie uk\u0142ad\u00f3w torowych przy modernizacji linii kolejowych<br \/>\n11. Przyk\u0142adowe projekty wybranych element\u00f3w linii kolejowej<br \/>\n    11.1. Zakres wykonywanych projekt\u00f3w<br \/>\n    11.2. Charakterystyka wybranych sk\u0142adnik\u00f3w projektu<br \/>\n    11.3. Przyk\u0142adowy projekt odcinka trasy linii kolejowej na przyk\u0142adzie \u0142\u0105cznicy kolejowej<br \/>\n    11.4. Przyk\u0142adowy projekt stacji w\u0119z\u0142owej<br \/>\nLiteratura zalecana<\/p>\n","protected":false},"excerpt":{"rendered":"<p>T. Basiewicz M. Jacyna L. Rudzi\u0144ski Wydawnictwo: OWPW W publikacji [&hellip;]<\/p>\n","protected":false},"featured_media":11567,"template":"","meta":[],"product_brand":[],"product_cat":[41,7535,7923],"product_tag":[150],"class_list":{"0":"post-11566","1":"product","2":"type-product","3":"status-publish","4":"has-post-thumbnail","6":"product_cat-nauki-techniczne","7":"product_cat-transport-2","8":"product_cat-transport-kolejowy","9":"product_tag-transport-kolejowy","11":"first","12":"outofstock","13":"shipping-taxable","14":"purchasable","15":"product-type-simple"},"_links":{"self":[{"href":"http:\/\/ksiegarnia-akademicka.pl\/index.php\/wp-json\/wp\/v2\/product\/11566","targetHints":{"allow":["GET"]}}],"collection":[{"href":"http:\/\/ksiegarnia-akademicka.pl\/index.php\/wp-json\/wp\/v2\/product"}],"about":[{"href":"http:\/\/ksiegarnia-akademicka.pl\/index.php\/wp-json\/wp\/v2\/types\/product"}],"wp:featuredmedia":[{"embeddable":true,"href":"http:\/\/ksiegarnia-akademicka.pl\/index.php\/wp-json\/wp\/v2\/media\/11567"}],"wp:attachment":[{"href":"http:\/\/ksiegarnia-akademicka.pl\/index.php\/wp-json\/wp\/v2\/media?parent=11566"}],"wp:term":[{"taxonomy":"product_brand","embeddable":true,"href":"http:\/\/ksiegarnia-akademicka.pl\/index.php\/wp-json\/wp\/v2\/product_brand?post=11566"},{"taxonomy":"product_cat","embeddable":true,"href":"http:\/\/ksiegarnia-akademicka.pl\/index.php\/wp-json\/wp\/v2\/product_cat?post=11566"},{"taxonomy":"product_tag","embeddable":true,"href":"http:\/\/ksiegarnia-akademicka.pl\/index.php\/wp-json\/wp\/v2\/product_tag?post=11566"}],"curies":[{"name":"wp","href":"https:\/\/api.w.org\/{rel}","templated":true}]}}