{"id":11549,"date":"2019-09-03T13:29:48","date_gmt":"2019-09-03T11:29:48","guid":{"rendered":"http:\/\/ksiegarnia-akademicka.pl\/?post_type=product&#038;p=11549"},"modified":"2024-12-04T16:09:55","modified_gmt":"2024-12-04T15:09:55","slug":"kodeks-postepowania-cywilnego-komentarz-do-zmian","status":"publish","type":"product","link":"http:\/\/ksiegarnia-akademicka.pl\/index.php\/product\/kodeks-postepowania-cywilnego-komentarz-do-zmian\/","title":{"rendered":"Kodeks post\u0119powania cywilnego. Komentarz do zmian"},"content":{"rendered":"<p>Autor: adw. Stefan Jaworski<br \/>\nSeria: Komentarze &amp; Linia orzecznicza<br \/>\nRok wydania: 2019<br \/>\nISBN: 978-83-8128-540-7<br \/>\nLiczba stron: 512<br \/>\nOprawa: Mi\u0119kka<br \/>\nWaga: 560 g<\/p>\n<p>Komentarz do zmian omawia wszystkie przepisy zmienione przez ustaw\u0119 z 4.7.2019 r. o zmianie ustawy \u2013 Kodeks post\u0119powania cywilnego oraz innych ustaw, a tak\u017ce zmiany wynikaj\u0105ce z innych ustaw nowelizuj\u0105cych i aktualnych projekt\u00f3w. Ustawa z 4.7.2019 r. usprawnia post\u0119powanie w sprawach cywilnych i skraca czas rozpoznania spraw przez s\u0105dy cywilne \u2013 st\u0105d wiele zmian dotyczy nowej organizacji pracy s\u0105du oraz na\u0142o\u017cenia na strony \u2013 w tym pe\u0142nomocnik\u00f3w procesowych \u2013 nowych obowi\u0105zk\u00f3w. Zobacz, jak wiele si\u0119 zmienia. Sprawd\u017a szczeg\u00f3\u0142ow\u0105 tabel\u0119 &gt;<\/p>\n<p>G\u0142\u00f3wne zalety publikacji:<\/p>\n<p>zawiera dwustan prawny, tzn. dotychczas obowi\u0105zuj\u0105ce przepisy KPC zestawione zosta\u0142y z przepisami zmienionymi,<br \/>\nszczeg\u00f3\u0142owo komentuje przepisy, kt\u00f3re uleg\u0142y zmianie,<br \/>\nw spos\u00f3b jasny wyja\u015bnia podstawowe problemy zwi\u0105zane ze stosowaniem nowych przepis\u00f3w,<br \/>\npozwala szybko wdro\u017cy\u0107 si\u0119 w zakres zmian i oceni\u0107, jakie s\u0105 konsekwencje wej\u015bcia w \u017cycie nowych przepis\u00f3w z punktu widzenia pe\u0142nomocnika procesowego,<br \/>\nzawiera wyr\u00f3\u017cnione elementy \u201eWa\u017cne dla praktyki\u201d, kt\u00f3re podkre\u015blaj\u0105 szczeg\u00f3lnie istotne kwestie,<br \/>\nzawiera Linie orzecznicze \u2013 gdzie wskazano orzeczenia, kt\u00f3re zachowuj\u0105 swoj\u0105 aktualno\u015b\u0107 po wej\u015bciu w \u017cycie zmian,<br \/>\nstanowi doskona\u0142e narz\u0119dzie pracy dla pe\u0142nomocnik\u00f3w procesowych,<br \/>\nzawiera dost\u0119p do wybranych akt\u00f3w prawnych online.<br \/>\nNajistotniejsze zmiany dotycz\u0105:<\/p>\n<p>organizacji post\u0119powania w sprawach cywilnych \u2013 poprzez: wprowadzenie fazy post\u0119powania przygotowawczego i tzw. planu rozprawy oraz wi\u0119kszego rygoryzmu dla pe\u0142nomocnik\u00f3w procesowych zwi\u0105zanego z: przygotowaniem pozwu, odpowiedzi na pozew, pow\u00f3dztwa wzajemnego i pism przygotowawczych oraz obecno\u015bci\u0105 stron, kt\u00f3re to instrumenty maj\u0105 doprowadzi\u0107 do rozstrzygni\u0119cia przez s\u0105d sprawy na pierwszej rozprawie,<br \/>\nzg\u0142aszania twierdze\u0144 i wniosk\u00f3w dowodowych \u2013 na pe\u0142nomocnik\u00f3w procesowych na\u0142o\u017cono bardziej rygorystyczne ograniczenia czasowe w kwestii zg\u0142aszania twierdze\u0144 i wniosk\u00f3w dowodowych podczas sporz\u0105dzania planu rozprawy pod rygorem ich oddalenia,<br \/>\nprecyzyjnego formu\u0142owania przez stron\u0119 i pe\u0142nomocnik\u00f3w wniosk\u00f3w dowodowych tak by mo\u017cna im by\u0142o szybko nada\u0107 bieg lub oddali\u0107,<br \/>\nzwi\u0119kszenia aktywno\u015bci stron i ich pe\u0142nomocnik\u00f3w procesowych przy przeprowadzaniu dowod\u00f3w np. poprzez wywieranie wp\u0142ywu na \u015bwiadka by stawi\u0142 si\u0119 w s\u0105dzie,<br \/>\nodformalizowania zasad post\u0119powania dowodowego dotycz\u0105cych: dowodu z dokumentu, dowodu z zezna\u0144 \u015bwiadka, dowodu z opinii bieg\u0142ego, wykorzystania opinii pozas\u0105dowych,<br \/>\nuzasadniania wyrok\u00f3w z urz\u0119du \u2013 poprzez wprowadzenie regu\u0142y uzasadniania wyrok\u00f3w wy\u0142\u0105cznie na wniosek z\u0142o\u017cony przez stron\u0119 lub jej pe\u0142nomocnika z wszystkimi konsekwencjami zwi\u0105zanymi z terminem do z\u0142o\u017cenia takiego wniosku i jego kosztami,<br \/>\nmo\u017cliwo\u015bci wydania wyroku zaocznego w sytuacji braku zainteresowania spraw\u0105 przez stron\u0119 lub jej pe\u0142nomocnika procesowego,<br \/>\nprzeciwdzia\u0142ania nadu\u017cyciu prawa procesowego poprzez stron\u0119 lub jej pe\u0142nomocnika procesowego w sytuacjach wnoszenia: pozw\u00f3w oczywi\u015bcie bezzasadnych oraz pism procesowych z nieskonkretyzowanym \u017c\u0105daniem, nieuzasadnionych: wniosk\u00f3w o wy\u0142\u0105czenie s\u0119dziego, za\u017cale\u0144 lub wniosk\u00f3w o sprostowanie lub uzupe\u0142nienie wyroku poprzez wymierzenie grzywny, na\u0142o\u017cenie dodatkowych koszt\u00f3w procesu lub podwy\u017cszenie stopy nale\u017cnych stronie przeciwnej odsetek od \u015bwiadczenia,<br \/>\nwprowadzenia szczeg\u00f3lnego, szybkiego trybu post\u0119powania w odniesieniu do pozw\u00f3w oczywi\u015bcie bezzasadnych co wp\u0142ynie na lepsz\u0105 organizacj\u0119 pracy s\u0105d\u00f3w,<br \/>\npost\u0119powania apelacyjnego w zakresie: kontroli formalnej apelacji przez s\u0105d odwo\u0142awczy, tre\u015bci apelacji, post\u0119powania dowodowego przed s\u0105dem apelacyjnym, wnoszenia apelacji od wyroku wydanego po wniesieniu pow\u00f3dztwa oczywi\u015bcie bezzasadnego,<br \/>\nkomunikacji s\u0105du ze stronami i ich pe\u0142nomocnikami procesowymi poprzez: wskaz\u00f3wki s\u0105du dla stron, uprzedzenie o podstawie prawnej przez s\u0105d, dodatkowe mo\u017cliwo\u015bci obci\u0105\u017cenia kosztami procesu np. poprzez na\u0142o\u017cenie op\u0142aty od rozszerzenia pow\u00f3dztwa oraz odsetek od koszt\u00f3w procesu, a tak\u017ce usprawnienie systemu dor\u0119cze\u0144,<br \/>\nwprowadzenia odr\u0119bnego post\u0119powania w sprawach gospodarczych, w kt\u00f3rym stosuje si\u0119 kr\u00f3tsze terminy na dokonanie pewnych czynno\u015bci procesowych jak: zg\u0142oszenie wniosk\u00f3w dowodowych i twierdze\u0144 przez stron\u0119 lub pe\u0142nomocnika, wznowienie lub umorzenie post\u0119powania przez s\u0105d, czy wprowadzenie tzw. umowy dowodowej,<br \/>\nmo\u017cliwo\u015bci korzystania przez stron\u0119 i ich pe\u0142nomocnik\u00f3w procesowych z zarzutu potr\u0105cenia w sprawach cywilnych,<br \/>\nwprowadzenia systemu \u201eza\u017cale\u0144 poziomych&#8221; rozpoznawanych przez inny sk\u0142ad s\u0105du ni\u017c s\u0105d, kt\u00f3ry wyda\u0142 zaskar\u017cone orzeczenie oraz wydawania postanowie\u0144 zaskar\u017calnych na posiedzeniu niejawnym,<br \/>\nzasad dochodzenia roszcze\u0144 z um\u00f3w ustalonych w KC poprzez dopuszczenie mo\u017cliwo\u015bci wytoczenia pow\u00f3dztwa przed s\u0105dem wykonania umowy i doprecyzowania definicji miejsca wykonania umowy,<br \/>\ndochodzenia przez konsument\u00f3w swych praw przed s\u0105dem przez wy\u0142\u0105czenie mo\u017cliwo\u015bci wnoszenia pow\u00f3dztw wed\u0142ug w\u0142a\u015bciwo\u015bci przemiennej s\u0105du,<br \/>\nposzerzenia kompetencji referendarzy s\u0105dowych poprzez umo\u017cliwienie im wykonywania czynno\u015bci tak\u017ce w s\u0105dach apelacyjnych oraz wydawania nakaz\u00f3w zap\u0142aty w post\u0119powaniu nakazowym.<br \/>\nW publikacji om\u00f3wiono tak\u017ce zmiany wynikaj\u0105ce z innych ustaw nowelizuj\u0105cych:<\/p>\n<p>ustawy z 16.5.2019 r. o zmianie ustawy \u2012 Kodeks rodzinny i opieku\u0144czy oraz ustawy \u2012 Kodeks post\u0119powania cywilnego (Dz.U. z 2019 r. poz. 1146); wprowadza unormowania zapewniaj\u0105cego odpowiednie kwalifikacje kuratora do reprezentacji dziecka w post\u0119powaniu karnym w razie konfliktu interes\u00f3w mi\u0119dzy jego rodzicami,<br \/>\nustawy z 4.7.2019 r. o zmianie niekt\u00f3rych ustaw w celu ograniczenia zator\u00f3w p\u0142atniczych (druk sejmowy Nr 3475; po III czytaniu na posiedzeniu Sejmu); wprowadza rozwi\u0105zania mobilizuj\u0105ce d\u0142u\u017cnik\u00f3w transakcji handlowych (przedsi\u0119biorc\u00f3w i podmioty publiczne) do dokonywania zap\u0142aty w ustalonym terminie,<br \/>\nustawy z 13.6.2019 r. o zmianie ustawy \u2013 Kodeks sp\u00f3\u0142ek handlowych oraz niekt\u00f3rych innych ustaw (druk sejmowy Nr 3236; po III czytaniu na posiedzeniu Sejmu); wprowadza nowy rodzaj sp\u00f3\u0142ki tzw. prost\u0105 sp\u00f3\u0142k\u0119 akcyjn\u0105,<br \/>\nustawy z 16.5.2019 r. o zmianie ustawy \u2012 Kodeks pracy oraz niekt\u00f3rych innych ustaw (Dz.U. z 2019 r. poz. 1043); wprowadza u\u0142atwienia dla pracownik\u00f3w zwi\u0105zane z r\u00f3wnym traktowaniem pracownik\u00f3w, ochron\u0105 os\u00f3b korzystaj\u0105cych z uprawnie\u0144 rodzicielskich, mobbingiem, wydawaniem \u015bwiadectw pracy i terminem przedawnienia roszcze\u0144 ze stosunku pracy.<br \/>\nPonadto, zosta\u0142y om\u00f3wione zmiany wynikaj\u0105ce z nast\u0119puj\u0105cych projekt\u00f3w:<\/p>\n<p>projektu ustawy o zmianie ustawy &#8211; Kodeks sp\u00f3\u0142ek handlowych oraz niekt\u00f3rych innych ustaw (druk sejmowy Nr 3541; po I czytaniu na posiedzeniu Sejmu); zwi\u0119ksza przejrzysto\u015b\u0107 oraz efektywno\u015b\u0107 wymiany informacji w sprawach podatkowych, zgodnie ze standardami OECD,<br \/>\nprojektu ustawy \u2012 Przepisy wprowadzaj\u0105ce ustaw\u0119 \u2012 Ordynacja podatkowa i ustaw\u0119 o Rzeczniku Praw Podatnika (druk sejmowy Nr 3518; po I czytaniu na posiedzeniu Sejmu); wprowadza rozwi\u0105zania umo\u017cliwiaj\u0105ce zachowanie sp\u00f3jno\u015bci projekt\u00f3w: ustawy \u2012 Ordynacja podatkowa oraz ustawy o Rzeczniku Praw Podatnika,<br \/>\nprojektu ustawy o zmianie ustawy \u2012 Prawo upad\u0142o\u015bciowe oraz niekt\u00f3rych innych ustaw (druk sejmowy Nr 3480; po I czytaniu na posiedzeniu Sejmu); wprowadza rozwi\u0105zania usprawniaj\u0105cego dzia\u0142anie modelu upad\u0142o\u015bci konsumenckiej, m.in. poprzez umo\u017cliwienie og\u0142oszenia upad\u0142o\u015bci osoby nieprowadz\u0105cej dzia\u0142alno\u015bci gospodarczej w uproszczonej procedurze,<br \/>\nprojektu ustawy o zmianie ustawy \u2012 Kodeks rodzinny i opieku\u0144czy oraz niekt\u00f3rych innych ustaw (druk sejmowy Nr 3254; po I czytaniu na posiedzeniu Sejmu); wprowadza tzw. rodzinne post\u0119powanie informacyjne, tj. etap post\u0119powania poprzedzaj\u0105cy rozw\u00f3d lub separacj\u0119,<br \/>\nprojektu ustawy o realizowaniu us\u0142ug spo\u0142ecznych przez centrum us\u0142ug spo\u0142ecznych (druk sejmowy Nr 3040; po I czytaniu na posiedzeniu Sejmu); wprowadza centrum us\u0142ug spo\u0142ecznych,<br \/>\nprojektu ustawy o zmianie ustawy o wspieraniu rodziny i systemie pieczy zast\u0119pczej oraz niekt\u00f3rych innych ustaw (druk sejmowy Nr 3023; po I czytaniu na posiedzeniu Sejmu); wprowadza m.in. zasad\u0119 nierozdzielania rodze\u0144stwa na etapie umieszczania dzieci w pieczy zast\u0119pczej,<br \/>\nprojektu ustawy o zmianie ustawy \u2012 Kodeks post\u0119powania cywilnego (druk sejmowy Nr 2697; po I czytaniu na posiedzeniu Sejmu); wprowadza obowi\u0105zek merytorycznego rozpoznania skargi kasacyjnej, bez wst\u0119pnej kontroli skargi czyli tzw. przeds\u0105du,<br \/>\nprojektu ustawy o zmianie ustawy \u2012 Kodeks karny oraz niekt\u00f3rych innych ustaw (druk sejmowy Nr 2299; skierowano do I czytania na posiedzeniu Sejmu); wprowadza ograniczenia zjawiska przemocy ekonomicznej,<br \/>\nprojektu ustawy o zmianie ustawy o komornikach s\u0105dowych i egzekucji oraz niekt\u00f3rych innych ustaw (druk sejmowy Nr 1374; skierowano do I czytania na posiedzeniu Sejmu); dotyczy wyodr\u0119bnienia post\u0119powa\u0144 komorniczych prowadzonych wobec samodzielnych publicznych zak\u0142ad\u00f3w opieki zdrowotnej,<br \/>\nprojektu ustawy o zmianie ustawy \u2013 Kodeks post\u0119powania cywilnego oraz niekt\u00f3rych innych ustaw (Nr z wykazu RCL \u2013 UD 180; opiniowanie projektu); okre\u015bla zasady post\u0119powania z informacjami niejawnymi w post\u0119powaniu cywilnym,<br \/>\nprojektu ustawy o zmianie ustawy \u2013 Kodeks post\u0119powania cywilnego oraz niekt\u00f3rych innych ustaw (Nr z wykazu RCL \u2013 UD 497; projekt weryfikowany przez Komitet do Spraw Europejskich); wprowadza odr\u0119bne jednostki organizacyjne w s\u0105dach, kt\u00f3re zajm\u0105 si\u0119 sprawami z zakresu prawa w\u0142asno\u015bci intelektualnej.<br \/>\nPrezentowana pozycja przeznaczona jest przede wszystkim dla: s\u0119dzi\u00f3w i prokurator\u00f3w, pe\u0142nomocnik\u00f3w procesowych \u2013 adwokat\u00f3w i radc\u00f3w prawnych oraz dla notariuszy i komornik\u00f3w s\u0105dowych. B\u0119dzie ona przydatna dla aplikant\u00f3w wszystkich zawod\u00f3w prawniczych oraz student\u00f3w, a tak\u017ce dla os\u00f3b poszukuj\u0105cych informacji na temat post\u0119powania cywilnego.<\/p>\n","protected":false},"excerpt":{"rendered":"<p>Autor: adw. Stefan Jaworski Seria: Komentarze &amp; Linia orzecznicza Rok [&hellip;]<\/p>\n","protected":false},"featured_media":11550,"template":"","meta":[],"product_brand":[],"product_cat":[7491,18],"product_tag":[616,615,7689],"class_list":{"0":"post-11549","1":"product","2":"type-product","3":"status-publish","4":"has-post-thumbnail","6":"product_cat-cywilne","7":"product_cat-prawo","8":"product_tag-kodeks-postepowania-cywilnego","9":"product_tag-prawo-cywilne","10":"product_tag-seria-komentarze-i-linia-orzecznicza","12":"first","13":"instock","14":"sale","15":"shipping-taxable","16":"purchasable","17":"product-type-simple"},"_links":{"self":[{"href":"http:\/\/ksiegarnia-akademicka.pl\/index.php\/wp-json\/wp\/v2\/product\/11549","targetHints":{"allow":["GET"]}}],"collection":[{"href":"http:\/\/ksiegarnia-akademicka.pl\/index.php\/wp-json\/wp\/v2\/product"}],"about":[{"href":"http:\/\/ksiegarnia-akademicka.pl\/index.php\/wp-json\/wp\/v2\/types\/product"}],"wp:featuredmedia":[{"embeddable":true,"href":"http:\/\/ksiegarnia-akademicka.pl\/index.php\/wp-json\/wp\/v2\/media\/11550"}],"wp:attachment":[{"href":"http:\/\/ksiegarnia-akademicka.pl\/index.php\/wp-json\/wp\/v2\/media?parent=11549"}],"wp:term":[{"taxonomy":"product_brand","embeddable":true,"href":"http:\/\/ksiegarnia-akademicka.pl\/index.php\/wp-json\/wp\/v2\/product_brand?post=11549"},{"taxonomy":"product_cat","embeddable":true,"href":"http:\/\/ksiegarnia-akademicka.pl\/index.php\/wp-json\/wp\/v2\/product_cat?post=11549"},{"taxonomy":"product_tag","embeddable":true,"href":"http:\/\/ksiegarnia-akademicka.pl\/index.php\/wp-json\/wp\/v2\/product_tag?post=11549"}],"curies":[{"name":"wp","href":"https:\/\/api.w.org\/{rel}","templated":true}]}}