{"id":11505,"date":"2019-09-02T14:12:57","date_gmt":"2019-09-02T12:12:57","guid":{"rendered":"http:\/\/ksiegarnia-akademicka.pl\/?post_type=product&#038;p=11505"},"modified":"2024-12-04T16:11:15","modified_gmt":"2024-12-04T15:11:15","slug":"architektura-w-polsce-1945-1989","status":"publish","type":"product","link":"http:\/\/ksiegarnia-akademicka.pl\/index.php\/product\/architektura-w-polsce-1945-1989\/","title":{"rendered":"Architektura w Polsce 1945-1989"},"content":{"rendered":"<p>Autor:<br \/>\nAnna Cymer<br \/>\nWydawca: Centrum Architektury<br \/>\nOprawa: Mi\u0119kka<br \/>\nFormat: 17.0&#215;24.0cm<br \/>\nLiczba stron: 480<br \/>\nRok wydania: 2019<br \/>\nJ\u0119zyk wydania: polski<\/p>\n<p>&#8222;Architektura w Polsce 1945-1989&#8221; to prawdopodobnie pierwsza ksi\u0105\u017cka, kt\u00f3ra w spos\u00f3b systematyczny porz\u0105dkuje wiedz\u0119 o architektonicznym dziedzictwie tej epoki, opisuj\u0105c najwa\u017cniejsze realizacje i architekt\u00f3w oraz kontekst polityczny, spo\u0142eczny i ekonomiczny, w kt\u00f3rym powstawa\u0142a architektura. Opracowanie zosta\u0142o przygotowane w porz\u0105dku chronologicznym, jednak dzieli si\u0119 na siedem tematycznych rozdzia\u0142\u00f3w, od &#8222;Odbudowy&#8221;, przez &#8222;Socrealizm&#8221; po &#8222;Architektur\u0119 sakraln\u0105&#8221;.<\/p>\n","protected":false},"excerpt":{"rendered":"<p>Autor: Anna Cymer Wydawca: Centrum Architektury Oprawa: Mi\u0119kka Format: 17.0&#215;24.0cm [&hellip;]<\/p>\n","protected":false},"featured_media":11506,"template":"","meta":[],"product_brand":[],"product_cat":[7812],"product_tag":[193],"class_list":{"0":"post-11505","1":"product","2":"type-product","3":"status-publish","4":"has-post-thumbnail","6":"product_cat-architektura-i-budownictwo","7":"product_tag-architektura","9":"first","10":"outofstock","11":"sale","12":"shipping-taxable","13":"purchasable","14":"product-type-simple"},"_links":{"self":[{"href":"http:\/\/ksiegarnia-akademicka.pl\/index.php\/wp-json\/wp\/v2\/product\/11505","targetHints":{"allow":["GET"]}}],"collection":[{"href":"http:\/\/ksiegarnia-akademicka.pl\/index.php\/wp-json\/wp\/v2\/product"}],"about":[{"href":"http:\/\/ksiegarnia-akademicka.pl\/index.php\/wp-json\/wp\/v2\/types\/product"}],"wp:featuredmedia":[{"embeddable":true,"href":"http:\/\/ksiegarnia-akademicka.pl\/index.php\/wp-json\/wp\/v2\/media\/11506"}],"wp:attachment":[{"href":"http:\/\/ksiegarnia-akademicka.pl\/index.php\/wp-json\/wp\/v2\/media?parent=11505"}],"wp:term":[{"taxonomy":"product_brand","embeddable":true,"href":"http:\/\/ksiegarnia-akademicka.pl\/index.php\/wp-json\/wp\/v2\/product_brand?post=11505"},{"taxonomy":"product_cat","embeddable":true,"href":"http:\/\/ksiegarnia-akademicka.pl\/index.php\/wp-json\/wp\/v2\/product_cat?post=11505"},{"taxonomy":"product_tag","embeddable":true,"href":"http:\/\/ksiegarnia-akademicka.pl\/index.php\/wp-json\/wp\/v2\/product_tag?post=11505"}],"curies":[{"name":"wp","href":"https:\/\/api.w.org\/{rel}","templated":true}]}}