{"id":11503,"date":"2019-09-02T14:07:53","date_gmt":"2019-09-02T12:07:53","guid":{"rendered":"http:\/\/ksiegarnia-akademicka.pl\/?post_type=product&#038;p=11503"},"modified":"2019-09-02T14:07:53","modified_gmt":"2019-09-02T12:07:53","slug":"jak-naprawic-sprzet-elektroniczny-poradnik-dla-nieelektronika","status":"publish","type":"product","link":"http:\/\/ksiegarnia-akademicka.pl\/index.php\/product\/jak-naprawic-sprzet-elektroniczny-poradnik-dla-nieelektronika\/","title":{"rendered":"Jak naprawi\u0107 sprz\u0119t elektroniczny Poradnik dla nieelektronika"},"content":{"rendered":"<p>Autor:<br \/>\nMichael Jay Geier<br \/>\nWydawca: Helion<br \/>\nOprawa: Mi\u0119kka<br \/>\nLiczba stron: 416<br \/>\nRok wydania: 2019<br \/>\nJ\u0119zyk wydania: polski<\/p>\n<p>Producenci kusz\u0105 w reklamach, by wymienia\u0107 swoje urz\u0105dzenia na najnowsze modele. Tymczasem o wiele ta\u0144sze i rozs\u0105dniejsze b\u0119dzie naprawienie sprz\u0119tu, gdy tylko zacznie szwankowa\u0107. Samodzielna naprawa urz\u0105dze\u0144 jest \u015bwietn\u0105 zabaw\u0105! Co wi\u0119cej &#8211; mo\u017ce sta\u0107 si\u0119 interesuj\u0105cym hobby, kt\u00f3re daje wymierne korzy\u015bci ekonomiczne i&#8230; \u015brodowiskowe. Wystarczy zaopatrzy\u0107 si\u0119 w kilka podstawowych narz\u0119dzi, zapewni\u0107 sobie odpowiednie miejsce i pami\u0119ta\u0107 o zasadach bezpiecze\u0144stwa. Natomiast wiedzy, jak zabra\u0107 si\u0119 do naprawy sprz\u0119tu elektronicznego, dostarczy w\u0142a\u015bnie ta ksi\u0105\u017cka!<\/p>\n<p>To drugie, poszerzone i uzupe\u0142nione wydanie przewodnika dla nieelektronik\u00f3w, kt\u00f3rzy chc\u0105 nauczy\u0107 si\u0119 naprawia\u0107 urz\u0105dzenia elektroniczne. Dzi\u0119ki lekturze zrozumiesz podstawy wsp\u00f3\u0142czesnej elektroniki i nauczysz si\u0119 trafnie diagnozowa\u0107 przyczyny usterek. Dowiesz si\u0119, jak rozwi\u0105zywa\u0107 problemy wyst\u0119puj\u0105ce w najnowszych gad\u017cetach i sprz\u0119cie samochodowym, zag\u0142\u0119bisz si\u0119 w temat p\u0142askich ekran\u00f3w ciek\u0142okrystalicznych oraz poznasz techniki i nawyki serwisowe dotycz\u0105ce mi\u0119dzy innymi mikrofon\u00f3w pojemno\u015bciowych, baterii litowych, zestaw\u00f3w s\u0142uchawkowych i pilot\u00f3w. Dowiesz si\u0119, jak rozebra\u0107 urz\u0105dzenie, uchwyci\u0107 problem, wymieni\u0107 w\u0142a\u015bciwe elementy i posk\u0142ada\u0107 obudow\u0119. Na ko\u0144cu znajdziesz porady i triki pomocne w radzeniu sobie z konkretnymi produktami, takimi jak odtwarzacze p\u0142yt optycznych, wzmacniacze i urz\u0105dzenia do rejestrowania film\u00f3w na ta\u015bmie.<\/p>\n<p>W tej ksi\u0105\u017cce mi\u0119dzy innymi:<\/p>\n<p>przygotowanie warsztatu pracy oraz zapewnienie bezpiecze\u0144stwa<br \/>\nzasady dzia\u0142ania elektroniki i przyczyny usterek<br \/>\ntypowe objawy problem\u00f3w<br \/>\nkorzystanie z przyrz\u0105d\u00f3w pomiarowych, ze schemat\u00f3w i z rysunk\u00f3w<br \/>\nrozbieranie urz\u0105dze\u0144 i analiza obwod\u00f3w<br \/>\ntechniki napraw i przywracania w\u0142a\u015bciwych po\u0142\u0105cze\u0144<br \/>\nElektronika: romans na ca\u0142e \u017cycie!<br \/>\nO autorze<br \/>\nMichael Jay Geier ju\u017c jako o\u015bmiolatek prowadzi\u0142 lokalny serwis elektroniczny. Szybko zosta\u0142 specjalist\u0105 do spraw kryzysowych \u2014 rozwi\u0105zywa\u0142 problemy, kt\u00f3rych (podobno) nie da\u0142o si\u0119 rozwi\u0105za\u0107. Bra\u0142 udzia\u0142 w pracach nad komputerowymi systemami syntezy mowy dla dzieci z pora\u017ceniem m\u00f3zgowym. Publikowa\u0142 w Electronic Engineering Times, Desktop Engineering, IEEE Spectrum, The Envisioneering Newsletter, 73 Amateur Radio Today oraz Radio Fun.<\/p>\n","protected":false},"excerpt":{"rendered":"<p>Autor: Michael Jay Geier Wydawca: Helion Oprawa: Mi\u0119kka Liczba stron: [&hellip;]<\/p>\n","protected":false},"featured_media":11504,"template":"","meta":[],"product_brand":[],"product_cat":[7709,41],"product_tag":[120,1871,6255,1257],"class_list":{"0":"post-11503","1":"product","2":"type-product","3":"status-publish","4":"has-post-thumbnail","6":"product_cat-mechanika","7":"product_cat-nauki-techniczne","8":"product_tag-elektronika","9":"product_tag-mechanika","10":"product_tag-mechatronika","11":"product_tag-poradniki","13":"first","14":"instock","15":"sale","16":"shipping-taxable","17":"purchasable","18":"product-type-simple"},"_links":{"self":[{"href":"http:\/\/ksiegarnia-akademicka.pl\/index.php\/wp-json\/wp\/v2\/product\/11503","targetHints":{"allow":["GET"]}}],"collection":[{"href":"http:\/\/ksiegarnia-akademicka.pl\/index.php\/wp-json\/wp\/v2\/product"}],"about":[{"href":"http:\/\/ksiegarnia-akademicka.pl\/index.php\/wp-json\/wp\/v2\/types\/product"}],"wp:featuredmedia":[{"embeddable":true,"href":"http:\/\/ksiegarnia-akademicka.pl\/index.php\/wp-json\/wp\/v2\/media\/11504"}],"wp:attachment":[{"href":"http:\/\/ksiegarnia-akademicka.pl\/index.php\/wp-json\/wp\/v2\/media?parent=11503"}],"wp:term":[{"taxonomy":"product_brand","embeddable":true,"href":"http:\/\/ksiegarnia-akademicka.pl\/index.php\/wp-json\/wp\/v2\/product_brand?post=11503"},{"taxonomy":"product_cat","embeddable":true,"href":"http:\/\/ksiegarnia-akademicka.pl\/index.php\/wp-json\/wp\/v2\/product_cat?post=11503"},{"taxonomy":"product_tag","embeddable":true,"href":"http:\/\/ksiegarnia-akademicka.pl\/index.php\/wp-json\/wp\/v2\/product_tag?post=11503"}],"curies":[{"name":"wp","href":"https:\/\/api.w.org\/{rel}","templated":true}]}}