{"id":11479,"date":"2019-08-27T10:56:20","date_gmt":"2019-08-27T08:56:20","guid":{"rendered":"http:\/\/ksiegarnia-akademicka.pl\/?post_type=product&#038;p=11479"},"modified":"2023-01-17T08:56:04","modified_gmt":"2023-01-17T07:56:04","slug":"kodeks-karny-2","status":"publish","type":"product","link":"http:\/\/ksiegarnia-akademicka.pl\/index.php\/product\/kodeks-karny-2\/","title":{"rendered":"Kodeks karny Przepisy"},"content":{"rendered":"<p>Wydawca: Wolters Kluwer<br \/>\nOprawa: Mi\u0119kka<br \/>\nFormat: 12.5&#215;17.6cm<br \/>\nLiczba stron: 284<br \/>\nWydanie: 13<br \/>\nRok wydania: 2023<br \/>\nJ\u0119zyk wydania: polski<\/p>\n<p>Stan prawny: 1 stycznia 2023 r.<\/p>\n<p>W 13. wydaniu uwzgl\u0119dniono zmiany wynikaj\u0105ce m.in. z ustaw:<\/p>\n<p>&#8211; z 7 lipca 2022 r. o zmianie ustawy \u2013 Kodeks karny oraz niekt\u00f3rych innych ustaw,<\/p>\n<p>&#8211; z 6 pa\u017adziernika 2022 r. o zmianie ustaw w celu przeciwdzia\u0142ania lichwie.<\/p>\n<p>W ksi\u0105\u017cce zamieszczono skorowidz przedmiotowy u\u0142atwiaj\u0105cy odnalezienie poszczeg\u00f3lnych instytucji, a zaakcentowane t\u0142em tytu\u0142y przed artyku\u0142ami obja\u015bniaj\u0105 ich sens.<\/p>\n<p>Zmiany, kt\u00f3re wejd\u0105 w \u017cycie po 1 stycznia 2023 r., czyli 14 marca 2023 r., 18 maja 2023 r. i 14 grudnia 2023 r., zosta\u0142y oznaczone pismem pochy\u0142ym (kursyw\u0105).<br \/>\nPublikacja jest przeznaczona dla os\u00f3b, kt\u00f3rym niezb\u0119dna jest znajomo\u015b\u0107 przepis\u00f3w z zakresu prawa karnego materialnego, a tak\u017ce student\u00f3w.<\/p>\n","protected":false},"excerpt":{"rendered":"<p>Wydawca: Wolters Kluwer Oprawa: Mi\u0119kka Format: 12.5&#215;17.6cm Liczba stron: 284 [&hellip;]<\/p>\n","protected":false},"featured_media":16080,"template":"","meta":[],"product_brand":[],"product_cat":[7490,18],"product_tag":[2148,296,6744],"class_list":{"0":"post-11479","1":"product","2":"type-product","3":"status-publish","4":"has-post-thumbnail","6":"product_cat-karne","7":"product_cat-prawo","8":"product_tag-kodeks-karny","9":"product_tag-prawo-karne","10":"product_tag-zbior-przepisow","12":"first","13":"instock","14":"shipping-taxable","15":"purchasable","16":"product-type-simple"},"_links":{"self":[{"href":"http:\/\/ksiegarnia-akademicka.pl\/index.php\/wp-json\/wp\/v2\/product\/11479","targetHints":{"allow":["GET"]}}],"collection":[{"href":"http:\/\/ksiegarnia-akademicka.pl\/index.php\/wp-json\/wp\/v2\/product"}],"about":[{"href":"http:\/\/ksiegarnia-akademicka.pl\/index.php\/wp-json\/wp\/v2\/types\/product"}],"wp:featuredmedia":[{"embeddable":true,"href":"http:\/\/ksiegarnia-akademicka.pl\/index.php\/wp-json\/wp\/v2\/media\/16080"}],"wp:attachment":[{"href":"http:\/\/ksiegarnia-akademicka.pl\/index.php\/wp-json\/wp\/v2\/media?parent=11479"}],"wp:term":[{"taxonomy":"product_brand","embeddable":true,"href":"http:\/\/ksiegarnia-akademicka.pl\/index.php\/wp-json\/wp\/v2\/product_brand?post=11479"},{"taxonomy":"product_cat","embeddable":true,"href":"http:\/\/ksiegarnia-akademicka.pl\/index.php\/wp-json\/wp\/v2\/product_cat?post=11479"},{"taxonomy":"product_tag","embeddable":true,"href":"http:\/\/ksiegarnia-akademicka.pl\/index.php\/wp-json\/wp\/v2\/product_tag?post=11479"}],"curies":[{"name":"wp","href":"https:\/\/api.w.org\/{rel}","templated":true}]}}