{"id":11455,"date":"2019-07-17T10:51:32","date_gmt":"2019-07-17T08:51:32","guid":{"rendered":"http:\/\/ksiegarnia-akademicka.pl\/?post_type=product&#038;p=11455"},"modified":"2024-12-04T16:12:40","modified_gmt":"2024-12-04T15:12:40","slug":"pisma-urzedowe-i-pisma-procesowe-w-sprawach-podatkowych-z-objasnieniami-i-plyta-cd","status":"publish","type":"product","link":"http:\/\/ksiegarnia-akademicka.pl\/index.php\/product\/pisma-urzedowe-i-pisma-procesowe-w-sprawach-podatkowych-z-objasnieniami-i-plyta-cd\/","title":{"rendered":"Pisma urz\u0119dowe i pisma procesowe w sprawach podatkowych z obja\u015bnieniami i p\u0142yt\u0105 CD"},"content":{"rendered":"<p>Autor: dr Monika Wyszomirska-\u0141apczy\u0144ska<br \/>\nWydawnictwo: C.H. Beck<br \/>\nSeria: Wzory Pism Becka<br \/>\nRok wydania: 2019<br \/>\nWydanie: 2<br \/>\nISBN: 978-83-8158-611-5<br \/>\nLiczba stron: 676<br \/>\nOprawa: Mi\u0119kka<br \/>\nWaga: 720 g<\/p>\n<p>Kompendium niezb\u0119dnej wiedzy, kt\u00f3ra pozwoli na umiej\u0119tne formu\u0142owanie \u017c\u0105da\u0144 w sprawach podatkowych, a tak\u017ce na zrozumienie zawi\u0142o\u015bci przepis\u00f3w. Czytelnik znajdzie w nim zar\u00f3wno opisy r\u00f3\u017cnorodnych instytucji prawa podatkowego, jak i wskaz\u00f3wki, w jaki spos\u00f3b sporz\u0105dzi\u0107 odwo\u0142anie od decyzji, skarg\u0119 na dzia\u0142anie organu podatkowego czy te\u017c wniosek o przyznanie ulg w sp\u0142acie zobowi\u0105za\u0144 podatkowych. Autorka wskazuje spos\u00f3b realizacji uprawnie\u0144 i obowi\u0105zk\u00f3w, kt\u00f3re znajduj\u0105 swe \u017ar\u00f3d\u0142o w konkretnych regulacjach prawnych.<\/p>\n<p>W drugim wydaniu uwzgl\u0119dniono wszystkie zmiany wprowadzone m.in.:<\/p>\n<p>ustaw\u0105 z 16.11.2016 r. o Krajowej Administracji Skarbowej (Dz.U. z 2018 r. poz. 508 ze zm.), kt\u00f3ra powo\u0142a\u0142a Krajow\u0105 Administracj\u0119 Skarbow\u0105 w miejsce obecnie funkcjonuj\u0105cych: administracji podatkowej, kontroli skarbowej, i S\u0142u\u017cby Celnej w celu skonsolidowania administracji,<br \/>\nustaw\u0105 z 23.10.2018 r. o zmianie ustawy o podatku dochodowym od os\u00f3b fizycznych, ustawy o podatku dochodowym od os\u00f3b prawnych, ustawy \u2013 Ordynacja podatkowa oraz niekt\u00f3rych innych ustaw (Dz.U. z 2018 r. poz. 2193 ze zm.), kt\u00f3ra dotyczy uproszczenia prawa podatkowego w zakresie podatk\u00f3w dochodowych i uszczelnienia systemu podatk\u00f3w dochodowych poprzez zmiany przepis\u00f3w prawa podatkowego.<br \/>\nDodatkowo ksi\u0105\u017cka zosta\u0142a wzbogacona o nowe orzecznictwa, interpretacje organ\u00f3w podatkowych a tak\u017ce nowe wzory pism.<\/p>\n<p>Publikacja zosta\u0142a podzielona na dwie cz\u0119\u015bci. Autorka w cz\u0119\u015bci I odnios\u0142a si\u0119 w szczeg\u00f3lno\u015bci do:<\/p>\n<p>Interpretacji w sprawach podatkowych (m.in.: wnioski o udzielenie interpretacji kierowane do poszczeg\u00f3lnych organ\u00f3w, za\u017calenie na brak rozpatrzenia interpretacji, skarga do s\u0105du administracyjnego);<br \/>\nPorozumienia w sprawie ustalania cen transakcyjnych (m.in.: wnioski dotycz\u0105ce ustalania cen, wnioski w sprawie porozumienia kierowane do Ministra Finans\u00f3w, za\u017calenie na postanowienie);<br \/>\nUlgi w poborze podatku (m.in.: wniosek podatnika o zwolnienie z obowi\u0105zku poboru podatku);<br \/>\nZabezpieczenia zobowi\u0105za\u0144 (m.in.: decyzja o zabezpieczeniu, odwo\u0142anie od decyzji, wniosek o przyj\u0119cie zabezpieczenia, za\u017calenie na odmow\u0119 przyj\u0119cia zabezpieczenia);<br \/>\nPrzeniesienia w\u0142asno\u015bci rzeczy lub praw (m.in.: wniosek o przeniesienie odpowiednio w\u0142asno\u015bci rzeczy lub praw, odwo\u0142anie od decyzji);<br \/>\nPonaglenia (m.in.: skarga na nieza\u0142atwienie sprawy w wyznaczonym terminie);<br \/>\nWszcz\u0119cia post\u0119powania (m.in.: postanowienie, za\u017calenie, wezwanie);<br \/>\nOdpowiedzialno\u015bci odszkodowawczej (m.in.: pozew o odszkodowanie).<br \/>\nCz\u0119\u015b\u0107 II odnosi si\u0119 do s\u0105dowej ochrony stron post\u0119powania podatkowego, znajduj\u0105 si\u0119 w niej takie wzory jak m.in.:<\/p>\n<p>Skarga do Wojew\u00f3dzkiego S\u0105du Administracyjnego,<br \/>\nSkarga kasacyjna do Naczelnego S\u0105du Administracyjnego,<br \/>\nWniosek o przywr\u00f3cenie terminu,<br \/>\nZa\u017calenie na postanowienie Wojew\u00f3dzkiego S\u0105du Administracyjnego.<br \/>\nKa\u017cdy z zawartych w opracowaniu wzor\u00f3w uzupe\u0142niaj\u0105 uwagi i obja\u015bnienia po\u0142\u0105czone z tre\u015bci\u0105 wzoru poprzez precyzyjny system odes\u0142a\u0144. Obja\u015bnienie dodatkowo opatrzono has\u0142em u\u0142atwiaj\u0105cym orientacj\u0119 w ich tre\u015bci. Ponadto, do poszczeg\u00f3lnego wzoru dodano precyzyjnie wyselekcjonowane orzecznictwo dotycz\u0105ce konkretnego zagadnienia. Dla Pa\u0144stwa wygody, do zbioru za\u0142\u0105czono p\u0142yt\u0119 CD, kt\u00f3ra zawiera wszystkie pisma zawarte w opracowaniu. Korzystanie z gotowych formularzy oszcz\u0119dzi znacznie Pa\u0144stwa czas i pozwoli unikn\u0105\u0107 pope\u0142nienia b\u0142\u0119d\u00f3w.<\/p>\n<p>Publikacja jest kierowana w szczeg\u00f3lno\u015bci do: radc\u00f3w prawnych, adwokat\u00f3w, aplikant\u00f3w radcowskich i adwokackich, student\u00f3w prawa oraz os\u00f3b szczeg\u00f3lnie zainteresowanych dziedzin\u0105 prawa podatkowego.<\/p>\n","protected":false},"excerpt":{"rendered":"<p>Autor: dr Monika Wyszomirska-\u0141apczy\u0144ska Wydawnictwo: C.H. Beck Seria: Wzory Pism [&hellip;]<\/p>\n","protected":false},"featured_media":11456,"template":"","meta":[],"product_brand":[],"product_cat":[22],"product_tag":[3817,7912,1055,7686],"class_list":{"0":"post-11455","1":"product","2":"type-product","3":"status-publish","4":"has-post-thumbnail","6":"product_cat-podatki-i-prawo-podatkowe","7":"product_tag-pisma-procesowe","8":"product_tag-pisma-urzedowe","9":"product_tag-prawo-podatkowe","10":"product_tag-seria-wzory-pism-becka","12":"first","13":"instock","14":"sale","15":"shipping-taxable","16":"purchasable","17":"product-type-simple"},"_links":{"self":[{"href":"http:\/\/ksiegarnia-akademicka.pl\/index.php\/wp-json\/wp\/v2\/product\/11455","targetHints":{"allow":["GET"]}}],"collection":[{"href":"http:\/\/ksiegarnia-akademicka.pl\/index.php\/wp-json\/wp\/v2\/product"}],"about":[{"href":"http:\/\/ksiegarnia-akademicka.pl\/index.php\/wp-json\/wp\/v2\/types\/product"}],"wp:featuredmedia":[{"embeddable":true,"href":"http:\/\/ksiegarnia-akademicka.pl\/index.php\/wp-json\/wp\/v2\/media\/11456"}],"wp:attachment":[{"href":"http:\/\/ksiegarnia-akademicka.pl\/index.php\/wp-json\/wp\/v2\/media?parent=11455"}],"wp:term":[{"taxonomy":"product_brand","embeddable":true,"href":"http:\/\/ksiegarnia-akademicka.pl\/index.php\/wp-json\/wp\/v2\/product_brand?post=11455"},{"taxonomy":"product_cat","embeddable":true,"href":"http:\/\/ksiegarnia-akademicka.pl\/index.php\/wp-json\/wp\/v2\/product_cat?post=11455"},{"taxonomy":"product_tag","embeddable":true,"href":"http:\/\/ksiegarnia-akademicka.pl\/index.php\/wp-json\/wp\/v2\/product_tag?post=11455"}],"curies":[{"name":"wp","href":"https:\/\/api.w.org\/{rel}","templated":true}]}}