{"id":11453,"date":"2019-07-17T10:42:32","date_gmt":"2019-07-17T08:42:32","guid":{"rendered":"http:\/\/ksiegarnia-akademicka.pl\/?post_type=product&#038;p=11453"},"modified":"2024-12-04T16:12:49","modified_gmt":"2024-12-04T15:12:49","slug":"wladza-rodzicielska-i-kontakty-z-dzieckiem","status":"publish","type":"product","link":"http:\/\/ksiegarnia-akademicka.pl\/index.php\/product\/wladza-rodzicielska-i-kontakty-z-dzieckiem\/","title":{"rendered":"W\u0142adza rodzicielska i kontakty z dzieckiem"},"content":{"rendered":"<p>Autor: dr Adam Bodnar, dr Agata G\u00f3jska, Jacek Ignaczewski, Leszek Kuziak, Anna \u015aledzi\u0144ska-Simon, Robert Zegad\u0142o<br \/>\nSeria: S\u0105dowe Komentarze Tematyczne<br \/>\nRok wydania: 2019<br \/>\nWydanie: 4<br \/>\nISBN: 978-83-8158-514-9<br \/>\nLiczba stron: 648<br \/>\nOprawa: Twarda<br \/>\nWaga: 900 g<\/p>\n<p>Czwarte wydanie W\u0142adzy rodzicielskiej i kontakt\u00f3w z dzieckiem w serii S\u0105dowe Komentarze Tematyczne stanowi przekrojowe kompendium praktycznej wiedzy obj\u0119tej tytu\u0142owym zagadnieniem. Obejmuje swym zakresem problematyk\u0119 zar\u00f3wno w uj\u0119ciu prawa krajowego, jak i norm prawa mi\u0119dzynarodowego. Tytu\u0142ow\u0105 problematyk\u0119 wzbogacono o aspekt spor\u00f3w w transgranicznym uj\u0119ciu oraz przez pryzmat orzecznictwa Europejskiego Trybuna\u0142u Praw Cz\u0142owieka.<\/p>\n<p>Nowo\u015bci\u0105 na wydawniczym rynku jest komentarz do Konwencji dotycz\u0105cej cywilnych aspekt\u00f3w uprowadzenia dziecka za granic\u0119, kt\u00f3rej znaczenie i zastosowanie w ostatnich latach wyra\u017anie wzros\u0142o. Uzupe\u0142nieniem klasycznie rozumianej w\u0142adzy rodzicielskiej jest odpowiedzialno\u015b\u0107 deliktowa ma\u0142oletniego i jego rodzic\u00f3w. W pracy om\u00f3wiona zosta\u0142a tak\u017ce problematyka mediacji.<\/p>\n<p>Komentarz stanowi najobszerniejsze na rynku opracowanie po\u015bwi\u0119cone w\u0142adzy rodzicielskiej i kontaktom z dzieckiem, obejmuj\u0105c problematyk\u0119 zar\u00f3wno w uj\u0119ciu materialnym, jak i procesowym. Komentarz uwzgl\u0119dnia stan prawny na kwiecie\u0144 2019 r.<\/p>\n<p>Komentarz jest adresowany przede wszystkim do prawnik\u00f3w oraz aplikant\u00f3w. Ze wzgl\u0119du na przedmiot opracowania, j\u0119zyk oraz systematyk\u0119 mo\u017ce by\u0107 przydatny tak\u017ce samym adresatom norm prawa rodzinnego uwik\u0142anym w spory na tle w\u0142adzy rodzicielskiej lub kontakt\u00f3w z dzieckiem.<\/p>\n","protected":false},"excerpt":{"rendered":"<p>Autor: dr Adam Bodnar, dr Agata G\u00f3jska, Jacek Ignaczewski, Leszek [&hellip;]<\/p>\n","protected":false},"featured_media":11454,"template":"","meta":[],"product_brand":[],"product_cat":[7491,18],"product_tag":[615,4584,5655,7911],"class_list":{"0":"post-11453","1":"product","2":"type-product","3":"status-publish","4":"has-post-thumbnail","6":"product_cat-cywilne","7":"product_cat-prawo","8":"product_tag-prawo-cywilne","9":"product_tag-prawo-rodzinne-i-opiekuncze","10":"product_tag-seria-sadowe-komentarze-tematyczne","11":"product_tag-wladza-rodzicielska","13":"first","14":"instock","15":"sale","16":"shipping-taxable","17":"purchasable","18":"product-type-simple"},"_links":{"self":[{"href":"http:\/\/ksiegarnia-akademicka.pl\/index.php\/wp-json\/wp\/v2\/product\/11453","targetHints":{"allow":["GET"]}}],"collection":[{"href":"http:\/\/ksiegarnia-akademicka.pl\/index.php\/wp-json\/wp\/v2\/product"}],"about":[{"href":"http:\/\/ksiegarnia-akademicka.pl\/index.php\/wp-json\/wp\/v2\/types\/product"}],"wp:featuredmedia":[{"embeddable":true,"href":"http:\/\/ksiegarnia-akademicka.pl\/index.php\/wp-json\/wp\/v2\/media\/11454"}],"wp:attachment":[{"href":"http:\/\/ksiegarnia-akademicka.pl\/index.php\/wp-json\/wp\/v2\/media?parent=11453"}],"wp:term":[{"taxonomy":"product_brand","embeddable":true,"href":"http:\/\/ksiegarnia-akademicka.pl\/index.php\/wp-json\/wp\/v2\/product_brand?post=11453"},{"taxonomy":"product_cat","embeddable":true,"href":"http:\/\/ksiegarnia-akademicka.pl\/index.php\/wp-json\/wp\/v2\/product_cat?post=11453"},{"taxonomy":"product_tag","embeddable":true,"href":"http:\/\/ksiegarnia-akademicka.pl\/index.php\/wp-json\/wp\/v2\/product_tag?post=11453"}],"curies":[{"name":"wp","href":"https:\/\/api.w.org\/{rel}","templated":true}]}}