{"id":11450,"date":"2019-07-17T10:38:26","date_gmt":"2019-07-17T08:38:26","guid":{"rendered":"http:\/\/ksiegarnia-akademicka.pl\/?post_type=product&#038;p=11450"},"modified":"2024-12-04T16:12:57","modified_gmt":"2024-12-04T15:12:57","slug":"ochrona-danych-osobowych-rodo","status":"publish","type":"product","link":"http:\/\/ksiegarnia-akademicka.pl\/index.php\/product\/ochrona-danych-osobowych-rodo\/","title":{"rendered":"Ochrona danych osobowych. RODO"},"content":{"rendered":"<p>Redakcja: Flisek Aneta<br \/>\nWydawca: C.H. Beck<br \/>\nOprawa: Mi\u0119kka<br \/>\nFormat: 12.2&#215;17.5cm<br \/>\nLiczba stron: 444<br \/>\nWydanie: 1<br \/>\nRok wydania: 2019<br \/>\nJ\u0119zyk wydania: polski<\/p>\n<p>Zbi\u00f3r zawiera nast\u0119puj\u0105ce teksty ustaw:<\/p>\n<p>Rozporz\u0105dzenie Parlamentu Europejskiego i Rady (UE) 2016\/679 z dnia 27 kwietnia 2016 r. w sprawie ochrony os\u00f3b fizycznych w zwi\u0105zku z przetwarzaniem danych osobowych i w sprawie swobodnego przep\u0142ywu takich danych oraz uchyleniu dyrektywy 95\/46WE (og\u00f3lne rozporz\u0105dzenie o ochronie danych) z dnia 27 kwietnia 2016 r. (Dz.Urz. UE L 2016 Nr 119 z 2016 r., s. 1)<br \/>\nUstawa o ochronie danych osobowych z dnia 10 maja 2018 r. (Dz. U. 2018, poz. 1000)<br \/>\nKomunikat Prezesa Urz\u0119du Ochrony Danych Osobowych w sprawie wykazu rodzaj\u00f3w operacji przetwarzania danych osobowych wymagaj\u0105cych oceny skutk\u00f3w przetwarzania dla ich ochrony z dnia 17 sierpnia 2018 r. (M.P. 2018, poz. 827)<br \/>\nUstawa o zmianie niekt\u00f3rych ustaw w zwi\u0105zku z zapewnieniem stosowania rozporz\u0105dzenia Parlamentu Europejskiego i Rady (UE) 2016\/679 z dnia 27 kwietnia 2016 r. w sprawie ochrony os\u00f3b fizycznych w zwi\u0105zku z przetwarzaniem danych osobowych i w sprawie swobodnego przep\u0142ywu takich danych oraz uchylenia dyrektywy 95\/46\/WE (og\u00f3lne rozporz\u0105dzenie o ochronie danych) z dnia 21 lutego 2019 r. (Dz.U. 2019 poz. 730)<br \/>\nUstawa o ochronie danych osobowych przetwarzanych w zwi\u0105zku z zapobieganiem i zwalczaniem przest\u0119pczo\u015bci z dnia 14 grudnia 2018 r. (Dz.U. 2019 poz. 125)<br \/>\nSeria &#8222;Twoje Prawo&#8221; zawiera:<\/p>\n<p>Boldowanie najnowszych zmian<br \/>\nPrzypisy od Redakcji<br \/>\nCzytelne has\u0142a i teksty<br \/>\nIndeks rzeczowy<\/p>\n","protected":false},"excerpt":{"rendered":"<p>Redakcja: Flisek Aneta Wydawca: C.H. Beck Oprawa: Mi\u0119kka Format: 12.2&#215;17.5cm [&hellip;]<\/p>\n","protected":false},"featured_media":11451,"template":"","meta":[],"product_brand":[],"product_cat":[7492,7491,18],"product_tag":[3092,7619,2240],"class_list":{"0":"post-11450","1":"product","2":"type-product","3":"status-publish","4":"has-post-thumbnail","6":"product_cat-administracyjne","7":"product_cat-cywilne","8":"product_cat-prawo","9":"product_tag-ochrona-danych-osobowych","10":"product_tag-rodo","11":"product_tag-seria-twoje-prawo","13":"first","14":"instock","15":"sale","16":"shipping-taxable","17":"purchasable","18":"product-type-simple"},"_links":{"self":[{"href":"http:\/\/ksiegarnia-akademicka.pl\/index.php\/wp-json\/wp\/v2\/product\/11450","targetHints":{"allow":["GET"]}}],"collection":[{"href":"http:\/\/ksiegarnia-akademicka.pl\/index.php\/wp-json\/wp\/v2\/product"}],"about":[{"href":"http:\/\/ksiegarnia-akademicka.pl\/index.php\/wp-json\/wp\/v2\/types\/product"}],"wp:featuredmedia":[{"embeddable":true,"href":"http:\/\/ksiegarnia-akademicka.pl\/index.php\/wp-json\/wp\/v2\/media\/11451"}],"wp:attachment":[{"href":"http:\/\/ksiegarnia-akademicka.pl\/index.php\/wp-json\/wp\/v2\/media?parent=11450"}],"wp:term":[{"taxonomy":"product_brand","embeddable":true,"href":"http:\/\/ksiegarnia-akademicka.pl\/index.php\/wp-json\/wp\/v2\/product_brand?post=11450"},{"taxonomy":"product_cat","embeddable":true,"href":"http:\/\/ksiegarnia-akademicka.pl\/index.php\/wp-json\/wp\/v2\/product_cat?post=11450"},{"taxonomy":"product_tag","embeddable":true,"href":"http:\/\/ksiegarnia-akademicka.pl\/index.php\/wp-json\/wp\/v2\/product_tag?post=11450"}],"curies":[{"name":"wp","href":"https:\/\/api.w.org\/{rel}","templated":true}]}}