{"id":11420,"date":"2019-07-10T14:23:15","date_gmt":"2019-07-10T12:23:15","guid":{"rendered":"http:\/\/ksiegarnia-akademicka.pl\/?post_type=product&#038;p=11420"},"modified":"2024-12-04T16:13:24","modified_gmt":"2024-12-04T15:13:24","slug":"pracownicze-plany-kapitalowe-komentarz","status":"publish","type":"product","link":"http:\/\/ksiegarnia-akademicka.pl\/index.php\/product\/pracownicze-plany-kapitalowe-komentarz\/","title":{"rendered":"Pracownicze plany kapita\u0142owe Komentarz"},"content":{"rendered":"<p>Nale\u017cy do serii:<br \/>\nKOMENTARZE PRAKTYCZNE<br \/>\nAutor:<br \/>\nSebastian Jakubowski<br \/>\nWydawca: Wolters Kluwer<br \/>\nOprawa: Twarda<br \/>\nFormat: 15.0&#215;21.0cm<br \/>\nLiczba stron: 656<br \/>\nWydanie: 1<br \/>\nRok wydania: 2019<br \/>\nJ\u0119zyk wydania: polski<\/p>\n<p>Komentarz stanowi szczeg\u00f3\u0142ow\u0105 analiz\u0119 zupe\u0142nie nowej regulacji prawnej, jak\u0105 s\u0105 pracownicze plany kapita\u0142owe, dokonan\u0105 zar\u00f3wno z praktycznego, jak i teoretycznego punktu widzenia. Skupia si\u0119 na przedstawieniu zasad funkcjonowania systemu oraz istotnych aspekt\u00f3w tworzenia, prowadzenia i zarz\u0105dzania PPK.<\/p>\n<p>W publikacji zawarto om\u00f3wienie ekonomicznych skutk\u00f3w funkcjonowania najwa\u017cniejszych instytucji prawnych wsp\u00f3\u0142tworz\u0105cych system PPK. Uwzgl\u0119dnione zosta\u0142y regulacje z dziedziny prawa finansowego oraz stosunk\u00f3w prawnych zatrudnienia.<\/p>\n<p>Autorzy odwo\u0142uj\u0105 si\u0119 do dorobku doktryny i orzecznictwa prawa cywilnego, prawa rynk\u00f3w kapita\u0142owych, prawa ubezpiecze\u0144 spo\u0142ecznych oraz prawa pracy. Si\u0119gaj\u0105 r\u00f3wnie\u017c do dorobku ekonomicznego i prawnego z zakresu dodatkowego zabezpieczenia emerytalnego, powo\u0142uj\u0105c si\u0119 przy tym na do\u015bwiadczenia mi\u0119dzynarodowe. W komentarzu znajduj\u0105 si\u0119 ponadto odwo\u0142ania do stanowisk Komisji Nadzoru Finansowego dotycz\u0105cych funkcjonowania instytucji finansowych.<\/p>\n","protected":false},"excerpt":{"rendered":"<p>Nale\u017cy do serii: KOMENTARZE PRAKTYCZNE Autor: Sebastian Jakubowski Wydawca: Wolters [&hellip;]<\/p>\n","protected":false},"featured_media":11421,"template":"","meta":[],"product_brand":[],"product_cat":[18,7550,21],"product_tag":[793,649],"class_list":{"0":"post-11420","1":"product","2":"type-product","3":"status-publish","4":"has-post-thumbnail","6":"product_cat-prawo","7":"product_cat-prawo-pracy","8":"product_cat-ubezpieczenia","9":"product_tag-prawo-pracy","10":"product_tag-prawo-ubezpieczen-spolecznych","12":"first","13":"instock","14":"sale","15":"shipping-taxable","16":"purchasable","17":"product-type-simple"},"_links":{"self":[{"href":"http:\/\/ksiegarnia-akademicka.pl\/index.php\/wp-json\/wp\/v2\/product\/11420","targetHints":{"allow":["GET"]}}],"collection":[{"href":"http:\/\/ksiegarnia-akademicka.pl\/index.php\/wp-json\/wp\/v2\/product"}],"about":[{"href":"http:\/\/ksiegarnia-akademicka.pl\/index.php\/wp-json\/wp\/v2\/types\/product"}],"wp:featuredmedia":[{"embeddable":true,"href":"http:\/\/ksiegarnia-akademicka.pl\/index.php\/wp-json\/wp\/v2\/media\/11421"}],"wp:attachment":[{"href":"http:\/\/ksiegarnia-akademicka.pl\/index.php\/wp-json\/wp\/v2\/media?parent=11420"}],"wp:term":[{"taxonomy":"product_brand","embeddable":true,"href":"http:\/\/ksiegarnia-akademicka.pl\/index.php\/wp-json\/wp\/v2\/product_brand?post=11420"},{"taxonomy":"product_cat","embeddable":true,"href":"http:\/\/ksiegarnia-akademicka.pl\/index.php\/wp-json\/wp\/v2\/product_cat?post=11420"},{"taxonomy":"product_tag","embeddable":true,"href":"http:\/\/ksiegarnia-akademicka.pl\/index.php\/wp-json\/wp\/v2\/product_tag?post=11420"}],"curies":[{"name":"wp","href":"https:\/\/api.w.org\/{rel}","templated":true}]}}