{"id":11405,"date":"2019-07-10T14:00:19","date_gmt":"2019-07-10T12:00:19","guid":{"rendered":"http:\/\/ksiegarnia-akademicka.pl\/?post_type=product&#038;p=11405"},"modified":"2024-12-04T16:14:11","modified_gmt":"2024-12-04T15:14:11","slug":"sto-pociech","status":"publish","type":"product","link":"http:\/\/ksiegarnia-akademicka.pl\/index.php\/product\/sto-pociech\/","title":{"rendered":"Sto pociech"},"content":{"rendered":"<p>Autor:<br \/>\nWis\u0142awa Szymborska<br \/>\nWydawca: Znak<br \/>\nOprawa: Twarda<br \/>\nLiczba stron: 72<br \/>\nWydanie: 2<br \/>\nRok wydania: 2019<br \/>\nJ\u0119zyk wydania: polski<\/p>\n<p>Pierwsze po ponad 50 latach wznowienie zbioru wierszy noblistki<\/p>\n<p>Pi\u0105ty w tw\u00f3rczo\u015bci Wis\u0142awy Szymborskiej tom rozpoczyna jeden z najbardziej znanych liryk\u00f3w poetki: Rado\u015b\u0107 pisania. W licz\u0105cym dwadzie\u015bcia siedem wierszy zbiorze znalaz\u0142y si\u0119 r\u00f3wnie\u017c takie utwory, jak: Spis ludno\u015bci, Tomasz Mann i tytu\u0142owe Sto pociech. Szymborska snuje refleksj\u0119 nad aktem artystycznej kreacji, pochyla si\u0119 nad z\u0142o\u017cono\u015bci\u0105 ludzkiej egzystencji.<\/p>\n<p>Sto pociech jest \u00f3smym tomem ukazuj\u0105cym si\u0119 w presti\u017cowej kolekcji poezji Wis\u0142awy Szymborskiej. Edycj\u0119 wzbogaca sze\u015b\u0107 r\u0119kopis\u00f3w noblistki.<\/p>\n<p>Powy\u017cszy opis pochodzi od wydawcy.<\/p>\n","protected":false},"excerpt":{"rendered":"<p>Autor: Wis\u0142awa Szymborska Wydawca: Znak Oprawa: Twarda Liczba stron: 72 [&hellip;]<\/p>\n","protected":false},"featured_media":11406,"template":"","meta":[],"product_brand":[],"product_cat":[7629,7707],"product_tag":[6300],"class_list":{"0":"post-11405","1":"product","2":"type-product","3":"status-publish","4":"has-post-thumbnail","6":"product_cat-filologia-polska","7":"product_cat-literatura","8":"product_tag-literatura-polska","10":"first","11":"instock","12":"sale","13":"shipping-taxable","14":"purchasable","15":"product-type-simple"},"_links":{"self":[{"href":"http:\/\/ksiegarnia-akademicka.pl\/index.php\/wp-json\/wp\/v2\/product\/11405","targetHints":{"allow":["GET"]}}],"collection":[{"href":"http:\/\/ksiegarnia-akademicka.pl\/index.php\/wp-json\/wp\/v2\/product"}],"about":[{"href":"http:\/\/ksiegarnia-akademicka.pl\/index.php\/wp-json\/wp\/v2\/types\/product"}],"wp:featuredmedia":[{"embeddable":true,"href":"http:\/\/ksiegarnia-akademicka.pl\/index.php\/wp-json\/wp\/v2\/media\/11406"}],"wp:attachment":[{"href":"http:\/\/ksiegarnia-akademicka.pl\/index.php\/wp-json\/wp\/v2\/media?parent=11405"}],"wp:term":[{"taxonomy":"product_brand","embeddable":true,"href":"http:\/\/ksiegarnia-akademicka.pl\/index.php\/wp-json\/wp\/v2\/product_brand?post=11405"},{"taxonomy":"product_cat","embeddable":true,"href":"http:\/\/ksiegarnia-akademicka.pl\/index.php\/wp-json\/wp\/v2\/product_cat?post=11405"},{"taxonomy":"product_tag","embeddable":true,"href":"http:\/\/ksiegarnia-akademicka.pl\/index.php\/wp-json\/wp\/v2\/product_tag?post=11405"}],"curies":[{"name":"wp","href":"https:\/\/api.w.org\/{rel}","templated":true}]}}