{"id":11397,"date":"2019-07-10T13:48:43","date_gmt":"2019-07-10T11:48:43","guid":{"rendered":"http:\/\/ksiegarnia-akademicka.pl\/?post_type=product&#038;p=11397"},"modified":"2019-07-10T13:48:43","modified_gmt":"2019-07-10T11:48:43","slug":"sadownictwo-polubowne-a-sady-panstwowe-wobec-zasady-nieingerencji-sadu-panstwowego-w-dzialalnosc-sad","status":"publish","type":"product","link":"http:\/\/ksiegarnia-akademicka.pl\/index.php\/product\/sadownictwo-polubowne-a-sady-panstwowe-wobec-zasady-nieingerencji-sadu-panstwowego-w-dzialalnosc-sad\/","title":{"rendered":"S\u0105downictwo polubowne a s\u0105dy pa\u0144stwowe wobec zasady nieingerencji s\u0105du pa\u0144stwowego w dzia\u0142alno\u015b\u0107 s\u0105d"},"content":{"rendered":"<p>Autor:<br \/>\nMarcin Orecki<br \/>\nWydawca: Wolters Kluwer<br \/>\nOprawa: Twarda<br \/>\nLiczba stron: 432<br \/>\nWydanie: 1<br \/>\nRok wydania: 2019<br \/>\nJ\u0119zyk wydania: polski<\/p>\n<p>Zasada nieingerencji s\u0105du pa\u0144stwowego w dzia\u0142alno\u015b\u0107 s\u0105du polubownego i jego sk\u0142ad nie mo\u017ce wprowadza\u0107 domniemania, \u017ce ka\u017cda taka ingerencja jest nieuprawniona, poniewa\u017c s\u0105dy pa\u0144stwowe powinny podejmowa\u0107 konieczne kroki w celu nadania efektywno\u015bci i skuteczno\u015bci arbitra\u017cowi i autonomii woli stron.<br \/>\nW ksi\u0105\u017cce przedstawiono:<br \/>\n&#8211; przes\u0142anki i kryteria rozr\u00f3\u017cnienia mi\u0119dzy dopuszczaln\u0105 a niedopuszczaln\u0105 interwencj\u0105 s\u0105du pa\u0144stwowego w dzia\u0142alno\u015b\u0107 i sk\u0142ad s\u0105du polubownego;<br \/>\n&#8211; kwesti\u0119 autonomii stron w kszta\u0142towaniu zapisu na s\u0105d polubowny, a tak\u017ce jej granic;<br \/>\n&#8211; zasad\u0119 sprzyjania arbitra\u017cowi wraz ze wskazaniem kierunk\u00f3w rozwoju i uwagami krytycznymi;<br \/>\n&#8211; zagadnienie interwencji s\u0105du pa\u0144stwowego zar\u00f3wno na etapie poprzedzaj\u0105cym, jak i w momencie wszcz\u0119cia post\u0119powania oraz w trakcie post\u0119powania przed s\u0105dem polubownym;<br \/>\n&#8211; wp\u0142yw ingerencji s\u0105du pa\u0144stwowego na przymioty s\u0105downictwa polubownego.<\/p>\n","protected":false},"excerpt":{"rendered":"<p>Autor: Marcin Orecki Wydawca: Wolters Kluwer Oprawa: Twarda Liczba stron: [&hellip;]<\/p>\n","protected":false},"featured_media":11398,"template":"","meta":[],"product_brand":[],"product_cat":[7491,7490,18],"product_tag":[4505,4859,7904],"class_list":{"0":"post-11397","1":"product","2":"type-product","3":"status-publish","4":"has-post-thumbnail","6":"product_cat-cywilne","7":"product_cat-karne","8":"product_cat-prawo","9":"product_tag-monografie","10":"product_tag-sadownictwo","11":"product_tag-sady-panstwowe","13":"first","14":"instock","15":"sale","16":"shipping-taxable","17":"purchasable","18":"product-type-simple"},"_links":{"self":[{"href":"http:\/\/ksiegarnia-akademicka.pl\/index.php\/wp-json\/wp\/v2\/product\/11397","targetHints":{"allow":["GET"]}}],"collection":[{"href":"http:\/\/ksiegarnia-akademicka.pl\/index.php\/wp-json\/wp\/v2\/product"}],"about":[{"href":"http:\/\/ksiegarnia-akademicka.pl\/index.php\/wp-json\/wp\/v2\/types\/product"}],"wp:featuredmedia":[{"embeddable":true,"href":"http:\/\/ksiegarnia-akademicka.pl\/index.php\/wp-json\/wp\/v2\/media\/11398"}],"wp:attachment":[{"href":"http:\/\/ksiegarnia-akademicka.pl\/index.php\/wp-json\/wp\/v2\/media?parent=11397"}],"wp:term":[{"taxonomy":"product_brand","embeddable":true,"href":"http:\/\/ksiegarnia-akademicka.pl\/index.php\/wp-json\/wp\/v2\/product_brand?post=11397"},{"taxonomy":"product_cat","embeddable":true,"href":"http:\/\/ksiegarnia-akademicka.pl\/index.php\/wp-json\/wp\/v2\/product_cat?post=11397"},{"taxonomy":"product_tag","embeddable":true,"href":"http:\/\/ksiegarnia-akademicka.pl\/index.php\/wp-json\/wp\/v2\/product_tag?post=11397"}],"curies":[{"name":"wp","href":"https:\/\/api.w.org\/{rel}","templated":true}]}}