{"id":11393,"date":"2019-07-10T12:41:08","date_gmt":"2019-07-10T10:41:08","guid":{"rendered":"http:\/\/ksiegarnia-akademicka.pl\/?post_type=product&#038;p=11393"},"modified":"2019-07-10T12:41:08","modified_gmt":"2019-07-10T10:41:08","slug":"marketing-mobilny","status":"publish","type":"product","link":"http:\/\/ksiegarnia-akademicka.pl\/index.php\/product\/marketing-mobilny\/","title":{"rendered":"Marketing mobilny"},"content":{"rendered":"<p>Autor:<br \/>\nAgnieszka redakcja naukowa Dejnaka<br \/>\nRedakcja: Dejnaka Agnieszka<br \/>\nWydawca: Difin<br \/>\nOprawa: Mi\u0119kka<br \/>\nFormat: 16.0&#215;23.0cm<br \/>\nLiczba stron: 172<br \/>\nRok wydania: 2019<br \/>\nJ\u0119zyk wydania: polski<\/p>\n<p>Dzia\u0142ania marketingowe w mediach elektronicznych, kt\u00f3re niezwykle aktywnie si\u0119 obecnie rozwijaj\u0105, s\u0105 wynikiem zmian struktury internetu oraz dynamicznie rozwijaj\u0105c\u0105 si\u0119 technologi\u0105 internetow\u0105 i mobiln\u0105. Zmiany te nie nast\u0105pi\u0142yby tak\u017ce, gdyby nie Web 2.0 \u2013 gdzie u\u017cytkownik internetu mo\u017ce aktywnie wsp\u00f3\u0142tworzy\u0107 i wp\u0142ywa\u0107 na wirtualn\u0105 przestrze\u0144, a firmy oddzia\u0142ywa\u0107 marketingowo na nabywc\u00f3w. W przedstawionej publikacji zaprezentowane zosta\u0142y wybrane aspekty marketingu mobilnego.<\/p>\n","protected":false},"excerpt":{"rendered":"<p>Autor: Agnieszka redakcja naukowa Dejnaka Redakcja: Dejnaka Agnieszka Wydawca: Difin [&hellip;]<\/p>\n","protected":false},"featured_media":11394,"template":"","meta":[],"product_brand":[],"product_cat":[29],"product_tag":[456,7903],"class_list":{"0":"post-11393","1":"product","2":"type-product","3":"status-publish","4":"has-post-thumbnail","6":"product_cat-marketing-i-reklama","7":"product_tag-marketing","8":"product_tag-marketing-mobilny","10":"first","11":"instock","12":"sale","13":"shipping-taxable","14":"purchasable","15":"product-type-simple"},"_links":{"self":[{"href":"http:\/\/ksiegarnia-akademicka.pl\/index.php\/wp-json\/wp\/v2\/product\/11393","targetHints":{"allow":["GET"]}}],"collection":[{"href":"http:\/\/ksiegarnia-akademicka.pl\/index.php\/wp-json\/wp\/v2\/product"}],"about":[{"href":"http:\/\/ksiegarnia-akademicka.pl\/index.php\/wp-json\/wp\/v2\/types\/product"}],"wp:featuredmedia":[{"embeddable":true,"href":"http:\/\/ksiegarnia-akademicka.pl\/index.php\/wp-json\/wp\/v2\/media\/11394"}],"wp:attachment":[{"href":"http:\/\/ksiegarnia-akademicka.pl\/index.php\/wp-json\/wp\/v2\/media?parent=11393"}],"wp:term":[{"taxonomy":"product_brand","embeddable":true,"href":"http:\/\/ksiegarnia-akademicka.pl\/index.php\/wp-json\/wp\/v2\/product_brand?post=11393"},{"taxonomy":"product_cat","embeddable":true,"href":"http:\/\/ksiegarnia-akademicka.pl\/index.php\/wp-json\/wp\/v2\/product_cat?post=11393"},{"taxonomy":"product_tag","embeddable":true,"href":"http:\/\/ksiegarnia-akademicka.pl\/index.php\/wp-json\/wp\/v2\/product_tag?post=11393"}],"curies":[{"name":"wp","href":"https:\/\/api.w.org\/{rel}","templated":true}]}}