{"id":11367,"date":"2019-07-10T11:44:49","date_gmt":"2019-07-10T09:44:49","guid":{"rendered":"http:\/\/ksiegarnia-akademicka.pl\/?post_type=product&#038;p=11367"},"modified":"2024-12-04T16:15:06","modified_gmt":"2024-12-04T15:15:06","slug":"atlas-cukrzyca-i-otylosc","status":"publish","type":"product","link":"http:\/\/ksiegarnia-akademicka.pl\/index.php\/product\/atlas-cukrzyca-i-otylosc\/","title":{"rendered":"Atlas cukrzyca i oty\u0142o\u015b\u0107"},"content":{"rendered":"<p>Autor:<br \/>\nLuis Raul Lepori<br \/>\nWydawca: DK MEDIA<br \/>\nOprawa: Mi\u0119kka<br \/>\nFormat: 21.0&#215;29.0cm<br \/>\nLiczba stron: 70<br \/>\nRok wydania: 2019<br \/>\nJ\u0119zyk wydania: polski<\/p>\n<p>Atlas zawiera zbi\u00f3r kolorowych tablic, opisuj\u0105cych najwa\u017cniejsze zagadnienie i obszary terapeutyczne. Ka\u017cdej tablicy towarzyszy opis u\u0142atwiaj\u0105cy lepsze poznanie danego tematu.<\/p>\n","protected":false},"excerpt":{"rendered":"<p>Autor: Luis Raul Lepori Wydawca: DK MEDIA Oprawa: Mi\u0119kka Format: [&hellip;]<\/p>\n","protected":false},"featured_media":11368,"template":"","meta":[],"product_brand":[],"product_cat":[7625],"product_tag":[6175,6991,237],"class_list":{"0":"post-11367","1":"product","2":"type-product","3":"status-publish","4":"has-post-thumbnail","6":"product_cat-nauki-o-zdrowiu","7":"product_tag-cukrzyca","8":"product_tag-otylosc","9":"product_tag-zdrowie","11":"first","12":"instock","13":"sale","14":"shipping-taxable","15":"purchasable","16":"product-type-simple"},"_links":{"self":[{"href":"http:\/\/ksiegarnia-akademicka.pl\/index.php\/wp-json\/wp\/v2\/product\/11367","targetHints":{"allow":["GET"]}}],"collection":[{"href":"http:\/\/ksiegarnia-akademicka.pl\/index.php\/wp-json\/wp\/v2\/product"}],"about":[{"href":"http:\/\/ksiegarnia-akademicka.pl\/index.php\/wp-json\/wp\/v2\/types\/product"}],"wp:featuredmedia":[{"embeddable":true,"href":"http:\/\/ksiegarnia-akademicka.pl\/index.php\/wp-json\/wp\/v2\/media\/11368"}],"wp:attachment":[{"href":"http:\/\/ksiegarnia-akademicka.pl\/index.php\/wp-json\/wp\/v2\/media?parent=11367"}],"wp:term":[{"taxonomy":"product_brand","embeddable":true,"href":"http:\/\/ksiegarnia-akademicka.pl\/index.php\/wp-json\/wp\/v2\/product_brand?post=11367"},{"taxonomy":"product_cat","embeddable":true,"href":"http:\/\/ksiegarnia-akademicka.pl\/index.php\/wp-json\/wp\/v2\/product_cat?post=11367"},{"taxonomy":"product_tag","embeddable":true,"href":"http:\/\/ksiegarnia-akademicka.pl\/index.php\/wp-json\/wp\/v2\/product_tag?post=11367"}],"curies":[{"name":"wp","href":"https:\/\/api.w.org\/{rel}","templated":true}]}}