{"id":11323,"date":"2019-05-30T16:04:27","date_gmt":"2019-05-30T14:04:27","guid":{"rendered":"http:\/\/ksiegarnia-akademicka.pl\/?post_type=product&#038;p=11323"},"modified":"2019-05-30T16:04:28","modified_gmt":"2019-05-30T14:04:28","slug":"java-ee-8-wzorce-projektowe-i-najlepsze-praktyki","status":"publish","type":"product","link":"http:\/\/ksiegarnia-akademicka.pl\/index.php\/product\/java-ee-8-wzorce-projektowe-i-najlepsze-praktyki\/","title":{"rendered":"Java EE 8 Wzorce projektowe i najlepsze praktyki"},"content":{"rendered":"<p>Autor:<br \/>\nRhuan Rocha<br \/>\nWydawca: Helion<br \/>\nOprawa: Mi\u0119kka<br \/>\nLiczba stron: 256<br \/>\nRok wydania: 2019<br \/>\nJ\u0119zyk wydania: polski<\/p>\n<p>Od profesjonalnych system\u00f3w informatycznych wymaga si\u0119 wysokiej dost\u0119pno\u015bci us\u0142ug, \u0142atwego wprowadzania niezb\u0119dnych zmian, skalowalno\u015bci i mo\u017cliwo\u015bci przetworzenia ogromnej ilo\u015bci danych. Java EE 8 znakomicie nadaje si\u0119 do tworzenia aplikacji spe\u0142niaj\u0105cych te wy\u015brubowane kryteria. Poza tym Java to j\u0119zyk wieloplatformowy, jej kod jest otwarty, zosta\u0142a dobrze przetestowana, a do\u015bwiadczenie i wsparcie spo\u0142eczno\u015bci u\u017cytkownik\u00f3w okazuj\u0105 si\u0119 nie do przecenienia. Wszechstronno\u015b\u0107 i popularno\u015b\u0107 Javy ma te\u017c mroczn\u0105 stron\u0119 &#8211; programi\u015bci bardzo cz\u0119sto musz\u0105 rozwi\u0105zywa\u0107 istotne problemy, kt\u00f3re zwykle dotycz\u0105 integracji us\u0142ug, wysokiej dost\u0119pno\u015bci i odporno\u015bci systemu na b\u0142\u0119dy. Rozwi\u0105zaniem pozwalaj\u0105cym unikn\u0105\u0107 wielu z tych k\u0142opot\u00f3w jest zastosowanie odpowiednich wzorc\u00f3w projektowych i przestrzeganie dobrych praktyk.<\/p>\n<p>To ksi\u0105\u017cka przeznaczona dla programist\u00f3w, kt\u00f3rzy chc\u0105 tworzy\u0107 aplikacje biznesowe z u\u017cyciem wzorc\u00f3w projektowych, wzorc\u00f3w biznesowych i najlepszych praktyk. Zawiera wyja\u015bnienie podstawowych koncepcji Javy EE 8, opis jej warstw oraz om\u00f3wienie najlepszych praktyk tworzenia aplikacji biznesowych. Przedstawia zasady \u0142\u0105czenia wzorc\u00f3w projektowych i wzorc\u00f3w biznesowych w Javie EE 8, a tak\u017ce techniki optymalizacji rozwi\u0105za\u0144 z wykorzystaniem programowania aspektowego, programowania reaktywnego i mikrous\u0142ug. Opisano tu szereg wzorc\u00f3w: integracyjne, reaktywne, bezpiecze\u0144stwa, wdra\u017cania i operacyjne. Zaprezentowano r\u00f3wnie\u017c projekt MicroProfile, przydatny do tworzenia aplikacji dla architektury mikrous\u0142ug.<\/p>\n<p>W ksi\u0105\u017cce mi\u0119dzy innymi:<\/p>\n<p>korzy\u015bci ze stosowania wzorc\u00f3w projektowych<br \/>\nwzorce warstw prezentacji i biznesowej<br \/>\nwzorce dla aplikacji dzia\u0142aj\u0105cych w chmurze<br \/>\nimplementacja wzorca SSO<br \/>\nwzorce zwi\u0105zane ze skalowalno\u015bci\u0105, z wydajno\u015bci\u0105 i zarz\u0105dzaniem aplikacj\u0105<br \/>\nJava EE 8: zestaw \u015bwietnych narz\u0119dzi dla zawodowca!<br \/>\nO autorach<br \/>\nRhuan Rocha jest do\u015bwiadczonym programist\u0105 Javy EE. Obecnie wdra\u017ca rozwi\u0105zania Red Hat oparte na Red Hat Middleware. Wcze\u015bniej korzysta\u0142 z Javy przy pisaniu oprogramowania dla firm i rz\u0105d\u00f3w.<\/p>\n<p>Joao Purifica\u00e7ao jest in\u017cynierem elektroniki. Dobrze zna j\u0119zyki C i C++, obecnie wykorzystuje Jav\u0119 EE do projektowania aplikacji. Jest starszym architektem w firmie Resource IT z siedzib\u0105 w Sao Paulo.<\/p>\n","protected":false},"excerpt":{"rendered":"<p>Autor: Rhuan Rocha Wydawca: Helion Oprawa: Mi\u0119kka Liczba stron: 256 [&hellip;]<\/p>\n","protected":false},"featured_media":11324,"template":"","meta":[],"product_brand":[],"product_cat":[36],"product_tag":[1405,6036,4452],"class_list":{"0":"post-11323","1":"product","2":"type-product","3":"status-publish","4":"has-post-thumbnail","6":"product_cat-informatyka","7":"product_tag-internet","8":"product_tag-java","9":"product_tag-jezyki-programowania","11":"first","12":"instock","13":"sale","14":"shipping-taxable","15":"purchasable","16":"product-type-simple"},"_links":{"self":[{"href":"http:\/\/ksiegarnia-akademicka.pl\/index.php\/wp-json\/wp\/v2\/product\/11323","targetHints":{"allow":["GET"]}}],"collection":[{"href":"http:\/\/ksiegarnia-akademicka.pl\/index.php\/wp-json\/wp\/v2\/product"}],"about":[{"href":"http:\/\/ksiegarnia-akademicka.pl\/index.php\/wp-json\/wp\/v2\/types\/product"}],"wp:featuredmedia":[{"embeddable":true,"href":"http:\/\/ksiegarnia-akademicka.pl\/index.php\/wp-json\/wp\/v2\/media\/11324"}],"wp:attachment":[{"href":"http:\/\/ksiegarnia-akademicka.pl\/index.php\/wp-json\/wp\/v2\/media?parent=11323"}],"wp:term":[{"taxonomy":"product_brand","embeddable":true,"href":"http:\/\/ksiegarnia-akademicka.pl\/index.php\/wp-json\/wp\/v2\/product_brand?post=11323"},{"taxonomy":"product_cat","embeddable":true,"href":"http:\/\/ksiegarnia-akademicka.pl\/index.php\/wp-json\/wp\/v2\/product_cat?post=11323"},{"taxonomy":"product_tag","embeddable":true,"href":"http:\/\/ksiegarnia-akademicka.pl\/index.php\/wp-json\/wp\/v2\/product_tag?post=11323"}],"curies":[{"name":"wp","href":"https:\/\/api.w.org\/{rel}","templated":true}]}}