{"id":11305,"date":"2019-05-30T15:14:03","date_gmt":"2019-05-30T13:14:03","guid":{"rendered":"http:\/\/ksiegarnia-akademicka.pl\/?post_type=product&#038;p=11305"},"modified":"2019-05-30T15:14:04","modified_gmt":"2019-05-30T13:14:04","slug":"polski-hydraulik-i-najnowsze-opowiesci-ze-szwecji","status":"publish","type":"product","link":"http:\/\/ksiegarnia-akademicka.pl\/index.php\/product\/polski-hydraulik-i-najnowsze-opowiesci-ze-szwecji\/","title":{"rendered":"Polski hydraulik i najnowsze opowie\u015bci ze Szwecji"},"content":{"rendered":"<p>Maciej Zaremba Bielawski<br \/>\nWydawca: Agora<br \/>\nOprawa: Mi\u0119kka ze skrzyde\u0142kami<br \/>\nFormat: 13.5&#215;21.0cm<br \/>\nLiczba stron: 544<br \/>\nWydanie: 1<br \/>\nRok wydania: 2019<br \/>\nJ\u0119zyk wydania: polski<\/p>\n<p>Nowe wydanie &#8222;Polskiego hydraulika&#8221;, reporta\u017cy Macieja Zaremby Bielawskiego, reportera czo\u0142owego szwedzkiego dziennika &#8222;Dagens Nyheter&#8221;, autora g\u0142o\u015bnych ksi\u0105\u017cek w tym wydanej ostatnio autobiografii &#8222;Dom z dwiema wie\u017cami&#8221; nominowanej do Nagrody im. Ryszarda Kapu\u015bci\u0144skiego za Reporta\u017c Literacki.<br \/>\nNie jest przypadkiem, \u017ce to w\u0142a\u015bnie Szwecja sta\u0142a si\u0119 w ostatnich latach przedmiotem czarnych mit\u00f3w i opowie\u015bci fantastycznych. Jeste\u015bmy przecie\u017c pilotem do\u015bwiadczalnym nowoczesno\u015bci. Tutaj wszystko, co tchnie post\u0119pem, nowe pomys\u0142y na \u017cycie, nowinki techniczne, a tak\u017ce reformy spo\u0142eczne, przyjmuje si\u0119 wcze\u015bniej \u2013 i przede wszystkim masowo.<br \/>\nZdarza si\u0119, \u017ce po jakim\u015b czasie te nowinki zostaj\u0105 odrzucane \u2013 tak\u017ce masowo i bez szerszej dyskusji. Pilot do\u015bwiadczalny wychwyci\u0142 b\u0142\u0119dy w konstrukcji. Tak to \u015bwiat przyjmowa\u0142 jeszcze sze\u015b\u0107 lat temu. Dzisiaj mamy inn\u0105 sytuacj\u0119. Szwedzkie eksperymenty z nowoczesno\u015bci\u0105 s\u0105 przedstawiane w Moskwie, Warszawie, a nawet w Waszyngtonie jako objaw dekadencji, upadku moralnego i g\u0142upoty politycznej.<br \/>\nCzy mam si\u0119 przyczynia\u0107 do tej propagandy? Reporta\u017c Demony sprawiedliwo\u015bci, kt\u00f3ry wzbogaca to trzecie wydanie, to \u0142akomy k\u0105sek dla amator\u00f3w wojny kulturowej. Jest tu i o wykolejonym feminizmie, i o nadu\u017cyciu w\u0142adzy, i o szwedzkiej podatno\u015bci na ideologiczne trendy. Ju\u017c s\u0142ysza\u0142em opinie, \u017ce pewnie dobre mam intencje, ale ten reporta\u017c interwencyjny napisany dla Szwed\u00f3w w Polsce czy w Rosji ucieszy g\u0142\u00f3wnie demagog\u00f3w. Ca\u0142kiem mo\u017cliwe. Ale ja wierz\u0119 w czytelnika. Przed zdolnym demagogiem nie ma obrony, taki potrafi wszystko przeinaczy\u0107. Albo po prostu zmy\u015bli\u0107. M\u0105dry czytelnik za to dostrze\u017ce, \u017ce ten szwedzki skandal jest nie tylko o Szwecji. To historia o tym, \u017ce w\u0142adza zostanie nadu\u017cyta, je\u015bli zabraknie niezale\u017cnych s\u0105d\u00f3w i innych instytucji, kt\u00f3re j\u0105 kr\u0119puj\u0105. &#8211; Ze wst\u0119pu Doniesienia z poligonu nowoczesno\u015bci Macieja Zaremby Bielawskiego<\/p>\n","protected":false},"excerpt":{"rendered":"<p>Maciej Zaremba Bielawski Wydawca: Agora Oprawa: Mi\u0119kka ze skrzyde\u0142kami Format: [&hellip;]<\/p>\n","protected":false},"featured_media":11306,"template":"","meta":[],"product_brand":[],"product_cat":[7707,27,7510],"product_tag":[67,7892,4548],"class_list":{"0":"post-11305","1":"product","2":"type-product","3":"status-publish","4":"has-post-thumbnail","6":"product_cat-literatura","7":"product_cat-nauki-spoleczne","8":"product_cat-polityka-spoleczna","9":"product_tag-historia-polski","10":"product_tag-historia-szwecji","11":"product_tag-reportaz","13":"first","14":"instock","15":"sale","16":"shipping-taxable","17":"purchasable","18":"product-type-simple"},"_links":{"self":[{"href":"http:\/\/ksiegarnia-akademicka.pl\/index.php\/wp-json\/wp\/v2\/product\/11305","targetHints":{"allow":["GET"]}}],"collection":[{"href":"http:\/\/ksiegarnia-akademicka.pl\/index.php\/wp-json\/wp\/v2\/product"}],"about":[{"href":"http:\/\/ksiegarnia-akademicka.pl\/index.php\/wp-json\/wp\/v2\/types\/product"}],"wp:featuredmedia":[{"embeddable":true,"href":"http:\/\/ksiegarnia-akademicka.pl\/index.php\/wp-json\/wp\/v2\/media\/11306"}],"wp:attachment":[{"href":"http:\/\/ksiegarnia-akademicka.pl\/index.php\/wp-json\/wp\/v2\/media?parent=11305"}],"wp:term":[{"taxonomy":"product_brand","embeddable":true,"href":"http:\/\/ksiegarnia-akademicka.pl\/index.php\/wp-json\/wp\/v2\/product_brand?post=11305"},{"taxonomy":"product_cat","embeddable":true,"href":"http:\/\/ksiegarnia-akademicka.pl\/index.php\/wp-json\/wp\/v2\/product_cat?post=11305"},{"taxonomy":"product_tag","embeddable":true,"href":"http:\/\/ksiegarnia-akademicka.pl\/index.php\/wp-json\/wp\/v2\/product_tag?post=11305"}],"curies":[{"name":"wp","href":"https:\/\/api.w.org\/{rel}","templated":true}]}}