{"id":11277,"date":"2019-05-21T09:19:45","date_gmt":"2019-05-21T07:19:45","guid":{"rendered":"http:\/\/ksiegarnia-akademicka.pl\/?post_type=product&#038;p=11277"},"modified":"2024-12-04T16:01:05","modified_gmt":"2024-12-04T15:01:05","slug":"dynamika-pneumatycznego-kola-jezdnego-2","status":"publish","type":"product","link":"http:\/\/ksiegarnia-akademicka.pl\/index.php\/product\/dynamika-pneumatycznego-kola-jezdnego-2\/","title":{"rendered":"Dynamika pneumatycznego ko\u0142a jezdnego"},"content":{"rendered":"<p>Autor:<br \/>\nAndrzejewski Ryszard<br \/>\nWydawca: Wydawnictwo Naukowe PWN<br \/>\nOprawa: Mi\u0119kka<br \/>\nFormat: 14.5&#215;20.5cm<br \/>\nLiczba stron: 174<br \/>\nWydanie: 1<br \/>\nRok wydania: 2019<br \/>\nJ\u0119zyk wydania: polski<\/p>\n<p>W ksi\u0105\u017cce przedstawiono budow\u0119 i w\u0142a\u015bciwo\u015bci pneumatycznego ko\u0142a jezdnego. Om\u00f3wiono charakterystyki ogumienia w r\u00f3\u017cnych stanach statycznych i dynamicznych obci\u0105\u017ce\u0144 z uwzgl\u0119dnieniem stanu nawierzchni. Zamieszczono opisy nowoczesnych modeli tarcia, poczynaj\u0105c od modelu Coulomba, na kt\u00f3rym oparto cz\u0119\u015b\u0107 modeli z\u0142o\u017conych, a sko\u0144czywszy na modelu Maxwella. Zaprezentowano tak\u017ce znane modele tarcia (przyczepno\u015bci) ogumienia samochodowego (LuGre, Wiegnera\/Uffelmanna, Pacejki i model z relaksacj\u0105 si\u0142 przyczepno\u015bci). Om\u00f3wiono r\u00f3\u017cne modele struktury ogumienia, m.in. p\u0142aski model analityczny, przestrzenny model wieloelementowy, model pow\u0142okowy i model FE. W ksi\u0105\u017cce znajduje si\u0119 tak\u017ce opis autorskiego modelu tarcia EXP ko\u0142a jezdnego nap\u0119dzanego, opracowanego na podstawie bada\u0144 do\u015bwiadczalnych.<br \/>\nBardzo ciekawa jest ta cz\u0119\u015b\u0107 pracy, gdzie przeprowadzono analiz\u0119 dynamiki ruchu pojazd\u00f3w wyczynowych typu Top Fuel Dragster, a tak\u017ce przedstawiono teori\u0119 elastycznego ko\u0142a jezdnego (p\u0119du bie\u017cnika) opracowan\u0105 przez Halluma, umo\u017cliwiaj\u0105c\u0105 zinterpretowanie zjawisk dynamicznych towarzysz\u0105cych ruszaniu. Na zako\u0144czenie opisano histori\u0119 ko\u0142a jezdnego.<br \/>\nKsi\u0105\u017cka jest adresowana do student\u00f3w i pracownik\u00f3w naukowych zajmuj\u0105cy si\u0119 zagadnieniami mechaniki pojazdu ko\u0142owego, a tak\u017ce pracownik\u00f3w przemys\u0142u motoryzacyjnego.<\/p>\n","protected":false},"excerpt":{"rendered":"<p>Autor: Andrzejewski Ryszard Wydawca: Wydawnictwo Naukowe PWN Oprawa: Mi\u0119kka Format: [&hellip;]<\/p>\n","protected":false},"featured_media":11278,"template":"","meta":[],"product_brand":[],"product_cat":[41,7711],"product_tag":[7888,1853],"class_list":{"0":"post-11277","1":"product","2":"type-product","3":"status-publish","4":"has-post-thumbnail","6":"product_cat-nauki-techniczne","7":"product_cat-pojazdy-samochodowe","8":"product_tag-pneumatyka","9":"product_tag-pojazdy-samochodowe","11":"first","12":"instock","13":"sale","14":"shipping-taxable","15":"purchasable","16":"product-type-simple"},"_links":{"self":[{"href":"http:\/\/ksiegarnia-akademicka.pl\/index.php\/wp-json\/wp\/v2\/product\/11277","targetHints":{"allow":["GET"]}}],"collection":[{"href":"http:\/\/ksiegarnia-akademicka.pl\/index.php\/wp-json\/wp\/v2\/product"}],"about":[{"href":"http:\/\/ksiegarnia-akademicka.pl\/index.php\/wp-json\/wp\/v2\/types\/product"}],"wp:featuredmedia":[{"embeddable":true,"href":"http:\/\/ksiegarnia-akademicka.pl\/index.php\/wp-json\/wp\/v2\/media\/11278"}],"wp:attachment":[{"href":"http:\/\/ksiegarnia-akademicka.pl\/index.php\/wp-json\/wp\/v2\/media?parent=11277"}],"wp:term":[{"taxonomy":"product_brand","embeddable":true,"href":"http:\/\/ksiegarnia-akademicka.pl\/index.php\/wp-json\/wp\/v2\/product_brand?post=11277"},{"taxonomy":"product_cat","embeddable":true,"href":"http:\/\/ksiegarnia-akademicka.pl\/index.php\/wp-json\/wp\/v2\/product_cat?post=11277"},{"taxonomy":"product_tag","embeddable":true,"href":"http:\/\/ksiegarnia-akademicka.pl\/index.php\/wp-json\/wp\/v2\/product_tag?post=11277"}],"curies":[{"name":"wp","href":"https:\/\/api.w.org\/{rel}","templated":true}]}}