{"id":11245,"date":"2019-05-20T09:01:55","date_gmt":"2019-05-20T07:01:55","guid":{"rendered":"http:\/\/ksiegarnia-akademicka.pl\/?post_type=product&#038;p=11245"},"modified":"2019-05-20T09:01:56","modified_gmt":"2019-05-20T07:01:56","slug":"slownik-specjalistyczny-prawo-administracja-unia-europejska-jezyk-polski-angielski-niemiecki","status":"publish","type":"product","link":"http:\/\/ksiegarnia-akademicka.pl\/index.php\/product\/slownik-specjalistyczny-prawo-administracja-unia-europejska-jezyk-polski-angielski-niemiecki\/","title":{"rendered":"S\u0142ownik specjalistyczny Prawo Administracja Unia Europejska. J\u0119zyk Polski\/Angielski\/Niemiecki"},"content":{"rendered":"<p>Autor:<br \/>\nzbiorowe Opracowanie<br \/>\nWydawca: LektorKlett<br \/>\nOprawa: Mi\u0119kka<br \/>\nLiczba stron: 400<br \/>\nRok wydania: 2019<br \/>\nJ\u0119zyk wydania: polski, angielski, niemiecki<\/p>\n<p>S\u0141OWNIK SPECJALISTYCZNY<br \/>\nPRAWO, ADMINISTRACJA, UNIA EUROPEJSKA<br \/>\npolski \u2022 angielski \u2022 niemiecki<\/p>\n<p>Cenne \u017ar\u00f3d\u0142o fachowej wiedzy j\u0119zykowej oraz narz\u0119dzie przydatne w codziennej pracy. S\u0142ownik adresowany do szerokiego grona specjalist\u00f3w, m.in. pracownik\u00f3w administracji publicznej i wymiaru sprawiedliwo\u015bci, policjant\u00f3w, t\u0142umaczy, pracownik\u00f3w naukowych, student\u00f3w. Zawiera specjalistyczna terminologie z dziedziny prawa, administracji oraz Unii Europejskiej w trzech j\u0119zykach. Ka\u017cde g\u0142\u00f3wne has\u0142o zawiera najcz\u0119\u015bciej u\u017cywane kolokacje i charakterystyczne wyra\u017cenia. Podzia\u0142 s\u0142ownictwa wg kategorii tematycznych u\u0142atwia odnalezienie t\u0142umaczenia szukanego poj\u0119cia. Zamieszczone na ko\u0144cu s\u0142ownika indeksy rzeczowe w trzech j\u0119zykach u\u0142atwiaj\u0105 szybkie odnalezienie s\u0142\u00f3w has\u0142owych.<\/p>\n","protected":false},"excerpt":{"rendered":"<p>Autor: zbiorowe Opracowanie Wydawca: LektorKlett Oprawa: Mi\u0119kka Liczba stron: 400 [&hellip;]<\/p>\n","protected":false},"featured_media":11246,"template":"","meta":[],"product_brand":[],"product_cat":[7492,37,18,25],"product_tag":[3466,1705,250],"class_list":{"0":"post-11245","1":"product","2":"type-product","3":"status-publish","4":"has-post-thumbnail","6":"product_cat-administracyjne","7":"product_cat-jezyki-obce","8":"product_cat-prawo","9":"product_cat-unia-europejska","10":"product_tag-administracja","11":"product_tag-slownik","12":"product_tag-unia-europejska","14":"first","15":"instock","16":"sale","17":"shipping-taxable","18":"purchasable","19":"product-type-simple"},"_links":{"self":[{"href":"http:\/\/ksiegarnia-akademicka.pl\/index.php\/wp-json\/wp\/v2\/product\/11245","targetHints":{"allow":["GET"]}}],"collection":[{"href":"http:\/\/ksiegarnia-akademicka.pl\/index.php\/wp-json\/wp\/v2\/product"}],"about":[{"href":"http:\/\/ksiegarnia-akademicka.pl\/index.php\/wp-json\/wp\/v2\/types\/product"}],"wp:featuredmedia":[{"embeddable":true,"href":"http:\/\/ksiegarnia-akademicka.pl\/index.php\/wp-json\/wp\/v2\/media\/11246"}],"wp:attachment":[{"href":"http:\/\/ksiegarnia-akademicka.pl\/index.php\/wp-json\/wp\/v2\/media?parent=11245"}],"wp:term":[{"taxonomy":"product_brand","embeddable":true,"href":"http:\/\/ksiegarnia-akademicka.pl\/index.php\/wp-json\/wp\/v2\/product_brand?post=11245"},{"taxonomy":"product_cat","embeddable":true,"href":"http:\/\/ksiegarnia-akademicka.pl\/index.php\/wp-json\/wp\/v2\/product_cat?post=11245"},{"taxonomy":"product_tag","embeddable":true,"href":"http:\/\/ksiegarnia-akademicka.pl\/index.php\/wp-json\/wp\/v2\/product_tag?post=11245"}],"curies":[{"name":"wp","href":"https:\/\/api.w.org\/{rel}","templated":true}]}}