{"id":11239,"date":"2019-05-20T08:51:13","date_gmt":"2019-05-20T06:51:13","guid":{"rendered":"http:\/\/ksiegarnia-akademicka.pl\/?post_type=product&#038;p=11239"},"modified":"2024-12-04T16:02:01","modified_gmt":"2024-12-04T15:02:01","slug":"terapia-osob-ktore-przetrwaly-traumy-zlozone-jak-przezwyciezac-mechanizmy-wewnetrznej-alienacji-tytul-oryginalny-healing-the-fragmented-selves-of-trauma-survivors-overcoming-internal-self-alienation","status":"publish","type":"product","link":"http:\/\/ksiegarnia-akademicka.pl\/index.php\/product\/terapia-osob-ktore-przetrwaly-traumy-zlozone-jak-przezwyciezac-mechanizmy-wewnetrznej-alienacji-tytul-oryginalny-healing-the-fragmented-selves-of-trauma-survivors-overcoming-internal-self-alienation\/","title":{"rendered":"Terapia os\u00f3b kt\u00f3re przetrwa\u0142y traumy z\u0142o\u017cone Jak przezwyci\u0119\u017ca\u0107 mechanizmy wewn\u0119trznej alienacji Tytu\u0142 oryginalny: Healing the Fragmented Selves of Trauma Survivors: Overcoming Internal Self-Alienation"},"content":{"rendered":"<p>Autor:<br \/>\nJanina Fisher<br \/>\nT\u0142umacze: Moskal Maria<br \/>\nWydawca: Wydawnictwo Uniwersytetu Jagiello\u0144skiego<br \/>\nOprawa: Mi\u0119kka ze skrzyde\u0142kami<br \/>\nFormat: 15.5&#215;23.0cm<br \/>\nLiczba stron: 416<br \/>\nRok wydania: 2019<br \/>\nJ\u0119zyk wydania: polski<\/p>\n<p>Skuteczny spos\u00f3b pracy z osobami dotkni\u0119tymi traum\u0105<\/p>\n<p>Ksi\u0105\u017cka Janiny Fisher, napisana na podstawie poczynionych przez autork\u0119 obserwacji klinicznych, \u0142\u0105czy teori\u0119 traumy, dysocjacji i przywi\u0105zania przedstawion\u0105 z perspektywy neurobiologicznej z praktyk\u0105 podej\u015bcia terapeutycznego. Autorka prezentuje model oparty na wypracowaniu ostatecznego \u201erozwi\u0105zania\u201d, jakim jest przekszta\u0142cenie relacji z w\u0142asnym \u201eja\u201d. Przekszta\u0142cenie takie polega na zast\u0105pieniu uczucia wstydu, obwiniania si\u0119 i nienawi\u015bci do siebie samego pe\u0142n\u0105 wsp\u00f3\u0142czucia akceptacj\u0105. U podstaw opisanych w ksi\u0105\u017cce strategii post\u0119powania le\u017c\u0105 takie metody terapeutyczne, jak psychoterapia sensomotoryczna, coraz bardziej popularna w Polsce psychoterapia systemu wewn\u0119trznej rodziny oraz terapie oparte na uwa\u017cno\u015bci czy hipnoza kliniczna.<\/p>\n<p>Model terapeutyczny zaprezentowany w ksi\u0105\u017cce pos\u0142u\u017cy do pracy ze wszystkimi osobami cierpi\u0105cymi w wyniku traumy. Przyniesie po\u017cytek pacjentom z diagnoz\u0105 zespo\u0142u stresu pourazowego (PTSD), a tak\u017ce osobom po traumie z ADHD, u kt\u00f3rych rozpoznano zaburzenia osobowo\u015bci z pogranicza albo zaburzenia dysocjacyjne. Mog\u0105 go tak\u017ce wykorzysta\u0107 osoby, kt\u00f3re nigdy wcze\u015bniej nie konsultowa\u0142y si\u0119 z \u017cadnym psychiatr\u0105, a do\u015bwiadczy\u0142y napa\u015bci, zastraszania lub przemocy ze strony innej osoby.<\/p>\n<p>\u201eStworzona przez Janin\u0119 Fisher unikatowa mieszanka element\u00f3w koncepcji systemu wewn\u0119trznej rodziny, terapii sensomotorycznej oraz terapii opartej na uwa\u017cno\u015bci stanowi wspania\u0142\u0105 innowacj\u0119 w dziedzinie psychologii psychodynamicznej. Ta ksi\u0105\u017cka \u2013 mocno zakorzeniona w teorii dysocjacji strukturalnej i terapii traumy \u2013 prezentuje spostrze\u017cenia, kt\u00f3re wzbogacaj\u0105 wiedz\u0119 terapeut\u00f3w pracuj\u0105cych zar\u00f3wno z wysokofunkcjonuj\u0105cymi jednostkami z urazem psychicznym, jak i z osobami do g\u0142\u0119bi zniewolonymi traum\u0105. Polecam t\u0119 wyj\u0105tkow\u0105 prac\u0119 wszystkim psychoterapeutom, zw\u0142aszcza zajmuj\u0105cym si\u0119 terapi\u0105 psychodynamiczn\u0105.<br \/>\nKenneth A. Frank, PhD, Psychoterapy Integration Training Program, National Institute for Psychotherapies<\/p>\n<p>Tom zawiera:<br \/>\n\u2022 Rozszczepienie dysocjacyjne i fragmentacja jako reakcje adaptacyjne na anormalne do\u015bwiadczenia.<br \/>\n\u2022 Badania neuronaukowe na temat pami\u0119ci traumatycznej.<br \/>\n\u2022 Nowe role pacjenta i terapeuty.<br \/>\n\u2022 Model dysocjacji strukturalnej.<br \/>\n\u2022 Strategie rozbudzania i piel\u0119gnowania zdolno\u015bci do rozumienia siebie, wsp\u00f3\u0142czucia sobie samemu.<br \/>\n\u2022 Nast\u0119pstwa przywi\u0105zania traumatycznego.<br \/>\n\u2022 Zachowania autodestrukcyjne, zaburzenia od\u017cywiania.<br \/>\n\u2022 Problemy pacjent\u00f3w ze diagnozowalnymi zaburzeniami dysocjacyjnymi (DID, DDNOS, zesp\u00f3\u0142 depersonalizacji).<br \/>\n\u2022 Opisy przypadk\u00f3w klinicznych.<\/p>\n<p>Janina Fisher, PhD, jest zast\u0119pczyni\u0105 kierownika dydaktycznego w Sensorimotor Psychotherapy Institute, konsultantk\u0105 EMDR International Association (EMDRIA) i by\u0142\u0105 wyk\u0142adowczyni\u0105 w Trauma Center \u2013 o\u015brodku kliniczno-badawczym za\u0142o\u017conym przez Bessela van der Kolka. Ceniona i do\u015bwiadczona klinicystka, autorka publikacji oraz prelegentka. Pe\u0142ni\u0142a funkcj\u0119 przewodnicz\u0105cej New England Society for the Treatment of Trauma and Dissociation, pracowa\u0142a jako wyk\u0142adowczyni w Harvard Medical School. Jest wsp\u00f3\u0142autork\u0105 ksi\u0105\u017cki Sensimotor Psychoterapy: Interventions for Trauma and Attachment.<\/p>\n","protected":false},"excerpt":{"rendered":"<p>Autor: Janina Fisher T\u0142umacze: Moskal Maria Wydawca: Wydawnictwo Uniwersytetu Jagiello\u0144skiego [&hellip;]<\/p>\n","protected":false},"featured_media":11240,"template":"","meta":[],"product_brand":[],"product_cat":[27,7509],"product_tag":[1665,1186,1659],"class_list":{"0":"post-11239","1":"product","2":"type-product","3":"status-publish","4":"has-post-thumbnail","6":"product_cat-nauki-spoleczne","7":"product_cat-psychologia","8":"product_tag-psychiatria","9":"product_tag-psychologia","10":"product_tag-psychoterapia","12":"first","13":"instock","14":"sale","15":"shipping-taxable","16":"purchasable","17":"product-type-simple"},"_links":{"self":[{"href":"http:\/\/ksiegarnia-akademicka.pl\/index.php\/wp-json\/wp\/v2\/product\/11239","targetHints":{"allow":["GET"]}}],"collection":[{"href":"http:\/\/ksiegarnia-akademicka.pl\/index.php\/wp-json\/wp\/v2\/product"}],"about":[{"href":"http:\/\/ksiegarnia-akademicka.pl\/index.php\/wp-json\/wp\/v2\/types\/product"}],"wp:featuredmedia":[{"embeddable":true,"href":"http:\/\/ksiegarnia-akademicka.pl\/index.php\/wp-json\/wp\/v2\/media\/11240"}],"wp:attachment":[{"href":"http:\/\/ksiegarnia-akademicka.pl\/index.php\/wp-json\/wp\/v2\/media?parent=11239"}],"wp:term":[{"taxonomy":"product_brand","embeddable":true,"href":"http:\/\/ksiegarnia-akademicka.pl\/index.php\/wp-json\/wp\/v2\/product_brand?post=11239"},{"taxonomy":"product_cat","embeddable":true,"href":"http:\/\/ksiegarnia-akademicka.pl\/index.php\/wp-json\/wp\/v2\/product_cat?post=11239"},{"taxonomy":"product_tag","embeddable":true,"href":"http:\/\/ksiegarnia-akademicka.pl\/index.php\/wp-json\/wp\/v2\/product_tag?post=11239"}],"curies":[{"name":"wp","href":"https:\/\/api.w.org\/{rel}","templated":true}]}}