{"id":11231,"date":"2019-05-20T08:42:14","date_gmt":"2019-05-20T06:42:14","guid":{"rendered":"http:\/\/ksiegarnia-akademicka.pl\/?post_type=product&#038;p=11231"},"modified":"2024-12-04T16:02:36","modified_gmt":"2024-12-04T15:02:36","slug":"neurotyczna-osobowosc-naszych-czasow-tytul-oryginalny-the-neurotic-personality-of-our-time","status":"publish","type":"product","link":"http:\/\/ksiegarnia-akademicka.pl\/index.php\/product\/neurotyczna-osobowosc-naszych-czasow-tytul-oryginalny-the-neurotic-personality-of-our-time\/","title":{"rendered":"Neurotyczna osobowo\u015b\u0107 naszych czas\u00f3w Tytu\u0142 oryginalny: The Neurotic Personality of Our Time"},"content":{"rendered":"<p>Autor:<br \/>\nKaren Horney<br \/>\nT\u0142umacze: Grzego\u0142owska-Klarkowska Helena<br \/>\nWydawca: Rebis<br \/>\nOprawa: Mi\u0119kka<br \/>\nFormat: 12.5&#215;19.5cm<br \/>\nLiczba stron: 240<br \/>\nWydanie: 1<br \/>\nRok wydania: 2019<br \/>\nJ\u0119zyk wydania: polski<\/p>\n<p>Jedna z podstawowych lektur na studiach psychologicznych.<br \/>\nHorney przedstawia obraz neurotyka, z jego konfliktami, l\u0119kami, cierpieniem I trudno\u015bciami, jakie ma on z samym sob\u0105 oraz w kontaktach z innymi lud\u017ami, a tak\u017ce pr\u00f3by ich rozwi\u0105zania. Jest to podsumowanie pierwszych do\u015bwiadcze\u0144 zdobytych przez autork\u0119 w pracy klinicznej nad nerwicami, a jednocze\u015bnie ilustracja pewnego etapu rozwoju my\u015bli neopsychoanalitycznej. Do dzi\u015b jedna z podstawowych lektur na studiach psychologicznych.<\/p>\n","protected":false},"excerpt":{"rendered":"<p>Autor: Karen Horney T\u0142umacze: Grzego\u0142owska-Klarkowska Helena Wydawca: Rebis Oprawa: Mi\u0119kka [&hellip;]<\/p>\n","protected":false},"featured_media":11232,"template":"","meta":[],"product_brand":[],"product_cat":[27,7509],"product_tag":[6028,1665,1186],"class_list":{"0":"post-11231","1":"product","2":"type-product","3":"status-publish","4":"has-post-thumbnail","6":"product_cat-nauki-spoleczne","7":"product_cat-psychologia","8":"product_tag-depresja","9":"product_tag-psychiatria","10":"product_tag-psychologia","12":"first","13":"instock","14":"sale","15":"shipping-taxable","16":"purchasable","17":"product-type-simple"},"_links":{"self":[{"href":"http:\/\/ksiegarnia-akademicka.pl\/index.php\/wp-json\/wp\/v2\/product\/11231","targetHints":{"allow":["GET"]}}],"collection":[{"href":"http:\/\/ksiegarnia-akademicka.pl\/index.php\/wp-json\/wp\/v2\/product"}],"about":[{"href":"http:\/\/ksiegarnia-akademicka.pl\/index.php\/wp-json\/wp\/v2\/types\/product"}],"wp:featuredmedia":[{"embeddable":true,"href":"http:\/\/ksiegarnia-akademicka.pl\/index.php\/wp-json\/wp\/v2\/media\/11232"}],"wp:attachment":[{"href":"http:\/\/ksiegarnia-akademicka.pl\/index.php\/wp-json\/wp\/v2\/media?parent=11231"}],"wp:term":[{"taxonomy":"product_brand","embeddable":true,"href":"http:\/\/ksiegarnia-akademicka.pl\/index.php\/wp-json\/wp\/v2\/product_brand?post=11231"},{"taxonomy":"product_cat","embeddable":true,"href":"http:\/\/ksiegarnia-akademicka.pl\/index.php\/wp-json\/wp\/v2\/product_cat?post=11231"},{"taxonomy":"product_tag","embeddable":true,"href":"http:\/\/ksiegarnia-akademicka.pl\/index.php\/wp-json\/wp\/v2\/product_tag?post=11231"}],"curies":[{"name":"wp","href":"https:\/\/api.w.org\/{rel}","templated":true}]}}