{"id":11219,"date":"2019-05-18T09:29:28","date_gmt":"2019-05-18T07:29:28","guid":{"rendered":"http:\/\/ksiegarnia-akademicka.pl\/?post_type=product&#038;p=11219"},"modified":"2019-05-18T09:29:29","modified_gmt":"2019-05-18T07:29:29","slug":"stany-nagle-w-geriatrii-tytul-oryginalny-geriatric-emergencies","status":"publish","type":"product","link":"http:\/\/ksiegarnia-akademicka.pl\/index.php\/product\/stany-nagle-w-geriatrii-tytul-oryginalny-geriatric-emergencies\/","title":{"rendered":"Stany nag\u0142e w geriatrii Tytu\u0142 oryginalny: Geriatric Emergencies"},"content":{"rendered":"<p>Autor:<br \/>\nI. Murdoch<br \/>\nWydawca: Edra Urban &amp; Partner<br \/>\nOprawa: Mi\u0119kka<br \/>\nFormat: 17.0&#215;24.0cm<br \/>\nLiczba stron: 300<br \/>\nWydanie: 1<br \/>\nRok wydania: 2017<br \/>\nJ\u0119zyk wydania: polski<\/p>\n<p>Zmieniaj\u0105ca si\u0119 demografia naszej populacji stanowi niezwyk\u0142y ho\u0142d sk\u0142adany osi\u0105gni\u0119ciom wsp\u00f3\u0142czesnej medycyny. Zmianom tym towarzysz\u0105 jednak coraz bardziej z\u0142o\u017cone wyzwania. Jak opiekowa\u0107 si\u0119 s\u0142abym, starszym pacjentem cierpi\u0105cym na wiele chor\u00f3b wsp\u00f3\u0142istniej\u0105cych w \u015brodowisku nastawionym na leczenie schorze\u0144 pojedynczych narz\u0105d\u00f3w oraz na szybki wypis ze szpitala? Jak porz\u0105dkowa\u0107 liczne istotne informacje na temat lek\u00f3w stosowanych przez pacjenta, jak w\u0142a\u015bciwie ocenia\u0107 jego potrzeby w dziedzinie kontakt\u00f3w spo\u0142ecznych i opieki, dzia\u0142aj\u0105c pod presj\u0105 czasu ze \u015bwiadomo\u015bci\u0105, \u017ce w kolejce po porad\u0119 czeka bardzo wiele os\u00f3b? Jak mo\u017cna efektywnie, lecz bezpiecznie zbada\u0107 osob\u0119 w podesz\u0142ym wieku z wieloma aktywnymi i nieaktywnymi dolegliwo\u015bciami?<br \/>\nKsi\u0105\u017cka Stany nag\u0142e w geriatrii jest przydatnym \u017ar\u00f3d\u0142em informacji dla wszystkich lekarzy, kt\u00f3rzy w swojej praktyce nios\u0105 pomoc pacjentom w starszym wieku. Wiele spo\u015br\u00f3d opisywanych w niej sytuacji ma miejsce nie tylko na SOR, lecz tak\u017ce na oddzia\u0142ach specjalistycznych, og\u00f3lnych i chirurgicznych.<\/p>\n","protected":false},"excerpt":{"rendered":"<p>Autor: I. Murdoch Wydawca: Edra Urban &amp; Partner Oprawa: Mi\u0119kka [&hellip;]<\/p>\n","protected":false},"featured_media":11220,"template":"","meta":[],"product_brand":[],"product_cat":[7493],"product_tag":[7215,6586,6863],"class_list":{"0":"post-11219","1":"product","2":"type-product","3":"status-publish","4":"has-post-thumbnail","6":"product_cat-medycyna","7":"product_tag-geriatria","8":"product_tag-pierwsza-pomoc","9":"product_tag-stany-nagle","11":"first","12":"instock","13":"sale","14":"shipping-taxable","15":"purchasable","16":"product-type-simple"},"_links":{"self":[{"href":"http:\/\/ksiegarnia-akademicka.pl\/index.php\/wp-json\/wp\/v2\/product\/11219","targetHints":{"allow":["GET"]}}],"collection":[{"href":"http:\/\/ksiegarnia-akademicka.pl\/index.php\/wp-json\/wp\/v2\/product"}],"about":[{"href":"http:\/\/ksiegarnia-akademicka.pl\/index.php\/wp-json\/wp\/v2\/types\/product"}],"wp:featuredmedia":[{"embeddable":true,"href":"http:\/\/ksiegarnia-akademicka.pl\/index.php\/wp-json\/wp\/v2\/media\/11220"}],"wp:attachment":[{"href":"http:\/\/ksiegarnia-akademicka.pl\/index.php\/wp-json\/wp\/v2\/media?parent=11219"}],"wp:term":[{"taxonomy":"product_brand","embeddable":true,"href":"http:\/\/ksiegarnia-akademicka.pl\/index.php\/wp-json\/wp\/v2\/product_brand?post=11219"},{"taxonomy":"product_cat","embeddable":true,"href":"http:\/\/ksiegarnia-akademicka.pl\/index.php\/wp-json\/wp\/v2\/product_cat?post=11219"},{"taxonomy":"product_tag","embeddable":true,"href":"http:\/\/ksiegarnia-akademicka.pl\/index.php\/wp-json\/wp\/v2\/product_tag?post=11219"}],"curies":[{"name":"wp","href":"https:\/\/api.w.org\/{rel}","templated":true}]}}