{"id":11183,"date":"2019-05-16T15:43:33","date_gmt":"2019-05-16T13:43:33","guid":{"rendered":"http:\/\/ksiegarnia-akademicka.pl\/?post_type=product&#038;p=11183"},"modified":"2019-05-16T15:43:33","modified_gmt":"2019-05-16T13:43:33","slug":"wybrane-aspekty-zarzadzania-bezpieczenstwem-pracy","status":"publish","type":"product","link":"http:\/\/ksiegarnia-akademicka.pl\/index.php\/product\/wybrane-aspekty-zarzadzania-bezpieczenstwem-pracy\/","title":{"rendered":"WYBRANE ASPEKTY ZARZ\u0104DZANIA BEZPIECZE\u0143STWEM PRACY"},"content":{"rendered":"<p>Ma\u0142gorzata Lotko<\/p>\n<p>wyd. I, 2014, B-5, stron 116 (podr\u0119cznik) cena 25,20 z\u0142<\/p>\n<p>W publikacji zaprezentowano analiz\u0119 oraz usystematyzowanie podstawowych zagadnie\u0144 z zakresu zarz\u0105dzania bezpiecze\u0144stwem pracy. Om\u00f3wiono m.in. elementy systemu zarz\u0105dzania bezpiecze\u0144stwem i higien\u0105 pracy ze szczeg\u00f3lnym uwzgl\u0119dnieniem ryzyka zawodowego. Przedstawiono podstawy teoretyczne z zakresu ergonomii oraz jej znaczenie dla w\u0142a\u015bciwego funkcjonowania cz\u0142owieka w procesie pracy. Podano definicje kultury organizacyjnej oraz jej model.<\/p>\n","protected":false},"excerpt":{"rendered":"<p>Ma\u0142gorzata Lotko wyd. I, 2014, B-5, stron 116 (podr\u0119cznik) cena [&hellip;]<\/p>\n","protected":false},"featured_media":11184,"template":"","meta":[],"product_brand":[],"product_cat":[7523,18,7550,43],"product_tag":[4938,793,149],"class_list":{"0":"post-11183","1":"product","2":"type-product","3":"status-publish","4":"has-post-thumbnail","6":"product_cat-nauki-ekonomiczne","7":"product_cat-prawo","8":"product_cat-prawo-pracy","9":"product_cat-wydawnictwo-uth","10":"product_tag-bezpieczenstwo-pracy","11":"product_tag-prawo-pracy","12":"product_tag-skrypty-uniwersytetu-technologiczno-humanistycznego","14":"first","15":"instock","16":"shipping-taxable","17":"purchasable","18":"product-type-simple"},"_links":{"self":[{"href":"http:\/\/ksiegarnia-akademicka.pl\/index.php\/wp-json\/wp\/v2\/product\/11183","targetHints":{"allow":["GET"]}}],"collection":[{"href":"http:\/\/ksiegarnia-akademicka.pl\/index.php\/wp-json\/wp\/v2\/product"}],"about":[{"href":"http:\/\/ksiegarnia-akademicka.pl\/index.php\/wp-json\/wp\/v2\/types\/product"}],"wp:featuredmedia":[{"embeddable":true,"href":"http:\/\/ksiegarnia-akademicka.pl\/index.php\/wp-json\/wp\/v2\/media\/11184"}],"wp:attachment":[{"href":"http:\/\/ksiegarnia-akademicka.pl\/index.php\/wp-json\/wp\/v2\/media?parent=11183"}],"wp:term":[{"taxonomy":"product_brand","embeddable":true,"href":"http:\/\/ksiegarnia-akademicka.pl\/index.php\/wp-json\/wp\/v2\/product_brand?post=11183"},{"taxonomy":"product_cat","embeddable":true,"href":"http:\/\/ksiegarnia-akademicka.pl\/index.php\/wp-json\/wp\/v2\/product_cat?post=11183"},{"taxonomy":"product_tag","embeddable":true,"href":"http:\/\/ksiegarnia-akademicka.pl\/index.php\/wp-json\/wp\/v2\/product_tag?post=11183"}],"curies":[{"name":"wp","href":"https:\/\/api.w.org\/{rel}","templated":true}]}}