{"id":11144,"date":"2019-05-15T09:16:54","date_gmt":"2019-05-15T07:16:54","guid":{"rendered":"http:\/\/ksiegarnia-akademicka.pl\/?post_type=product&#038;p=11144"},"modified":"2024-12-04T16:03:25","modified_gmt":"2024-12-04T15:03:25","slug":"spor-o-legalizacje-eutanazji-przeglad-argumentow","status":"publish","type":"product","link":"http:\/\/ksiegarnia-akademicka.pl\/index.php\/product\/spor-o-legalizacje-eutanazji-przeglad-argumentow\/","title":{"rendered":"Sp\u00f3r o legalizacj\u0119 eutanazji Przegl\u0105d argument\u00f3w"},"content":{"rendered":"<p>Autor:<br \/>\nBogna Wach<br \/>\nWydawca: Silva Rerum<br \/>\nOprawa: Mi\u0119kka<br \/>\nFormat: 17.0&#215;24.0cm<br \/>\nLiczba stron: 366<br \/>\nRok wydania: 2019<br \/>\nJ\u0119zyk wydania: polski<\/p>\n<p>Szybki post\u0119p medycyny i rozw\u00f3j jej technicznych mo\u017cliwo\u015bci dostarcza nowych metod leczenia chor\u00f3b i ratowania \u017cycia. Jednocze\u015bnie wyostrza on najbardziej fundamentalne i trudne problemy moralne, dotycz\u0105ce \u017cycia i \u015bmierci. Oczywi\u015bcie sam problem eutanazji, rozumianej jako zadanie bezbolesnej \u015bmierci w przypadku przed\u0142u\u017caj\u0105cej si\u0119 agonii lub choroby niedaj\u0105cej nadziei na wyleczenie, nie jest nowy. Nie dotyczy ju\u017c tylko sytuacji, w kt\u00f3rej nieuleczalnie chora osoba (najcz\u0119\u015bciej na nowotw\u00f3r) prosi o skr\u00f3cenie \u017cycia np. poprzez podanie jej dawki morfiny. Pojawi\u0142y si\u0119 bowiem nowe sytuacje zwi\u0105zane z rozwojem technologii medycznych, a szczeg\u00f3lnie intensywnej terapii, kt\u00f3re nie mia\u0142y miejsca jeszcze 50-60 lat temu. Powstaj\u0105 w zwi\u0105zku z tym pytania: jak post\u0119powa\u0107 z pacjentami np. w stanie trwale wegetatywnym? Czy mo\u017cna zrezygnowa\u0107: z nawadniania i od\u017cywiania takich pacjent\u00f3w, z podawania lek\u00f3w zwalczaj\u0105cych infekcje oraz od\u0142\u0105czy\u0107 aparatur\u0119 podtrzymuj\u0105c\u0105 \u017cycie? Jak post\u0119powa\u0107 w przypadku dzieci dotkni\u0119tych nieuleczalnymi wadami, np. bezm\u00f3zgowiem?<br \/>\nW jakich sytuacjach rezygnacja ze \u015brodk\u00f3w ratuj\u0105cych i podtrzymuj\u0105cych \u017cycie jest przerwaniem uporczywej terapii, a w jakich przypadkach jest to eutanazja bierna?<br \/>\nW jakich przypadkach podawanie \u015brodk\u00f3w przeciwb\u00f3lowych, b\u0119d\u0105ce g\u0142\u00f3wnym zadaniem opieki paliatywnej nad nieuleczalnie chorym pacjentem, mo\u017ce sta\u0107 si\u0119 eutanazj\u0105 czynn\u0105? W jaki spos\u00f3b oceni\u0107 terminaln\u0105 sedacj\u0119?<\/p>\n","protected":false},"excerpt":{"rendered":"<p>Autor: Bogna Wach Wydawca: Silva Rerum Oprawa: Mi\u0119kka Format: 17.0&#215;24.0cm [&hellip;]<\/p>\n","protected":false},"featured_media":11145,"template":"","meta":[],"product_brand":[],"product_cat":[7505,7506,7490,27,18],"product_tag":[235,7878,233,296],"class_list":{"0":"post-11144","1":"product","2":"type-product","3":"status-publish","4":"has-post-thumbnail","6":"product_cat-etyka","7":"product_cat-filozofia","8":"product_cat-karne","9":"product_cat-nauki-spoleczne","10":"product_cat-prawo","11":"product_tag-etyka","12":"product_tag-eutanazja","13":"product_tag-filozofia","14":"product_tag-prawo-karne","16":"first","17":"instock","18":"sale","19":"shipping-taxable","20":"purchasable","21":"product-type-simple"},"_links":{"self":[{"href":"http:\/\/ksiegarnia-akademicka.pl\/index.php\/wp-json\/wp\/v2\/product\/11144","targetHints":{"allow":["GET"]}}],"collection":[{"href":"http:\/\/ksiegarnia-akademicka.pl\/index.php\/wp-json\/wp\/v2\/product"}],"about":[{"href":"http:\/\/ksiegarnia-akademicka.pl\/index.php\/wp-json\/wp\/v2\/types\/product"}],"wp:featuredmedia":[{"embeddable":true,"href":"http:\/\/ksiegarnia-akademicka.pl\/index.php\/wp-json\/wp\/v2\/media\/11145"}],"wp:attachment":[{"href":"http:\/\/ksiegarnia-akademicka.pl\/index.php\/wp-json\/wp\/v2\/media?parent=11144"}],"wp:term":[{"taxonomy":"product_brand","embeddable":true,"href":"http:\/\/ksiegarnia-akademicka.pl\/index.php\/wp-json\/wp\/v2\/product_brand?post=11144"},{"taxonomy":"product_cat","embeddable":true,"href":"http:\/\/ksiegarnia-akademicka.pl\/index.php\/wp-json\/wp\/v2\/product_cat?post=11144"},{"taxonomy":"product_tag","embeddable":true,"href":"http:\/\/ksiegarnia-akademicka.pl\/index.php\/wp-json\/wp\/v2\/product_tag?post=11144"}],"curies":[{"name":"wp","href":"https:\/\/api.w.org\/{rel}","templated":true}]}}