{"id":11134,"date":"2019-05-15T08:55:08","date_gmt":"2019-05-15T06:55:08","guid":{"rendered":"http:\/\/ksiegarnia-akademicka.pl\/?post_type=product&#038;p=11134"},"modified":"2024-12-04T16:03:54","modified_gmt":"2024-12-04T15:03:54","slug":"mechanizmy-ochrony-praworzadnosci-panstw-czlonkowskich-w-prawie-unii-europejskiej","status":"publish","type":"product","link":"http:\/\/ksiegarnia-akademicka.pl\/index.php\/product\/mechanizmy-ochrony-praworzadnosci-panstw-czlonkowskich-w-prawie-unii-europejskiej\/","title":{"rendered":"Mechanizmy ochrony praworz\u0105dno\u015bci pa\u0144stw cz\u0142onkowskich w prawie Unii Europejskiej"},"content":{"rendered":"<p>Autor:<br \/>\nMaciej Taborowski<br \/>\nWydawca: Wolters Kluwer<br \/>\nOprawa: Twarda<br \/>\nLiczba stron: 484<br \/>\nWydanie: 1<br \/>\nRok wydania: 2019<br \/>\nJ\u0119zyk wydania: polski<\/p>\n<p>Ksi\u0105\u017cka jest pierwsz\u0105 na polskim rynku publikacj\u0105, w kt\u00f3rej w spos\u00f3b przyst\u0119pny i kompleksowy zosta\u0142y om\u00f3wione precedensowe zagadnienia prawne dotycz\u0105ce ochrony praworz\u0105dno\u015bci pa\u0144stw cz\u0142onkowskich w prawie Unii Europejskiej. Autor wyja\u015bnia poj\u0119cie praworz\u0105dno\u015bci (art. 2 TUE) i bada jego znaczenie w unijnym porz\u0105dku prawnym, przedstawia te\u017c charakterystyk\u0119 istniej\u0105cych mechanizm\u00f3w ochrony praworz\u0105dno\u015bci:<br \/>\n-mpolitycznych (procedura z art. 7 TUE, post\u0119powanie Komisji na podstawie Komunikatu \u201eNowe ramy na rzecz umocnienia praworz\u0105dno\u015bci\u201d),<br \/>\n&#8211; s\u0105dowych (procedura uchybieniowa z art. 258\u2013260 TFUE, ochrona praworz\u0105dno\u015bci w ramach post\u0119powa\u0144 przed s\u0105dami krajowymi i procedury prejudycjalnej z art. 267 TFUE).<br \/>\nW monografii zosta\u0142a przeprowadzona krytyczna analiza najnowszych orzecze\u0144 Trybuna\u0142u Sprawiedliwo\u015bci UE dotycz\u0105cych omawianego zagadnienia oraz problem\u00f3w prawnych odnosz\u0105cych si\u0119 post\u0119powa\u0144 prowadzonych na poziomie krajowym i unijnym w zwi\u0105zku z niezale\u017cno\u015bci\u0105 s\u0105downictwa polskiego.<\/p>\n","protected":false},"excerpt":{"rendered":"<p>Autor: Maciej Taborowski Wydawca: Wolters Kluwer Oprawa: Twarda Liczba stron: [&hellip;]<\/p>\n","protected":false},"featured_media":11135,"template":"","meta":[],"product_brand":[],"product_cat":[18,7719,25],"product_tag":[1550,1100],"class_list":{"0":"post-11134","1":"product","2":"type-product","3":"status-publish","4":"has-post-thumbnail","6":"product_cat-prawo","7":"product_cat-prawo-miedzynarodowe","8":"product_cat-unia-europejska","9":"product_tag-komentarze-i-opracowania","10":"product_tag-prawo-unii-europejskiej","12":"first","13":"instock","14":"sale","15":"shipping-taxable","16":"purchasable","17":"product-type-simple"},"_links":{"self":[{"href":"http:\/\/ksiegarnia-akademicka.pl\/index.php\/wp-json\/wp\/v2\/product\/11134","targetHints":{"allow":["GET"]}}],"collection":[{"href":"http:\/\/ksiegarnia-akademicka.pl\/index.php\/wp-json\/wp\/v2\/product"}],"about":[{"href":"http:\/\/ksiegarnia-akademicka.pl\/index.php\/wp-json\/wp\/v2\/types\/product"}],"wp:featuredmedia":[{"embeddable":true,"href":"http:\/\/ksiegarnia-akademicka.pl\/index.php\/wp-json\/wp\/v2\/media\/11135"}],"wp:attachment":[{"href":"http:\/\/ksiegarnia-akademicka.pl\/index.php\/wp-json\/wp\/v2\/media?parent=11134"}],"wp:term":[{"taxonomy":"product_brand","embeddable":true,"href":"http:\/\/ksiegarnia-akademicka.pl\/index.php\/wp-json\/wp\/v2\/product_brand?post=11134"},{"taxonomy":"product_cat","embeddable":true,"href":"http:\/\/ksiegarnia-akademicka.pl\/index.php\/wp-json\/wp\/v2\/product_cat?post=11134"},{"taxonomy":"product_tag","embeddable":true,"href":"http:\/\/ksiegarnia-akademicka.pl\/index.php\/wp-json\/wp\/v2\/product_tag?post=11134"}],"curies":[{"name":"wp","href":"https:\/\/api.w.org\/{rel}","templated":true}]}}