{"id":11121,"date":"2019-05-13T13:42:58","date_gmt":"2019-05-13T11:42:58","guid":{"rendered":"http:\/\/ksiegarnia-akademicka.pl\/?post_type=product&#038;p=11121"},"modified":"2024-12-04T16:04:35","modified_gmt":"2024-12-04T15:04:35","slug":"elementy-analizy-i-przetwarzania-sygnalow-w-systemach-informacyjnych","status":"publish","type":"product","link":"http:\/\/ksiegarnia-akademicka.pl\/index.php\/product\/elementy-analizy-i-przetwarzania-sygnalow-w-systemach-informacyjnych\/","title":{"rendered":"Elementy analizy i przetwarzania sygna\u0142\u00f3w w systemach informacyjnych"},"content":{"rendered":"<p>Zbigniew \u0141ukasik<br \/>\nWydawnictwo UTH<br \/>\nRadom 2019 wyd.I<br \/>\nSeria: Monografie<br \/>\nStron 198<\/p>\n<p>W publikacji przedstawiono opis sygna\u0142\u00f3w i ich analiz\u0119, charakterystyk\u0119 proces\u00f3w stochastycznych, dyskretne systemy informacyjne, kodowanie sygna\u0142\u00f3w dyskretnych. Om\u00f3wiono tak\u017ce ci\u0105g\u0142e systemy informacyjne oraz elementy teorii podejmowania decyzji. Ostatni rozdzia\u0142 po\u015bwi\u0119cono informacyjnej ocenie funkcjonowania system\u00f3w sterowania.<\/p>\n<p>Spis tre\u015bci:<br \/>\nPrzedmowa<br \/>\n1. Opis sygna\u0142\u00f3w i ich analiza<br \/>\n2. Charakterystyka proces\u00f3w stochastycznych<br \/>\n3. Dyskretne systemy informacyjne<br \/>\n4. Kodowanie sygna\u0142\u00f3w dyskretnych<br \/>\n5. Ci\u0105g\u0142e systemy informacyjne<br \/>\n6. Elementy teorii podejmowania decyzji<br \/>\n7. Informacyjna ocena funkcjonowania system\u00f3w sterowania<br \/>\nLiteratura<\/p>\n","protected":false},"excerpt":{"rendered":"<p>Zbigniew \u0141ukasik Wydawnictwo UTH Radom 2019 wyd.I Seria: Monografie Stron [&hellip;]<\/p>\n","protected":false},"featured_media":11122,"template":"","meta":[],"product_brand":[],"product_cat":[7526,43],"product_tag":[121,6255,79,7876],"class_list":{"0":"post-11121","1":"product","2":"type-product","3":"status-publish","4":"has-post-thumbnail","6":"product_cat-automatyka-elektronika-telekomunikacja","7":"product_cat-wydawnictwo-uth","8":"product_tag-automatyka","9":"product_tag-mechatronika","10":"product_tag-skrypty-uth","11":"product_tag-systemy-przetwarzania-sygnalow","13":"first","14":"outofstock","15":"shipping-taxable","16":"purchasable","17":"product-type-simple"},"_links":{"self":[{"href":"http:\/\/ksiegarnia-akademicka.pl\/index.php\/wp-json\/wp\/v2\/product\/11121","targetHints":{"allow":["GET"]}}],"collection":[{"href":"http:\/\/ksiegarnia-akademicka.pl\/index.php\/wp-json\/wp\/v2\/product"}],"about":[{"href":"http:\/\/ksiegarnia-akademicka.pl\/index.php\/wp-json\/wp\/v2\/types\/product"}],"wp:featuredmedia":[{"embeddable":true,"href":"http:\/\/ksiegarnia-akademicka.pl\/index.php\/wp-json\/wp\/v2\/media\/11122"}],"wp:attachment":[{"href":"http:\/\/ksiegarnia-akademicka.pl\/index.php\/wp-json\/wp\/v2\/media?parent=11121"}],"wp:term":[{"taxonomy":"product_brand","embeddable":true,"href":"http:\/\/ksiegarnia-akademicka.pl\/index.php\/wp-json\/wp\/v2\/product_brand?post=11121"},{"taxonomy":"product_cat","embeddable":true,"href":"http:\/\/ksiegarnia-akademicka.pl\/index.php\/wp-json\/wp\/v2\/product_cat?post=11121"},{"taxonomy":"product_tag","embeddable":true,"href":"http:\/\/ksiegarnia-akademicka.pl\/index.php\/wp-json\/wp\/v2\/product_tag?post=11121"}],"curies":[{"name":"wp","href":"https:\/\/api.w.org\/{rel}","templated":true}]}}