{"id":11082,"date":"2019-05-08T08:38:26","date_gmt":"2019-05-08T06:38:26","guid":{"rendered":"http:\/\/ksiegarnia-akademicka.pl\/?post_type=product&#038;p=11082"},"modified":"2024-12-04T16:07:05","modified_gmt":"2024-12-04T15:07:05","slug":"osoby-z-niepelnosprawnoscia-i-sztuka-udostepnianie-percepcja-integracja","status":"publish","type":"product","link":"http:\/\/ksiegarnia-akademicka.pl\/index.php\/product\/osoby-z-niepelnosprawnoscia-i-sztuka-udostepnianie-percepcja-integracja\/","title":{"rendered":"Osoby z niepe\u0142nosprawno\u015bci\u0105 i sztuka Udost\u0119pnianie \u2013 percepcja \u2013 integracja"},"content":{"rendered":"<p>Redakcja: Paw\u0142owska Aneta, Wendorff Anna, Sowi\u0144ska-Heim Julia<br \/>\nWydawca: Wydawnictwo Uniwersytetu \u0141\u00f3dzkiego<br \/>\nOprawa: Mi\u0119kka ze skrzyde\u0142kami<br \/>\nLiczba stron: 196<br \/>\nWydanie: 1<br \/>\nRok wydania: 2019<br \/>\nJ\u0119zyk wydania: polski<\/p>\n<p>Ksi\u0105\u017cka dotyczy koncepcji i problem\u00f3w zwi\u0105zanych z dostosowaniem odbioru sztuk wizualnych do percepcji os\u00f3b z r\u00f3\u017cnymi dysfunkcjami, m.in. wzrokowymi, s\u0142uchowymi, intelektualnymi. Autorzy zaprezentowali dzia\u0142ania \u015brodowisk muzealnych, historyk\u00f3w sztuki oraz traduktolog\u00f3w mierz\u0105cych si\u0119 z udost\u0119pnianiem sztuki odbiorcom z dysfunkcjami.<br \/>\nTo publikacja naukowa o niezwykle nowatorskiej metodzie w podej\u015bciu do tytu\u0142owych zagadnie\u0144. Zastosowane metodologie badawcze, maj\u0105ce swoje oparcie w naukach humanistycznych, spo\u0142ecznych, medycznych, a tak\u017ce prawnych, czyni\u0105 z niej tom wzorcowy.<br \/>\nKr\u0105g potencjalnych odbiorc\u00f3w jest bardzo szeroki: od historyk\u00f3w sztuki i kulturoznawc\u00f3w, przez architekt\u00f3w, po specjalist\u00f3w z zakresu medycyny, psychologii, socjologii i opieki spo\u0142ecznej. To lektura dla ka\u017cdego &#8211; wsp\u00f3\u0142obywatela wsp\u00f3\u0142istniej\u0105cego z obecnymi w naszym spo\u0142ecze\u0144stwie osobami niepe\u0142nosprawnymi . Po jej przeczytaniu niejeden czytelnik zamieni poj\u0119cie \u201ewykluczenie\u201d na \u201ewsp\u00f3\u0142istnienie\u201d, a \u201einny\u201d stanie si\u0119 \u201etaki sam\u201d jak on sam. Prezentowana publikacja jest bardzo wa\u017cna, potrzebna i oczekiwana na polskim rynku wydawniczym.<br \/>\nZ recenzji prof. zw. dr.hab. Jana Wiktora Sienkiewicza<\/p>\n","protected":false},"excerpt":{"rendered":"<p>Redakcja: Paw\u0142owska Aneta, Wendorff Anna, Sowi\u0144ska-Heim Julia Wydawca: Wydawnictwo Uniwersytetu [&hellip;]<\/p>\n","protected":false},"featured_media":11083,"template":"","meta":[],"product_brand":[],"product_cat":[7823],"product_tag":[4968,4292],"class_list":{"0":"post-11082","1":"product","2":"type-product","3":"status-publish","4":"has-post-thumbnail","6":"product_cat-sztuka","7":"product_tag-niepelnosprawnosc","8":"product_tag-sztuka","10":"first","11":"instock","12":"sale","13":"shipping-taxable","14":"purchasable","15":"product-type-simple"},"_links":{"self":[{"href":"http:\/\/ksiegarnia-akademicka.pl\/index.php\/wp-json\/wp\/v2\/product\/11082","targetHints":{"allow":["GET"]}}],"collection":[{"href":"http:\/\/ksiegarnia-akademicka.pl\/index.php\/wp-json\/wp\/v2\/product"}],"about":[{"href":"http:\/\/ksiegarnia-akademicka.pl\/index.php\/wp-json\/wp\/v2\/types\/product"}],"wp:featuredmedia":[{"embeddable":true,"href":"http:\/\/ksiegarnia-akademicka.pl\/index.php\/wp-json\/wp\/v2\/media\/11083"}],"wp:attachment":[{"href":"http:\/\/ksiegarnia-akademicka.pl\/index.php\/wp-json\/wp\/v2\/media?parent=11082"}],"wp:term":[{"taxonomy":"product_brand","embeddable":true,"href":"http:\/\/ksiegarnia-akademicka.pl\/index.php\/wp-json\/wp\/v2\/product_brand?post=11082"},{"taxonomy":"product_cat","embeddable":true,"href":"http:\/\/ksiegarnia-akademicka.pl\/index.php\/wp-json\/wp\/v2\/product_cat?post=11082"},{"taxonomy":"product_tag","embeddable":true,"href":"http:\/\/ksiegarnia-akademicka.pl\/index.php\/wp-json\/wp\/v2\/product_tag?post=11082"}],"curies":[{"name":"wp","href":"https:\/\/api.w.org\/{rel}","templated":true}]}}