{"id":1107,"date":"2018-05-22T12:42:52","date_gmt":"2018-05-22T10:42:52","guid":{"rendered":"http:\/\/ksiegarnia-akademicka.pl\/index.php\/product\/funkcjonowanie-gospodarstw-domowych-osob-pracujacych-na-wlasny-rachunek\/"},"modified":"2021-12-06T14:08:28","modified_gmt":"2021-12-06T13:08:28","slug":"funkcjonowanie-gospodarstw-domowych-osob-pracujacych-na-wlasny-rachunek","status":"publish","type":"product","link":"http:\/\/ksiegarnia-akademicka.pl\/index.php\/product\/funkcjonowanie-gospodarstw-domowych-osob-pracujacych-na-wlasny-rachunek\/","title":{"rendered":"Funkcjonowanie gospodarstw domowych os\u00f3b pracuj\u0105cych na w\u0142asny rachunek"},"content":{"rendered":"<p>Autor: JOLANTA WITEK<br \/>\nZamiarem autorki jest pokazanie, jak wskazana grupa spo\u0142eczna zmienia strategie swego funkcjonowania i miejsce w spo\u0142ecze\u0144stwie w wyniku podj\u0119cia decyzji o pracy na w\u0142asny rachunek (a tym samym na w\u0142asne ryzyko). W efekcie grupa ta posiada zasoby materialne i niematerialne pozwalaj\u0105ce na osi\u0105ganie wy\u017cszego poziomu konsumpcji ni\u017c pozosta\u0142e gospodarstwa domowe, kt\u00f3rych g\u0142\u00f3wnym \u017ar\u00f3d\u0142em utrzymania jest praca najemna<\/p>\n<p>ISBN: 978-83-7241-583-7<\/p>\n<p>421 stron<br \/>\noprawa: mi\u0119kka<br \/>\nRok wydania: 2007<\/p>\n","protected":false},"excerpt":{"rendered":"<p>Autor: JOLANTA WITEK Zamiarem autorki jest pokazanie, jak wskazana grupa [&hellip;]<\/p>\n","protected":false},"featured_media":9205,"template":"","meta":[],"product_brand":[],"product_cat":[27,7510],"product_tag":[3384,3387,1216,1095],"class_list":{"0":"post-1107","1":"product","2":"type-product","3":"status-publish","4":"has-post-thumbnail","6":"product_cat-nauki-spoleczne","7":"product_cat-polityka-spoleczna","8":"product_tag-gospodarstwo-domowe","9":"product_tag-konsumpcja-dobra-materialnych","10":"product_tag-rynek-pracy","11":"product_tag-spoleczenstwo","13":"first","14":"outofstock","15":"sale","16":"shipping-taxable","17":"purchasable","18":"product-type-simple"},"_links":{"self":[{"href":"http:\/\/ksiegarnia-akademicka.pl\/index.php\/wp-json\/wp\/v2\/product\/1107","targetHints":{"allow":["GET"]}}],"collection":[{"href":"http:\/\/ksiegarnia-akademicka.pl\/index.php\/wp-json\/wp\/v2\/product"}],"about":[{"href":"http:\/\/ksiegarnia-akademicka.pl\/index.php\/wp-json\/wp\/v2\/types\/product"}],"wp:featuredmedia":[{"embeddable":true,"href":"http:\/\/ksiegarnia-akademicka.pl\/index.php\/wp-json\/wp\/v2\/media\/9205"}],"wp:attachment":[{"href":"http:\/\/ksiegarnia-akademicka.pl\/index.php\/wp-json\/wp\/v2\/media?parent=1107"}],"wp:term":[{"taxonomy":"product_brand","embeddable":true,"href":"http:\/\/ksiegarnia-akademicka.pl\/index.php\/wp-json\/wp\/v2\/product_brand?post=1107"},{"taxonomy":"product_cat","embeddable":true,"href":"http:\/\/ksiegarnia-akademicka.pl\/index.php\/wp-json\/wp\/v2\/product_cat?post=1107"},{"taxonomy":"product_tag","embeddable":true,"href":"http:\/\/ksiegarnia-akademicka.pl\/index.php\/wp-json\/wp\/v2\/product_tag?post=1107"}],"curies":[{"name":"wp","href":"https:\/\/api.w.org\/{rel}","templated":true}]}}