{"id":11052,"date":"2019-05-07T08:50:53","date_gmt":"2019-05-07T06:50:53","guid":{"rendered":"http:\/\/ksiegarnia-akademicka.pl\/?post_type=product&#038;p=11052"},"modified":"2019-05-07T08:50:54","modified_gmt":"2019-05-07T06:50:54","slug":"mienie-komunalne-a-dzialalnosc-gospodarcza-samorzadu-terytorialnego","status":"publish","type":"product","link":"http:\/\/ksiegarnia-akademicka.pl\/index.php\/product\/mienie-komunalne-a-dzialalnosc-gospodarcza-samorzadu-terytorialnego\/","title":{"rendered":"Mienie komunalne a dzia\u0142alno\u015b\u0107 gospodarcza samorz\u0105du terytorialnego"},"content":{"rendered":"<p>Autor:<br \/>\nGra\u017cyna Cern<br \/>\nWydawca: Wolters Kluwer<br \/>\nOprawa: Twarda<br \/>\nFormat: 15.0&#215;21.0cm<br \/>\nLiczba stron: 560<br \/>\nWydanie: 1<br \/>\nRok wydania: 2019<br \/>\nJ\u0119zyk wydania: polski<\/p>\n<p>Niniejsza publikacja omawia poj\u0119cie mienia komunalnego w kontek\u015bcie prowadzenia dzia\u0142alno\u015bci gospodarczej przez jednostki samorz\u0105du terytorialnego. Autorka analizuje t\u0119 problematyk\u0119 w oparciu o trzy podstawowe kryteria: racjonalno\u015b\u0107, efektywno\u015b\u0107 i legalno\u015b\u0107, z uwzgl\u0119dnieniem dopuszczalnych form prawnoorganizacyjnych.<br \/>\nW ksi\u0105\u017cce om\u00f3wiono podstawowe zagadnienia dotycz\u0105ce gospodarki komunalnej maj\u0105ce wp\u0142yw na zakres dzia\u0142alno\u015bci gospodarczej samorz\u0105du terytorialnego takie jak:<br \/>\n&#8211; podstawy prawne prowadzenia dzia\u0142alno\u015bci gospodarczej przez jednostki samorz\u0105du terytorialnego,<br \/>\n&#8211; relacje pomi\u0119dzy dzia\u0142alno\u015bci\u0105 gospodarcz\u0105 a gospodark\u0105 komunaln\u0105,<br \/>\n&#8211; u\u017cyteczno\u015b\u0107 publiczna a zysk z prowadzonej dzia\u0142alno\u015bci gospodarczej.<\/p>\n","protected":false},"excerpt":{"rendered":"<p>Autor: Gra\u017cyna Cern Wydawca: Wolters Kluwer Oprawa: Twarda Format: 15.0&#215;21.0cm [&hellip;]<\/p>\n","protected":false},"featured_media":11053,"template":"","meta":[],"product_brand":[],"product_cat":[7492,18,7494],"product_tag":[3466,1550,486],"class_list":{"0":"post-11052","1":"product","2":"type-product","3":"status-publish","4":"has-post-thumbnail","6":"product_cat-administracyjne","7":"product_cat-prawo","8":"product_cat-samorzad-terytorialny","9":"product_tag-administracja","10":"product_tag-komentarze-i-opracowania","11":"product_tag-samorzad-terytorialny","13":"first","14":"instock","15":"sale","16":"shipping-taxable","17":"purchasable","18":"product-type-simple"},"_links":{"self":[{"href":"http:\/\/ksiegarnia-akademicka.pl\/index.php\/wp-json\/wp\/v2\/product\/11052","targetHints":{"allow":["GET"]}}],"collection":[{"href":"http:\/\/ksiegarnia-akademicka.pl\/index.php\/wp-json\/wp\/v2\/product"}],"about":[{"href":"http:\/\/ksiegarnia-akademicka.pl\/index.php\/wp-json\/wp\/v2\/types\/product"}],"wp:featuredmedia":[{"embeddable":true,"href":"http:\/\/ksiegarnia-akademicka.pl\/index.php\/wp-json\/wp\/v2\/media\/11053"}],"wp:attachment":[{"href":"http:\/\/ksiegarnia-akademicka.pl\/index.php\/wp-json\/wp\/v2\/media?parent=11052"}],"wp:term":[{"taxonomy":"product_brand","embeddable":true,"href":"http:\/\/ksiegarnia-akademicka.pl\/index.php\/wp-json\/wp\/v2\/product_brand?post=11052"},{"taxonomy":"product_cat","embeddable":true,"href":"http:\/\/ksiegarnia-akademicka.pl\/index.php\/wp-json\/wp\/v2\/product_cat?post=11052"},{"taxonomy":"product_tag","embeddable":true,"href":"http:\/\/ksiegarnia-akademicka.pl\/index.php\/wp-json\/wp\/v2\/product_tag?post=11052"}],"curies":[{"name":"wp","href":"https:\/\/api.w.org\/{rel}","templated":true}]}}