{"id":11040,"date":"2019-05-07T08:37:48","date_gmt":"2019-05-07T06:37:48","guid":{"rendered":"http:\/\/ksiegarnia-akademicka.pl\/?post_type=product&#038;p=11040"},"modified":"2019-05-07T08:37:48","modified_gmt":"2019-05-07T06:37:48","slug":"autorskie-prawa-osobiste-w-obrocie-prawnym","status":"publish","type":"product","link":"http:\/\/ksiegarnia-akademicka.pl\/index.php\/product\/autorskie-prawa-osobiste-w-obrocie-prawnym\/","title":{"rendered":"Autorskie prawa osobiste w obrocie prawnym"},"content":{"rendered":"<p>Autor:<br \/>\nMicha\u0142 Wyrwi\u0144ski<br \/>\nWydawca: Wolters Kluwer<br \/>\nOprawa: Twarda<br \/>\nLiczba stron: 512<br \/>\nWydanie: 1<br \/>\nRok wydania: 2019<br \/>\nJ\u0119zyk wydania: polski<\/p>\n<p>W publikacji czytelnik znajdzie zasady udzielania i odwo\u0142ywania zgody na ingerencje w dobra osobiste oraz sytuacj\u0119 osoby, kt\u00f3ra z niej korzysta. Autor w spos\u00f3b nowatorski ujmuje kwestie z zakresu zar\u00f3wno prawa autorskiego, jak i prawa cywilnego.<\/p>\n<p>Monografia opr\u00f3cz tego, \u017ce podkre\u015bla znaczenie dla nauki prawa, porusza kwestie wa\u017cne dla praktyki obrotu, zw\u0142aszcza w odniesieniu do um\u00f3w dotycz\u0105cych utwor\u00f3w u\u017cytkowych.<\/p>\n<p>Szczeg\u00f3ln\u0105 uwag\u0119 po\u015bwi\u0119cono rozwa\u017caniom dotycz\u0105cym m.in.:<\/p>\n<p>&#8211; istoty wi\u0119zi tw\u00f3rcy z utworem,<br \/>\n&#8211; charakteru prawnego zgody jako czynno\u015bci upowa\u017cniaj\u0105cej,<br \/>\n&#8211; analizy statusu beneficjenta upowa\u017cnienia,<br \/>\n&#8211; dopuszczalno\u015bci odwo\u0142ania zgody,<br \/>\n&#8211; ochrony d\u00f3br osobistych po \u015bmierci tw\u00f3rcy.<br \/>\nW monografii wskazano tak\u017ce modelowe rozwi\u0105zania stosowane w obcych systemach prawnych w zakresie problematyki zwi\u0105zanej z umowami obejmuj\u0105cymi kwestie autorskich praw osobistych, w tym m.in.:<\/p>\n<p>&#8211; model 1 \u2013 droit moral niezbywalne, niepodlegaj\u0105ce zrzeczeniu, nieograniczone w czasie, na tle uregulowa\u0144 Francji, Hiszpanii oraz Chin;<br \/>\n&#8211; model 2 \u2013 droit moral niezbywalne, niepodlegaj\u0105ce zrzeczeniu, wygasaj\u0105ce wraz ze \u015bmierci\u0105 tw\u00f3rcy, na tle uregulowa\u0144 S\u0142owacji i Japonii;<br \/>\n&#8211; model 3 \u2013 droit moral niezbywalne, niepodlegaj\u0105ce zrzeczeniu, trwaj\u0105ce ograniczony czas po \u015bmierci tw\u00f3rcy, na tle uregulowa\u0144 Australii, Belgii i Niemiec;<br \/>\n&#8211; model 4 \u2013 droit moral niezbywalne, podlegaj\u0105ce zrzeczeniu, nieograniczone w czasie, na tle uregulowa\u0144 Filipin;<br \/>\n&#8211; model 5 \u2013 droit moral niezbywalne, podlegaj\u0105ce zrzeczeniu, wygasaj\u0105ce wraz ze \u015bmierci\u0105 tw\u00f3rcy, na tle uregulowa\u0144 Holandii i USA;<br \/>\n&#8211; model 6 \u2013 droit moral niezbywalne, podlegaj\u0105ce zrzeczeniu, trwaj\u0105ce ograniczony czas po \u015bmierci tw\u00f3rcy, na tle uregulowa\u0144 Argentyny, Grecji i Wielkiej Brytanii;<br \/>\n&#8211; model 7 \u201eteoretyczny\u201d \u2013 droit moral zbywalne, na tle uregulowa\u0144 Szwajcarii i Luksemburga.<br \/>\nW publikacji om\u00f3wiono r\u00f3wnie\u017c nast\u0119puj\u0105ce zagadnienia:<br \/>\n&#8211; naruszenie i zagro\u017cenie autorskiego dobra lub prawa osobistego;<br \/>\n&#8211; bezprawno\u015b\u0107 naruszenia i domniemanie bezprawno\u015bci;<br \/>\n&#8211; okoliczno\u015bci wy\u0142\u0105czaj\u0105ce bezprawno\u015b\u0107 naruszenia;<br \/>\n&#8211; zgoda jako dzia\u0142anie prawne podobne do czynno\u015bci prawnej;<br \/>\n&#8211; przes\u0142anki skutecznego udzielenia zgody;<br \/>\n&#8211; przes\u0142anki skutecznego wykonania uprawnie\u0144 beneficjenta;<br \/>\n&#8211; umowy o wykonywanie autorskich praw osobistych;<br \/>\n&#8211; zrzeczenie si\u0119 wykonywania autorskich praw osobistych;<br \/>\n&#8211; naruszenie autorskich d\u00f3br lub praw osobistych jako naruszenie umowy;<br \/>\n&#8211; interpretacja klauzul umownych dotycz\u0105cych autorskich praw osobistych;<br \/>\n&#8211; kumulatywna ochrona autorskich d\u00f3br i praw osobistych \u2013 konstrukcja roszcze\u0144;<br \/>\n&#8211; konstrukcja prawna autorskich d\u00f3br lub praw osobistych po \u015bmierci tw\u00f3rcy;<br \/>\n&#8211; \u015bmier\u0107 tw\u00f3rcy i jej skutki dla czynno\u015bci prawnych dokonanych z osobami trzecimi;<br \/>\n&#8211; sytuacja prawna roszcze\u0144 maj\u0105tkowych i niemaj\u0105tkowych a \u015bmier\u0107 tw\u00f3rcy.<\/p>\n","protected":false},"excerpt":{"rendered":"<p>Autor: Micha\u0142 Wyrwi\u0144ski Wydawca: Wolters Kluwer Oprawa: Twarda Liczba stron: [&hellip;]<\/p>\n","protected":false},"featured_media":11041,"template":"","meta":[],"product_brand":[],"product_cat":[7491,18],"product_tag":[1550,1016],"class_list":{"0":"post-11040","1":"product","2":"type-product","3":"status-publish","4":"has-post-thumbnail","6":"product_cat-cywilne","7":"product_cat-prawo","8":"product_tag-komentarze-i-opracowania","9":"product_tag-prawo-autorskie","11":"first","12":"instock","13":"sale","14":"shipping-taxable","15":"purchasable","16":"product-type-simple"},"_links":{"self":[{"href":"http:\/\/ksiegarnia-akademicka.pl\/index.php\/wp-json\/wp\/v2\/product\/11040","targetHints":{"allow":["GET"]}}],"collection":[{"href":"http:\/\/ksiegarnia-akademicka.pl\/index.php\/wp-json\/wp\/v2\/product"}],"about":[{"href":"http:\/\/ksiegarnia-akademicka.pl\/index.php\/wp-json\/wp\/v2\/types\/product"}],"wp:featuredmedia":[{"embeddable":true,"href":"http:\/\/ksiegarnia-akademicka.pl\/index.php\/wp-json\/wp\/v2\/media\/11041"}],"wp:attachment":[{"href":"http:\/\/ksiegarnia-akademicka.pl\/index.php\/wp-json\/wp\/v2\/media?parent=11040"}],"wp:term":[{"taxonomy":"product_brand","embeddable":true,"href":"http:\/\/ksiegarnia-akademicka.pl\/index.php\/wp-json\/wp\/v2\/product_brand?post=11040"},{"taxonomy":"product_cat","embeddable":true,"href":"http:\/\/ksiegarnia-akademicka.pl\/index.php\/wp-json\/wp\/v2\/product_cat?post=11040"},{"taxonomy":"product_tag","embeddable":true,"href":"http:\/\/ksiegarnia-akademicka.pl\/index.php\/wp-json\/wp\/v2\/product_tag?post=11040"}],"curies":[{"name":"wp","href":"https:\/\/api.w.org\/{rel}","templated":true}]}}