{"id":10984,"date":"2019-04-30T13:21:53","date_gmt":"2019-04-30T11:21:53","guid":{"rendered":"http:\/\/ksiegarnia-akademicka.pl\/?post_type=product&#038;p=10984"},"modified":"2024-12-04T14:28:49","modified_gmt":"2024-12-04T13:28:49","slug":"sztuka-polska-lat-70-awangarda","status":"publish","type":"product","link":"http:\/\/ksiegarnia-akademicka.pl\/index.php\/product\/sztuka-polska-lat-70-awangarda\/","title":{"rendered":"Sztuka polska lat 70 Awangarda"},"content":{"rendered":"<p>Autor:<br \/>\nRonduda \u0141ukasz<br \/>\nWydawca: CSW Ujazdowski<br \/>\nOprawa: Zintegrowana<br \/>\nFormat: 24.0&#215;31.0cm<br \/>\nLiczba stron: 380<br \/>\nRok wydania: 2019<br \/>\nJ\u0119zyk wydania: polski<\/p>\n<p>Ksi\u0105\u017cka jest pr\u00f3b\u0105 opisu procesu otwierania si\u0119 polskiej neoawangardy lat 70. na rzeczywisto\u015b\u0107, a zarazem analiz\u0105 napi\u0119cia mi\u0119dzy postesencjalistycznym a pragmatycznym rozumieniem sztuki, kt\u00f3re determinowa\u0142o w\u00f3wczas kszta\u0142t tej formacji.<br \/>\nT\u0142em opisywanych strategii artystycznych jest pluralizacja postaw i gest\u00f3w artystycznych, narastaj\u0105ca od pocz\u0105tku lat 70., a niespotykana wcze\u015bniej w polskiej sztuce. To zr\u00f3\u017cnicowanie by\u0142o efektem m.in. przekraczania dyskursu czysto awangardowego i wchodzenia w r\u00f3\u017cnego rodzaju maria\u017ce sztuki i rzeczywisto\u015bci. Autorem koncepcji wydawniczej ksi\u0105\u017cki jest Piotr Ukla\u0144ski. Szczeg\u00f3lnie istotna jest w niej propozycja \u201eprzepisania\u201d polskiej sztuki lat 70. na poziomie wizualnym, ch\u0119\u0107 dekonstrukcji jej obrazu jako pe\u0142nej zimnych, czarno-bia\u0142ych kalambur\u00f3w konceptualnych i pr\u00f3ba ukazania jako rezerwuaru wyrafinowanych strategii intelektualnych.<\/p>\n","protected":false},"excerpt":{"rendered":"<p>Autor: Ronduda \u0141ukasz Wydawca: CSW Ujazdowski Oprawa: Zintegrowana Format: 24.0&#215;31.0cm [&hellip;]<\/p>\n","protected":false},"featured_media":10985,"template":"","meta":[],"product_brand":[],"product_cat":[7823],"product_tag":[5109,67,4292],"class_list":{"0":"post-10984","1":"product","2":"type-product","3":"status-publish","4":"has-post-thumbnail","6":"product_cat-sztuka","7":"product_tag-albumy","8":"product_tag-historia-polski","9":"product_tag-sztuka","11":"first","12":"instock","13":"shipping-taxable","14":"purchasable","15":"product-type-simple"},"_links":{"self":[{"href":"http:\/\/ksiegarnia-akademicka.pl\/index.php\/wp-json\/wp\/v2\/product\/10984","targetHints":{"allow":["GET"]}}],"collection":[{"href":"http:\/\/ksiegarnia-akademicka.pl\/index.php\/wp-json\/wp\/v2\/product"}],"about":[{"href":"http:\/\/ksiegarnia-akademicka.pl\/index.php\/wp-json\/wp\/v2\/types\/product"}],"wp:featuredmedia":[{"embeddable":true,"href":"http:\/\/ksiegarnia-akademicka.pl\/index.php\/wp-json\/wp\/v2\/media\/10985"}],"wp:attachment":[{"href":"http:\/\/ksiegarnia-akademicka.pl\/index.php\/wp-json\/wp\/v2\/media?parent=10984"}],"wp:term":[{"taxonomy":"product_brand","embeddable":true,"href":"http:\/\/ksiegarnia-akademicka.pl\/index.php\/wp-json\/wp\/v2\/product_brand?post=10984"},{"taxonomy":"product_cat","embeddable":true,"href":"http:\/\/ksiegarnia-akademicka.pl\/index.php\/wp-json\/wp\/v2\/product_cat?post=10984"},{"taxonomy":"product_tag","embeddable":true,"href":"http:\/\/ksiegarnia-akademicka.pl\/index.php\/wp-json\/wp\/v2\/product_tag?post=10984"}],"curies":[{"name":"wp","href":"https:\/\/api.w.org\/{rel}","templated":true}]}}