{"id":10978,"date":"2019-04-30T13:16:01","date_gmt":"2019-04-30T11:16:01","guid":{"rendered":"http:\/\/ksiegarnia-akademicka.pl\/?post_type=product&#038;p=10978"},"modified":"2019-04-30T13:16:02","modified_gmt":"2019-04-30T11:16:02","slug":"chirurg-wiecej-niz-zawod","status":"publish","type":"product","link":"http:\/\/ksiegarnia-akademicka.pl\/index.php\/product\/chirurg-wiecej-niz-zawod\/","title":{"rendered":"Chirurg Wi\u0119cej ni\u017c zaw\u00f3d"},"content":{"rendered":"<p>Autor:<br \/>\nTadeusz To\u0142\u0142oczko<br \/>\nWydawca: PZWL<br \/>\nOprawa: Twarda<br \/>\nFormat: 14.5&#215;21.0cm<br \/>\nLiczba stron: 234<br \/>\nWydanie: 1<br \/>\nRok wydania: 2019<br \/>\nJ\u0119zyk wydania: polski<\/p>\n","protected":false},"excerpt":{"rendered":"<p>Autor: Tadeusz To\u0142\u0142oczko Wydawca: PZWL Oprawa: Twarda Format: 14.5&#215;21.0cm Liczba [&hellip;]<\/p>\n","protected":false},"featured_media":10979,"template":"","meta":[],"product_brand":[],"product_cat":[7625],"product_tag":[4647,6569,4769],"class_list":{"0":"post-10978","1":"product","2":"type-product","3":"status-publish","4":"has-post-thumbnail","6":"product_cat-nauki-o-zdrowiu","7":"product_tag-chirurgia","8":"product_tag-historia-medycyny","9":"product_tag-pamietniki","11":"first","12":"instock","13":"sale","14":"shipping-taxable","15":"purchasable","16":"product-type-simple"},"_links":{"self":[{"href":"http:\/\/ksiegarnia-akademicka.pl\/index.php\/wp-json\/wp\/v2\/product\/10978","targetHints":{"allow":["GET"]}}],"collection":[{"href":"http:\/\/ksiegarnia-akademicka.pl\/index.php\/wp-json\/wp\/v2\/product"}],"about":[{"href":"http:\/\/ksiegarnia-akademicka.pl\/index.php\/wp-json\/wp\/v2\/types\/product"}],"wp:featuredmedia":[{"embeddable":true,"href":"http:\/\/ksiegarnia-akademicka.pl\/index.php\/wp-json\/wp\/v2\/media\/10979"}],"wp:attachment":[{"href":"http:\/\/ksiegarnia-akademicka.pl\/index.php\/wp-json\/wp\/v2\/media?parent=10978"}],"wp:term":[{"taxonomy":"product_brand","embeddable":true,"href":"http:\/\/ksiegarnia-akademicka.pl\/index.php\/wp-json\/wp\/v2\/product_brand?post=10978"},{"taxonomy":"product_cat","embeddable":true,"href":"http:\/\/ksiegarnia-akademicka.pl\/index.php\/wp-json\/wp\/v2\/product_cat?post=10978"},{"taxonomy":"product_tag","embeddable":true,"href":"http:\/\/ksiegarnia-akademicka.pl\/index.php\/wp-json\/wp\/v2\/product_tag?post=10978"}],"curies":[{"name":"wp","href":"https:\/\/api.w.org\/{rel}","templated":true}]}}