{"id":10976,"date":"2019-04-30T13:14:02","date_gmt":"2019-04-30T11:14:02","guid":{"rendered":"http:\/\/ksiegarnia-akademicka.pl\/?post_type=product&#038;p=10976"},"modified":"2025-10-16T10:36:18","modified_gmt":"2025-10-16T08:36:18","slug":"hue-1968-wietnam-we-krwi","status":"publish","type":"product","link":"http:\/\/ksiegarnia-akademicka.pl\/index.php\/product\/hue-1968-wietnam-we-krwi\/","title":{"rendered":"Hue 1968 Wietnam we krwi"},"content":{"rendered":"<p>Autor:<br \/>\nMark Bowden<br \/>\nWydawca: Pozna\u0144skie<br \/>\nOprawa: Twarda<br \/>\nLiczba stron: 640<br \/>\nRok wydania: 2019<br \/>\nJ\u0119zyk wydania: polski<\/p>\n<p>Obok ksi\u0105\u017cek Marka Bowdena trudno przej\u015b\u0107 oboj\u0119tnie. Jest on autorem tak znanych tytu\u0142\u00f3w, jak: Helikopter w ogniu, Zabi\u0107 bin Ladena, Polowanie na Escobara, wed\u0142ug kt\u00f3rych nakr\u0119cono g\u0142o\u015bne filmy i seriale. Na podstawie Hue 1968 zapowiedziany jest serial, a udzia\u0142 re\u017cysera Michaela Manna gwarantuje produkcj\u0119 najwy\u017cszej jako\u015bci.<\/p>\n<p>Hue 1968 to niezwykle plastyczny opis zmaga\u0144 bojowych w najwi\u0119kszej z bitew stoczonej przez Amerykan\u00f3w od czas\u00f3w zako\u0144czenia II wojny \u015bwiatowej. Dzi\u0119ki bezprecedensowemu dost\u0119powi do archiw\u00f3w wojennych w USA i Wietnamie oraz wywiad\u00f3w z uczestnikami obu stron, Bowden opowiada o ka\u017cdym etapie bitwy z r\u00f3\u017cnych punkt\u00f3w widzenia. Taka wizja ameryka\u0144skiego \u201czwyci\u0119stwa\u201d pokazuje nam obraz wojny znanej z wstrz\u0105saj\u0105cych obraz\u00f3w Czasu apokalipsy Coppoli czy Full Metal Jacket Kubricka. Rozgrywana przez miesi\u0105c i kosztuj\u0105ca 10 000 zabitych, bitwa o Hue by\u0142a zdecydowanie najkrwawsza w ca\u0142ej wojnie. Kiedy si\u0119 sko\u0144czy\u0142a, ameryka\u0144ska debata ju\u017c nigdy nie podj\u0119\u0142a tematu wygrania wojny, tylko sposob\u00f3w wycofania si\u0119 z niej.<\/p>\n","protected":false},"excerpt":{"rendered":"<p>Autor: Mark Bowden Wydawca: Pozna\u0144skie Oprawa: Twarda Liczba stron: 640 [&hellip;]<\/p>\n","protected":false},"featured_media":10977,"template":"","meta":[],"product_brand":[],"product_cat":[38],"product_tag":[4544,7864],"class_list":{"0":"post-10976","1":"product","2":"type-product","3":"status-publish","4":"has-post-thumbnail","6":"product_cat-historia","7":"product_tag-historia-stanow-zjednoczonych","8":"product_tag-wojna-wietnamska","10":"first","11":"outofstock","12":"sale","13":"shipping-taxable","14":"purchasable","15":"product-type-simple"},"_links":{"self":[{"href":"http:\/\/ksiegarnia-akademicka.pl\/index.php\/wp-json\/wp\/v2\/product\/10976","targetHints":{"allow":["GET"]}}],"collection":[{"href":"http:\/\/ksiegarnia-akademicka.pl\/index.php\/wp-json\/wp\/v2\/product"}],"about":[{"href":"http:\/\/ksiegarnia-akademicka.pl\/index.php\/wp-json\/wp\/v2\/types\/product"}],"wp:featuredmedia":[{"embeddable":true,"href":"http:\/\/ksiegarnia-akademicka.pl\/index.php\/wp-json\/wp\/v2\/media\/10977"}],"wp:attachment":[{"href":"http:\/\/ksiegarnia-akademicka.pl\/index.php\/wp-json\/wp\/v2\/media?parent=10976"}],"wp:term":[{"taxonomy":"product_brand","embeddable":true,"href":"http:\/\/ksiegarnia-akademicka.pl\/index.php\/wp-json\/wp\/v2\/product_brand?post=10976"},{"taxonomy":"product_cat","embeddable":true,"href":"http:\/\/ksiegarnia-akademicka.pl\/index.php\/wp-json\/wp\/v2\/product_cat?post=10976"},{"taxonomy":"product_tag","embeddable":true,"href":"http:\/\/ksiegarnia-akademicka.pl\/index.php\/wp-json\/wp\/v2\/product_tag?post=10976"}],"curies":[{"name":"wp","href":"https:\/\/api.w.org\/{rel}","templated":true}]}}