{"id":10965,"date":"2019-04-26T13:56:29","date_gmt":"2019-04-26T11:56:29","guid":{"rendered":"http:\/\/ksiegarnia-akademicka.pl\/?post_type=product&#038;p=10965"},"modified":"2024-12-04T14:29:18","modified_gmt":"2024-12-04T13:29:18","slug":"kodeks-cywilny-komentarz-2","status":"publish","type":"product","link":"http:\/\/ksiegarnia-akademicka.pl\/index.php\/product\/kodeks-cywilny-komentarz-2\/","title":{"rendered":"Kodeks cywilny. Komentarz"},"content":{"rendered":"<p>Redakcja: dr hab. Mariusz Za\u0142ucki prof. KA<br \/>\nWydawnictwo: C.H. Beck<br \/>\nSeria: Komentarze Kompaktowe<br \/>\nRok wydania: 2020<br \/>\nWydanie: 2<br \/>\nOprawa: Twarda<br \/>\nLiczba stron: 2114<br \/>\nWaga: 2380 g<br \/>\nISBN: 978-83-8198-746-2<\/p>\n<p>Kodeks cywilny. Komentarz pod red. prof. Mariusza Za\u0142uckiego jest dzie\u0142em wieloautorskim, przygotowanym przez pracownik\u00f3w nauki z najwa\u017cniejszych o\u015brodk\u00f3w naukowych w Polsce, kt\u00f3rzy swoja prac\u0119 uniwersyteck\u0105 \u0142\u0105cz\u0105 z praktyk\u0105. To s\u0119dziowie, adwokaci i radcowie prawni, uchodz\u0105cy za specjalist\u00f3w w swoich dziedzinach, od wielu lat zajmuj\u0105cy si\u0119 prawem cywilnym i zagadnieniami, jakie dotycz\u0105 jego praktycznego stosowania.<\/p>\n<p>Komentarz przedstawia aktualny stan pogl\u0105d\u00f3w nauki i orzecznictwa, a nadto \u2013 tam gdzie, zdaniem Autor\u00f3w, by\u0142o to niezb\u0119dne \u2013 wskazuje mo\u017cliwe nowe kierunki interpretacji przepis\u00f3w omawianej ustawy. Ponadto Autorzy analizuj\u0105 bie\u017c\u0105ce problemy pojawiaj\u0105ce si\u0119 na tle stosowania przepis\u00f3w KC w praktyce, z uwzgl\u0119dnieniem najnowszego orzecznictwa SN, SA i TSUE, np. kwestie dotycz\u0105ce najmu okazjonalnego, skr\u00f3cenia termin\u00f3w przedawnienia czy przekszta\u0142cenia u\u017cytkowania wieczystego we w\u0142asno\u015b\u0107.<\/p>\n<p>W komentarzu szczeg\u00f3\u0142owo zosta\u0142y om\u00f3wione zagadnienia po\u015bwi\u0119cone:<\/p>\n<p>osobom fizycznym (m.in. zdolno\u015b\u0107 prawna i zdolno\u015b\u0107 do czynno\u015bci prawnych; miejsce zamieszkania i uznanie za zmar\u0142ego);<br \/>\nosobom prawnym oraz przedsi\u0119biorcom i ich oznaczeniom;<br \/>\nmieniu;<br \/>\nczynno\u015bciom prawnym (m.in. zawarcie umowy, forma czynno\u015bci prawnych, wady o\u015bwiadczenia woli, warunek, przedstawicielstwo, pe\u0142nomocnictwo, prokura, termin, przedawnienie roszcze\u0144);<br \/>\nw\u0142asno\u015bci (m.in. tre\u015bci prawa, nabycie i jego utrata, wsp\u00f3\u0142w\u0142asno\u015b\u0107, ochrona w\u0142asno\u015bci, u\u017cytkowanie wieczyste, ograniczone prawa rzeczowe, u\u017cytkowanie, s\u0142u\u017cebno\u015bci, zastaw i posiadanie);<br \/>\ncz\u0119\u015bci og\u00f3lnej zobowi\u0105za\u0144 (m.in. bezpodstawne wzbogacenie, sprzeda\u017c, r\u0119kojmia, umowa o dzie\u0142o, umowa najmu, zlecenie, dzier\u017cawa)<br \/>\nspadkom (m.in. powo\u0142anie spadkobiercy, zapis, instytucja zachowku, po\u015bwiadczenie dziedziczenia, odpowiedzialno\u015b\u0107 za d\u0142ugi spadkowe, zapis windykacyjny).<br \/>\nKomentarz prezentuje stan prawny na dzie\u0144 1.8.2020 r. i zawiera om\u00f3wienie wszystkich ostatnich zmian KC, wynikaj\u0105cych m.in. z:<\/p>\n<p>ustawy z 31.7.2019 r., kt\u00f3ra dodaje nowe przepisy do KC, poszerzaj\u0105ce zakres podmiotowy przepis\u00f3w o ochronie konsumenta w umowach sprzeda\u017cy; zmian wejd\u0105 w \u017cycie 1.1.2021 r.<br \/>\nustawy z 14.5.2020 r., kt\u00f3ra doda\u0142a nowy przepis art. 3871, rozszerzaj\u0105cy sankcj\u0119 niewa\u017cno\u015bci na czynno\u015bci zobowi\u0105zuj\u0105ce i rozporz\u0105dzaj\u0105ce, konstytuuj\u0105ce umow\u0119 przew\u0142aszczenia nieruchomo\u015bci, s\u0142u\u017c\u0105c\u0105 zaspokojeniu potrzeb mieszkaniowych dla zabezpieczenia roszcze\u0144 niezwi\u0105zanych bezpo\u015brednio z dzia\u0142alno\u015bci\u0105 gospodarcz\u0105 lub zawodow\u0105 przew\u0142aszczaj\u0105cego; zmiana wesz\u0142a w \u017cycie 30.5.2020 r.<br \/>\nKomentarz uwzgl\u0119dnia tak\u017ce zmiany wynikaj\u0105ce z tzw. tarcz antykryzysowych, czyli pakietu ustaw, kt\u00f3re maj\u0105 na celu przeciwdzia\u0142anie skutkom epidemii COVID-19, ale wprowadzaj\u0105 tak\u017ce zmiany w systemie prawa cywilnego, dotycz\u0105ce m.in. um\u00f3w najmu lokali, dzier\u017cawy, si\u0142y wy\u017cszej, przedawnienia roszcze\u0144, zasady swobody um\u00f3w, odpowiedzialno\u015bci kontraktowej.<\/p>\n<p>Ponadto komentarz omawia projekt ustawy o dor\u0119czeniach (druk sejmowy Nr 239), kt\u00f3ry zak\u0142ada zmiany w przepisach reguluj\u0105cych przed\u0142u\u017cenie lub wypowiedzenie umowy sk\u0142adu.<\/p>\n<p>Publikacja adresowana jest przede wszystkim do os\u00f3b profesjonalnie zajmuj\u0105cych si\u0119 prawem, w szczeg\u00f3lno\u015bci do: adwokat\u00f3w, radc\u00f3w prawnych, s\u0119dzi\u00f3w i prokurator\u00f3w, notariuszy i komornik\u00f3w oraz aplikant\u00f3w zawod\u00f3w prawniczych, a tak\u017ce przedsi\u0119biorc\u00f3w stosuj\u0105cych KC.<\/p>\n","protected":false},"excerpt":{"rendered":"<p>Redakcja: dr hab. Mariusz Za\u0142ucki prof. KA Wydawnictwo: C.H. Beck [&hellip;]<\/p>\n","protected":false},"featured_media":13042,"template":"","meta":[],"product_brand":[],"product_cat":[7491,18],"product_tag":[1497,615,6849],"class_list":{"0":"post-10965","1":"product","2":"type-product","3":"status-publish","4":"has-post-thumbnail","6":"product_cat-cywilne","7":"product_cat-prawo","8":"product_tag-komentarz","9":"product_tag-prawo-cywilne","10":"product_tag-seria-komentarze-kompaktowe","12":"first","13":"instock","14":"sale","15":"shipping-taxable","16":"purchasable","17":"product-type-simple"},"_links":{"self":[{"href":"http:\/\/ksiegarnia-akademicka.pl\/index.php\/wp-json\/wp\/v2\/product\/10965","targetHints":{"allow":["GET"]}}],"collection":[{"href":"http:\/\/ksiegarnia-akademicka.pl\/index.php\/wp-json\/wp\/v2\/product"}],"about":[{"href":"http:\/\/ksiegarnia-akademicka.pl\/index.php\/wp-json\/wp\/v2\/types\/product"}],"wp:featuredmedia":[{"embeddable":true,"href":"http:\/\/ksiegarnia-akademicka.pl\/index.php\/wp-json\/wp\/v2\/media\/13042"}],"wp:attachment":[{"href":"http:\/\/ksiegarnia-akademicka.pl\/index.php\/wp-json\/wp\/v2\/media?parent=10965"}],"wp:term":[{"taxonomy":"product_brand","embeddable":true,"href":"http:\/\/ksiegarnia-akademicka.pl\/index.php\/wp-json\/wp\/v2\/product_brand?post=10965"},{"taxonomy":"product_cat","embeddable":true,"href":"http:\/\/ksiegarnia-akademicka.pl\/index.php\/wp-json\/wp\/v2\/product_cat?post=10965"},{"taxonomy":"product_tag","embeddable":true,"href":"http:\/\/ksiegarnia-akademicka.pl\/index.php\/wp-json\/wp\/v2\/product_tag?post=10965"}],"curies":[{"name":"wp","href":"https:\/\/api.w.org\/{rel}","templated":true}]}}