{"id":10955,"date":"2019-04-26T08:48:29","date_gmt":"2019-04-26T06:48:29","guid":{"rendered":"http:\/\/ksiegarnia-akademicka.pl\/?post_type=product&#038;p=10955"},"modified":"2019-04-26T08:48:29","modified_gmt":"2019-04-26T06:48:29","slug":"21-lekcji-na-xxi-wiek-tytul-oryginalny-21-lessons-for-the-21st-century","status":"publish","type":"product","link":"http:\/\/ksiegarnia-akademicka.pl\/index.php\/product\/21-lekcji-na-xxi-wiek-tytul-oryginalny-21-lessons-for-the-21st-century\/","title":{"rendered":"21 lekcji na XXI wiek Tytu\u0142 oryginalny: 21 Lessons for the 21st Century"},"content":{"rendered":"<p>Autor:<br \/>\nYuval Noah Harari<br \/>\nT\u0142umacze: Romanek Micha\u0142<br \/>\nWydawca: Literackie<br \/>\nOprawa: Twarda<br \/>\nFormat: 15.2&#215;23.3cm<br \/>\nLiczba stron: 459<br \/>\nWydanie: 1<br \/>\nRok wydania: 2018<br \/>\nJ\u0119zyk wydania: polski<\/p>\n<p>Jakie wyzwania stawia przed ludzko\u015bci\u0105 tera\u017aniejszo\u015b\u0107?<br \/>\nNowa ksi\u0105\u017cka autora \u015bwiatowych bestseller\u00f3w Sapiens i Homo deus. Kr\u00f3tka historia jutra.<br \/>\nYuval Noah Harari, s\u0142ynny izraelski historyk i wizjoner, w swej najnowszej ksi\u0105\u017cce skupia si\u0119 nie na przesz\u0142o\u015bci ani na mo\u017cliwej przysz\u0142o\u015bci gatunku ludzkiego, lecz na problemach, w obliczu kt\u00f3rych stoimy obecnie.<br \/>\n21 lekcji na XXI wiek to zaproszenie czytelnika do wzi\u0119cia udzia\u0142u w debacie na temat naszych czas\u00f3w. Harari z w\u0142a\u015bciw\u0105 sobie lekko\u015bci\u0105, w kr\u00f3tkich rozdzia\u0142ach, omawia i analizuje zjawiska, kt\u00f3re dzi\u015b definiuj\u0105 cywilizacj\u0119 homo sapiens i wp\u0142ywaj\u0105 na jej losy.<br \/>\nDonald Trump, Brexit, fake newsy, biotechnologia, sztuczna inteligencja, rozszerzona rzeczywisto\u015b\u0107, dewastacja \u015brodowiska naturalnego, kryzys uchod\u017aczy, terroryzm, schy\u0142ek liberalizmu. Co te zjawiska naszej codzienno\u015bci m\u00f3wi\u0105 o cz\u0142owieku i wsp\u00f3\u0142czesnym \u015bwiecie?<br \/>\nHarari, jak zwykle, stawia prowokacyjne pytania, ale i udziela b\u0142yskotliwych odpowiedzi, dzi\u0119ki kt\u00f3rym nasz coraz bardziej rozp\u0119dzony XXI wiek wydaje si\u0119 cho\u0107 troch\u0119 pojmowalny przez ludzki rozum.<br \/>\nKsi\u0105\u017cka 21 lekcji na XXI wiek zamyka hat trick Harariego&#8230; Jak zawsze jego tekst jest niezwykle elegancki, ludzki, ujmuj\u0105cy, a cz\u0119sto te\u017c ironiczny.<br \/>\nCaroline Sanderson, \u201eThe Bookseller\u201d<\/p>\n","protected":false},"excerpt":{"rendered":"<p>Autor: Yuval Noah Harari T\u0142umacze: Romanek Micha\u0142 Wydawca: Literackie Oprawa: [&hellip;]<\/p>\n","protected":false},"featured_media":10956,"template":"","meta":[],"product_brand":[],"product_cat":[7505,7506,27,7508],"product_tag":[1109,6696,1110,246],"class_list":{"0":"post-10955","1":"product","2":"type-product","3":"status-publish","4":"has-post-thumbnail","6":"product_cat-etyka","7":"product_cat-filozofia","8":"product_cat-nauki-spoleczne","9":"product_cat-socjologia","10":"product_tag-cywilizacja","11":"product_tag-historia-swiata","12":"product_tag-kultura","13":"product_tag-socjologia","15":"first","16":"instock","17":"sale","18":"shipping-taxable","19":"purchasable","20":"product-type-simple"},"_links":{"self":[{"href":"http:\/\/ksiegarnia-akademicka.pl\/index.php\/wp-json\/wp\/v2\/product\/10955","targetHints":{"allow":["GET"]}}],"collection":[{"href":"http:\/\/ksiegarnia-akademicka.pl\/index.php\/wp-json\/wp\/v2\/product"}],"about":[{"href":"http:\/\/ksiegarnia-akademicka.pl\/index.php\/wp-json\/wp\/v2\/types\/product"}],"wp:featuredmedia":[{"embeddable":true,"href":"http:\/\/ksiegarnia-akademicka.pl\/index.php\/wp-json\/wp\/v2\/media\/10956"}],"wp:attachment":[{"href":"http:\/\/ksiegarnia-akademicka.pl\/index.php\/wp-json\/wp\/v2\/media?parent=10955"}],"wp:term":[{"taxonomy":"product_brand","embeddable":true,"href":"http:\/\/ksiegarnia-akademicka.pl\/index.php\/wp-json\/wp\/v2\/product_brand?post=10955"},{"taxonomy":"product_cat","embeddable":true,"href":"http:\/\/ksiegarnia-akademicka.pl\/index.php\/wp-json\/wp\/v2\/product_cat?post=10955"},{"taxonomy":"product_tag","embeddable":true,"href":"http:\/\/ksiegarnia-akademicka.pl\/index.php\/wp-json\/wp\/v2\/product_tag?post=10955"}],"curies":[{"name":"wp","href":"https:\/\/api.w.org\/{rel}","templated":true}]}}