{"id":10951,"date":"2019-04-26T08:44:42","date_gmt":"2019-04-26T06:44:42","guid":{"rendered":"http:\/\/ksiegarnia-akademicka.pl\/?post_type=product&#038;p=10951"},"modified":"2019-04-26T08:44:42","modified_gmt":"2019-04-26T06:44:42","slug":"sapiens-od-zwierzat-do-bogow-tytul-oryginalny-sapiens-a-brief-history-of-humankind","status":"publish","type":"product","link":"http:\/\/ksiegarnia-akademicka.pl\/index.php\/product\/sapiens-od-zwierzat-do-bogow-tytul-oryginalny-sapiens-a-brief-history-of-humankind\/","title":{"rendered":"Sapiens Od zwierz\u0105t do bog\u00f3w Tytu\u0142 oryginalny: Sapiens: A Brief History of Humankind"},"content":{"rendered":"<p>Autor:<br \/>\nYuval Noah Harari<br \/>\nT\u0142umacze: Hunia Justyn<br \/>\nWydawca: Literackie<br \/>\nOprawa: Twarda<br \/>\nFormat: 15.2&#215;23.3cm<br \/>\nLiczba stron: 544<br \/>\nWydanie: 1<br \/>\nRok wydania: 2018<br \/>\nJ\u0119zyk wydania: polski<\/p>\n<p>\u015awiatowy hit. Ksi\u0105\u017cka, dzi\u0119ki kt\u00f3rej rozpocz\u0119\u0142a si\u0119 mi\u0119dzynarodowa kariera Harariego.<br \/>\nCa\u0142o\u015bciowa historia cz\u0142owieka &#8211; od ukrywania si\u0119 w jaskiniach do podr\u00f3\u017cy na Ksi\u0119\u017cyc i in\u017cynierii genetycznej.<br \/>\nSto tysi\u0119cy lat temu ludzie z trudem walczyli o przetrwanie, ca\u0142y czas \u017cyj\u0105c w strachu przed wszechmocn\u0105 natur\u0105 i rywalizuj\u0105cymi z nimi zwierz\u0119tami. Dzisiaj w XXI wieku opanowali\u015bmy ca\u0142y \u015bwiat i to nasz niekontrolowany rozw\u00f3j jest zagro\u017ceniem dla planety i zwierz\u0105t. Homo sapiens uczy si\u0119 w\u0142a\u015bnie przekszta\u0142ca\u0107 swoje geny i chcia\u0142by sta\u0107 si\u0119 podobny do w\u0142asnych wyobra\u017ce\u0144 o bogach.<br \/>\n\u201ePrzesiedli\u015bmy si\u0119 z d\u0142ubanek na \u017caglowce, z \u017caglowc\u00f3w na parostatki, z parostatk\u00f3w na promy kosmiczne, lecz nikt nie wie, dok\u0105d zmierzamy. Dysponujemy niespotykan\u0105 dot\u0105d pot\u0119g\u0105, ale nie mamy poj\u0119cia, co z ni\u0105 zrobi\u0107\u201d.<br \/>\nSapiens \u0142\u0105czy biologiczne uj\u0119cie z rozleg\u0142\u0105 historyczn\u0105 i kulturoznawcz\u0105 perspektyw\u0105. Y.N. Harari chcia\u0142by, \u017ceby\u015bmy spojrzeli na siebie i nasze miejsce w \u015bwiecie w nowy, prowokuj\u0105cy do my\u015blenia spos\u00f3b.<br \/>\n\u201eOpowie\u015b\u0107 Harariego o tym, jak podbili\u015bmy Ziemi\u0119, osza\u0142amia rozmachem i b\u0142yskotliwo\u015bci\u0105\u201d. THE GUARDIAN<br \/>\n\u201eOryginalna i stawiaj\u0105ca wiele pyta\u0144 wartych namys\u0142u\u201d. EL PA\u00cdS<br \/>\n\u201eYuval Noah Harari \u2013 historyk przysz\u0142o\u015bci\u201d. LE MONDE<br \/>\n\u201eKompleksowa historia tego, co czyni nas lud\u017ami\u201d. THE INDEPENDENT<br \/>\nSapiens to jeden z najwi\u0119kszych \u015bwiatowych bestseller\u00f3w ostatnich lat. Ponad 8 milion\u00f3w sprzedanych egzemplarzy. Hollywoodzk\u0105 ekranizacj\u0119 ksi\u0105\u017cki przygotowuje Ridley Scott.<\/p>\n","protected":false},"excerpt":{"rendered":"<p>Autor: Yuval Noah Harari T\u0142umacze: Hunia Justyn Wydawca: Literackie Oprawa: [&hellip;]<\/p>\n","protected":false},"featured_media":10952,"template":"","meta":[],"product_brand":[],"product_cat":[7505,7506,27,7508],"product_tag":[1190,5978,233],"class_list":{"0":"post-10951","1":"product","2":"type-product","3":"status-publish","4":"has-post-thumbnail","6":"product_cat-etyka","7":"product_cat-filozofia","8":"product_cat-nauki-spoleczne","9":"product_cat-socjologia","10":"product_tag-antropologia","11":"product_tag-ewolucja","12":"product_tag-filozofia","14":"first","15":"instock","16":"sale","17":"shipping-taxable","18":"purchasable","19":"product-type-simple"},"_links":{"self":[{"href":"http:\/\/ksiegarnia-akademicka.pl\/index.php\/wp-json\/wp\/v2\/product\/10951","targetHints":{"allow":["GET"]}}],"collection":[{"href":"http:\/\/ksiegarnia-akademicka.pl\/index.php\/wp-json\/wp\/v2\/product"}],"about":[{"href":"http:\/\/ksiegarnia-akademicka.pl\/index.php\/wp-json\/wp\/v2\/types\/product"}],"wp:featuredmedia":[{"embeddable":true,"href":"http:\/\/ksiegarnia-akademicka.pl\/index.php\/wp-json\/wp\/v2\/media\/10952"}],"wp:attachment":[{"href":"http:\/\/ksiegarnia-akademicka.pl\/index.php\/wp-json\/wp\/v2\/media?parent=10951"}],"wp:term":[{"taxonomy":"product_brand","embeddable":true,"href":"http:\/\/ksiegarnia-akademicka.pl\/index.php\/wp-json\/wp\/v2\/product_brand?post=10951"},{"taxonomy":"product_cat","embeddable":true,"href":"http:\/\/ksiegarnia-akademicka.pl\/index.php\/wp-json\/wp\/v2\/product_cat?post=10951"},{"taxonomy":"product_tag","embeddable":true,"href":"http:\/\/ksiegarnia-akademicka.pl\/index.php\/wp-json\/wp\/v2\/product_tag?post=10951"}],"curies":[{"name":"wp","href":"https:\/\/api.w.org\/{rel}","templated":true}]}}