{"id":10929,"date":"2019-04-15T09:33:40","date_gmt":"2019-04-15T07:33:40","guid":{"rendered":"http:\/\/ksiegarnia-akademicka.pl\/?post_type=product&#038;p=10929"},"modified":"2019-04-15T09:33:41","modified_gmt":"2019-04-15T07:33:41","slug":"python-kurs-dla-nauczycieli-i-studentow","status":"publish","type":"product","link":"http:\/\/ksiegarnia-akademicka.pl\/index.php\/product\/python-kurs-dla-nauczycieli-i-studentow\/","title":{"rendered":"Python Kurs dla nauczycieli i student\u00f3w"},"content":{"rendered":"<p>Autor:<br \/>\nGniewomir Sarbicki<br \/>\nWydawca: Helion<br \/>\nOprawa: Mi\u0119kka<br \/>\nFormat: 16.0&#215;23.5cm<br \/>\nLiczba stron: 440<br \/>\nRok wydania: 2019<br \/>\nJ\u0119zyk wydania: polski<\/p>\n<p>We\u017a Pythona na uczelni\u0119!<br \/>\nPython to jeden z tych j\u0119zyk\u00f3w programowania, bez kt\u00f3rych trudno si\u0119 dzi\u015b obej\u015b\u0107. Dzi\u0119ki s\u0142ynnej elastyczno\u015bci oraz rozbudowanemu zestawowi narz\u0119dzi i bibliotek mo\u017cna wykorzystywa\u0107 go w najr\u00f3\u017cniejszych projektach i na najr\u00f3\u017cniejszych platformach, a \u0142atwo\u015b\u0107 opanowania podstaw zach\u0119ca do nauki. Sprawd\u017a sam, jak wygodnie i prosto da si\u0119 w nim pisa\u0107 w\u0142asny kod, opracowywa\u0107 aplikacje desktopowe, projektowa\u0107 strony www czy przeprowadza\u0107 obliczenia numeryczne.<\/p>\n<p>Ksi\u0105\u017cka Python. Kurs dla nauczycieli i student\u00f3w powsta\u0142 z my\u015bl\u0105 o wszystkich, kt\u00f3rzy chc\u0105 opanowa\u0107 podstawy Pythona i praktycznie wykorzystywa\u0107 go na co dzie\u0144. Kurs dzieli si\u0119 na dwie cz\u0119\u015bci: pierwsza zawiera wprowadzenie do j\u0119zyka, pozwalaj\u0105ce ruszy\u0107 z w\u0142asnymi projektami; druga za\u015b wprowadza wa\u017cne, bardziej rozbudowane konstrukcje j\u0119zykowe. Niezwykle istotnym atutem tego podr\u0119cznika s\u0105 \u0107wiczenia wraz z rozwi\u0105zaniami, opracowane na podstawie wieloletnich do\u015bwiadcze\u0144 autora. Mo\u017cna tu znale\u017a\u0107 zar\u00f3wno materia\u0142y do samodzielnej nauki, jak i inspiracje do prowadzenia w\u0142asnych zaj\u0119\u0107 z uczniami czy studentami. Je\u015bli chcesz zacz\u0105\u0107 aktywnie korzysta\u0107 z niesamowitych mo\u017cliwo\u015bci Pythona, ta ksi\u0105\u017cka jest dla Ciebie!<\/p>\n<p>Podstawowe elementy, operacje i funkcje<br \/>\nProgramowanie obiektowe i graficzny interfejs u\u017cytkownika<br \/>\nWielow\u0105tkowo\u015b\u0107 i komunikacja sieciowa<br \/>\nObs\u0142uga baz danych i wsp\u00f3\u0142praca z serwerem Apache<br \/>\nObliczenia numeryczne i zarz\u0105dzanie atrybutami w klasach<br \/>\nIteratory, generatory, koprocedury<br \/>\nWsp\u00f3\u0142bie\u017cno\u015b\u0107 wykorzystuj\u0105ca podprocesy<br \/>\nMoc Pythona w Twoich r\u0119kach!<\/p>\n","protected":false},"excerpt":{"rendered":"<p>Autor: Gniewomir Sarbicki Wydawca: Helion Oprawa: Mi\u0119kka Format: 16.0&#215;23.5cm Liczba [&hellip;]<\/p>\n","protected":false},"featured_media":10930,"template":"","meta":[],"product_brand":[],"product_cat":[36],"product_tag":[103,4452,7821],"class_list":{"0":"post-10929","1":"product","2":"type-product","3":"status-publish","4":"has-post-thumbnail","6":"product_cat-informatyka","7":"product_tag-informatyka","8":"product_tag-jezyki-programowania","9":"product_tag-python","11":"first","12":"instock","13":"sale","14":"shipping-taxable","15":"purchasable","16":"product-type-simple"},"_links":{"self":[{"href":"http:\/\/ksiegarnia-akademicka.pl\/index.php\/wp-json\/wp\/v2\/product\/10929","targetHints":{"allow":["GET"]}}],"collection":[{"href":"http:\/\/ksiegarnia-akademicka.pl\/index.php\/wp-json\/wp\/v2\/product"}],"about":[{"href":"http:\/\/ksiegarnia-akademicka.pl\/index.php\/wp-json\/wp\/v2\/types\/product"}],"wp:featuredmedia":[{"embeddable":true,"href":"http:\/\/ksiegarnia-akademicka.pl\/index.php\/wp-json\/wp\/v2\/media\/10930"}],"wp:attachment":[{"href":"http:\/\/ksiegarnia-akademicka.pl\/index.php\/wp-json\/wp\/v2\/media?parent=10929"}],"wp:term":[{"taxonomy":"product_brand","embeddable":true,"href":"http:\/\/ksiegarnia-akademicka.pl\/index.php\/wp-json\/wp\/v2\/product_brand?post=10929"},{"taxonomy":"product_cat","embeddable":true,"href":"http:\/\/ksiegarnia-akademicka.pl\/index.php\/wp-json\/wp\/v2\/product_cat?post=10929"},{"taxonomy":"product_tag","embeddable":true,"href":"http:\/\/ksiegarnia-akademicka.pl\/index.php\/wp-json\/wp\/v2\/product_tag?post=10929"}],"curies":[{"name":"wp","href":"https:\/\/api.w.org\/{rel}","templated":true}]}}