{"id":10898,"date":"2019-04-15T08:52:01","date_gmt":"2019-04-15T06:52:01","guid":{"rendered":"http:\/\/ksiegarnia-akademicka.pl\/?post_type=product&#038;p=10898"},"modified":"2024-12-04T14:30:40","modified_gmt":"2024-12-04T13:30:40","slug":"diagnostyka-prenatalna-usg-echo-zmiany-czynnosciowe-w-ukladzie-krazenia-plodu","status":"publish","type":"product","link":"http:\/\/ksiegarnia-akademicka.pl\/index.php\/product\/diagnostyka-prenatalna-usg-echo-zmiany-czynnosciowe-w-ukladzie-krazenia-plodu\/","title":{"rendered":"Diagnostyka prenatalna USG\/ECHO Zmiany czynno\u015bciowe w uk\u0142adzie kr\u0105\u017cenia p\u0142odu"},"content":{"rendered":"<p>Autor:<br \/>\nMaria Respondek-Liberska<br \/>\nWydawca: PZWL<br \/>\nOprawa: Mi\u0119kka<br \/>\nFormat: 20.5&#215;29.0cm<br \/>\nLiczba stron: 148<br \/>\nWydanie: 1<br \/>\nRok wydania: 2019<br \/>\nJ\u0119zyk wydania: polski<\/p>\n<p>Kolejna publikacja z serii Diagnostyka prenatalna USG\/ECHO niezb\u0119dna w codziennej praktyce. Dotyczy zmian w uk\u0142adzie kr\u0105\u017cenia p\u0142odu, kt\u00f3re nie wymagaj\u0105 interwencji chirurgicznej. Bogaty, unikatowy materia\u0142 ilustracyjny jest istotnym walorem merytorycznym tej publikacji.<\/p>\n<p>Profesor Maria Respondek-Liberska &#8211; znana i ceniona specjalistka &#8211; dzieli si\u0119 swoj\u0105 wiedz\u0105 z lekarzami zajmuj\u0105cymi si\u0119 kobiet\u0105 w ci\u0105\u017cy i noworodkiem \u2013 po\u0142o\u017cnikami, neonatologami i pediatrami.<\/p>\n","protected":false},"excerpt":{"rendered":"<p>Autor: Maria Respondek-Liberska Wydawca: PZWL Oprawa: Mi\u0119kka Format: 20.5&#215;29.0cm Liczba [&hellip;]<\/p>\n","protected":false},"featured_media":10899,"template":"","meta":[],"product_brand":[],"product_cat":[7493],"product_tag":[6982,6433,4919,3994,4920,7856],"class_list":{"0":"post-10898","1":"product","2":"type-product","3":"status-publish","4":"has-post-thumbnail","6":"product_cat-medycyna","7":"product_tag-diagnostyka-prenatalna","8":"product_tag-embriologia","9":"product_tag-ginekologia","10":"product_tag-medycyna","11":"product_tag-poloznictwo","12":"product_tag-usg","14":"first","15":"instock","16":"sale","17":"shipping-taxable","18":"purchasable","19":"product-type-simple"},"_links":{"self":[{"href":"http:\/\/ksiegarnia-akademicka.pl\/index.php\/wp-json\/wp\/v2\/product\/10898","targetHints":{"allow":["GET"]}}],"collection":[{"href":"http:\/\/ksiegarnia-akademicka.pl\/index.php\/wp-json\/wp\/v2\/product"}],"about":[{"href":"http:\/\/ksiegarnia-akademicka.pl\/index.php\/wp-json\/wp\/v2\/types\/product"}],"wp:featuredmedia":[{"embeddable":true,"href":"http:\/\/ksiegarnia-akademicka.pl\/index.php\/wp-json\/wp\/v2\/media\/10899"}],"wp:attachment":[{"href":"http:\/\/ksiegarnia-akademicka.pl\/index.php\/wp-json\/wp\/v2\/media?parent=10898"}],"wp:term":[{"taxonomy":"product_brand","embeddable":true,"href":"http:\/\/ksiegarnia-akademicka.pl\/index.php\/wp-json\/wp\/v2\/product_brand?post=10898"},{"taxonomy":"product_cat","embeddable":true,"href":"http:\/\/ksiegarnia-akademicka.pl\/index.php\/wp-json\/wp\/v2\/product_cat?post=10898"},{"taxonomy":"product_tag","embeddable":true,"href":"http:\/\/ksiegarnia-akademicka.pl\/index.php\/wp-json\/wp\/v2\/product_tag?post=10898"}],"curies":[{"name":"wp","href":"https:\/\/api.w.org\/{rel}","templated":true}]}}