{"id":10857,"date":"2019-04-11T09:14:21","date_gmt":"2019-04-11T07:14:21","guid":{"rendered":"http:\/\/ksiegarnia-akademicka.pl\/?post_type=product&#038;p=10857"},"modified":"2019-04-11T09:14:21","modified_gmt":"2019-04-11T07:14:21","slug":"odpowiedzialnosc-odszkodowawcza-podmiotu-zatrudniajacego-za-naruszenie-zasady-rownego-traktowania","status":"publish","type":"product","link":"http:\/\/ksiegarnia-akademicka.pl\/index.php\/product\/odpowiedzialnosc-odszkodowawcza-podmiotu-zatrudniajacego-za-naruszenie-zasady-rownego-traktowania\/","title":{"rendered":"Odpowiedzialno\u015b\u0107 odszkodowawcza podmiotu zatrudniaj\u0105cego za naruszenie zasady r\u00f3wnego traktowania"},"content":{"rendered":"<p>Autor:<br \/>\nMarzena Szab\u0142owska-Juckiewicz<br \/>\nWydawca: Wolters Kluwer<br \/>\nOprawa: Twarda<br \/>\nLiczba stron: 316<br \/>\nWydanie: 1<br \/>\nRok wydania: 2019<br \/>\nJ\u0119zyk wydania: polski<\/p>\n<p>W monografii przedstawiono w spos\u00f3b kompleksowy problematyk\u0119 odpowiedzialno\u015bci odszkodowawczej pracodawcy i innych podmiot\u00f3w zatrudniaj\u0105cych za naruszenie zasady r\u00f3wnego traktowania w zatrudnieniu pracowniczym i niepracowniczym.<br \/>\nRozwa\u017cania dotycz\u0105 m.in. poj\u0119\u0107 dyskryminacji bezpo\u015bredniej i po\u015bredniej, molestowania oraz molestowania seksualnego. Koncentruj\u0105 si\u0119 jednak przede wszystkim wok\u00f3\u0142 w\u0119z\u0142owych zagadnie\u0144, takich jak: zasada i przes\u0142anki odpowiedzialno\u015bci, zakres naprawiania szkody, re\u017cim odpowiedzialno\u015bci, funkcje odpowiedzialno\u015bci, spos\u00f3b ustalenia szkody, ci\u0119\u017car dowodu, zbieg roszcze\u0144 odszkodowawczych.<br \/>\nW pracy zosta\u0142y om\u00f3wione unormowania z zakresu europejskiego prawa antydyskryminacyjnego, zawarto w niej r\u00f3wnie\u017c w\u0105tki prawnopor\u00f3wnawcze oraz liczne odes\u0142ania do dorobku doktryny i orzecznictwa. Autorka podejmuje ponadto zagadnienia, kt\u00f3re dotychczas nie zosta\u0142y opracowane w literaturze przedmiotu, np. kwesti\u0119 ustalenia wysoko\u015bci odszkodowania za naruszenie zasady r\u00f3wnego traktowania.<\/p>\n","protected":false},"excerpt":{"rendered":"<p>Autor: Marzena Szab\u0142owska-Juckiewicz Wydawca: Wolters Kluwer Oprawa: Twarda Liczba stron: [&hellip;]<\/p>\n","protected":false},"featured_media":10858,"template":"","meta":[],"product_brand":[],"product_cat":[7491,18,7550],"product_tag":[1550,615,793],"class_list":{"0":"post-10857","1":"product","2":"type-product","3":"status-publish","4":"has-post-thumbnail","6":"product_cat-cywilne","7":"product_cat-prawo","8":"product_cat-prawo-pracy","9":"product_tag-komentarze-i-opracowania","10":"product_tag-prawo-cywilne","11":"product_tag-prawo-pracy","13":"first","14":"instock","15":"sale","16":"shipping-taxable","17":"purchasable","18":"product-type-simple"},"_links":{"self":[{"href":"http:\/\/ksiegarnia-akademicka.pl\/index.php\/wp-json\/wp\/v2\/product\/10857","targetHints":{"allow":["GET"]}}],"collection":[{"href":"http:\/\/ksiegarnia-akademicka.pl\/index.php\/wp-json\/wp\/v2\/product"}],"about":[{"href":"http:\/\/ksiegarnia-akademicka.pl\/index.php\/wp-json\/wp\/v2\/types\/product"}],"wp:featuredmedia":[{"embeddable":true,"href":"http:\/\/ksiegarnia-akademicka.pl\/index.php\/wp-json\/wp\/v2\/media\/10858"}],"wp:attachment":[{"href":"http:\/\/ksiegarnia-akademicka.pl\/index.php\/wp-json\/wp\/v2\/media?parent=10857"}],"wp:term":[{"taxonomy":"product_brand","embeddable":true,"href":"http:\/\/ksiegarnia-akademicka.pl\/index.php\/wp-json\/wp\/v2\/product_brand?post=10857"},{"taxonomy":"product_cat","embeddable":true,"href":"http:\/\/ksiegarnia-akademicka.pl\/index.php\/wp-json\/wp\/v2\/product_cat?post=10857"},{"taxonomy":"product_tag","embeddable":true,"href":"http:\/\/ksiegarnia-akademicka.pl\/index.php\/wp-json\/wp\/v2\/product_tag?post=10857"}],"curies":[{"name":"wp","href":"https:\/\/api.w.org\/{rel}","templated":true}]}}