{"id":10813,"date":"2019-04-10T08:56:45","date_gmt":"2019-04-10T06:56:45","guid":{"rendered":"http:\/\/ksiegarnia-akademicka.pl\/?post_type=product&#038;p=10813"},"modified":"2024-12-04T14:33:10","modified_gmt":"2024-12-04T13:33:10","slug":"inteligentny-budynek-poradnik-projektanta-instalatora-i-uzytkownika","status":"publish","type":"product","link":"http:\/\/ksiegarnia-akademicka.pl\/index.php\/product\/inteligentny-budynek-poradnik-projektanta-instalatora-i-uzytkownika\/","title":{"rendered":"Inteligentny budynek Poradnik projektanta instalatora i u\u017cytkownika"},"content":{"rendered":"<p>Krzysztof Duszczyk, Andrzej Dubrawski, Marcin Pawlik, Mariusz Szafra\u0144ski<br \/>\nWydawca: Wydawnictwo Naukowe PWN<br \/>\nOprawa: Mi\u0119kka<br \/>\nFormat: 16.5&#215;23.5cm<br \/>\nLiczba stron: 270<br \/>\nWydanie: 1<br \/>\nRok wydania: 2019<br \/>\nJ\u0119zyk wydania: polski<br \/>\nData wprowadzenia: 2019<\/p>\n<p>Inteligentny budynek jest poj\u0119ciem, kt\u00f3re pojawi\u0142o si\u0119 na pocz\u0105tku lat osiemdziesi\u0105tych ubieg\u0142ego wieku. Pocz\u0105tkowo dotyczy\u0142o ono obiekt\u00f3w budowlanych wyposa\u017conych w do\u015b\u0107 zaawansowan\u0105 (jak na \u00f3wczesne czasy) automatyk\u0119 instalacji i system\u00f3w. Budzi\u0142o liczne w\u0105tpliwo\u015bci co do zasadno\u015bci takiego okre\u015blenia. Kwestionowano \u201einteligencj\u0119\u201d budynku. Twierdzono, \u017ce zasadniejszym by\u0142oby m\u00f3wienie o \u201einstynkcie\u201d budynku (przez analogi\u0119 do zwierz\u0105t \u2013 okre\u015blone reakcje na okre\u015blon\u0105, zaistnia\u0142\u0105 sytuacj\u0119).<br \/>\nDzi\u015b \u201einteligentny budynek\u201d to ju\u017c codzienno\u015b\u0107, chocia\u017c wiedza przeci\u0119tnego cz\u0142owieka na jego temat jest cz\u0119sto bardzo powierzchowna i nie do ko\u0144ca prawdziwa. Obecnie inteligentny budynek to ju\u017c nie tylko, cho\u0107by najbardziej zaawansowana technologicznie automatyka budynkowa. Dzi\u015b poj\u0119cie to nale\u017cy rozwa\u017ca\u0107 w znacznie szerszym kontek\u015bcie.<br \/>\nAutorzy postawili sobie za cel dotarcie do szerokiego spektrum os\u00f3b zaanga\u017cowanych w projektowanie, instalowanie i u\u017cytkowanie inteligentnych budynk\u00f3w.<br \/>\nKsi\u0105\u017cka prezentuje dwa obszary wiedzy: teoretyczn\u0105 i praktyczn\u0105. Wiedza teoretyczna obejmuje wprowadzenie do tematyki inteligentnych budynk\u00f3w (definicje, stan obecny, perspektywy rozwoju) instalacje i wyposa\u017cenie techniczne budynk\u00f3w oraz syntetyczn\u0105 prezentacj\u0119 trzech nale\u017c\u0105cych do wiod\u0105cych na rynku \u015bwiatowym system\u00f3w: LCN, KNX, BACnet.<br \/>\nAspekt praktyczny, stanowi\u0105cy zasadnicz\u0105 cz\u0119\u015b\u0107 ksi\u0105\u017cki, obejmuje zalecenia i wytyczne w zakresie opracowywania za\u0142o\u017ce\u0144 projektowych, realizacji projektu, instalowania i serwisowania instalacji oraz korzystania z oprogramowa\u0144 narz\u0119dziowych, dedykowanych dla trzech przedstawionych system\u00f3w. Ksi\u0105\u017cka prezentuje ca\u0142o\u015bciowe podej\u015bcie do procesu tworzenia inteligentnego budynku. Od prezentacji mo\u017cliwo\u015bci realizacji okre\u015blonych funkcji, przez przygotowanie i realizacj\u0119 projektu, instalowanie i serwisowanie, a\u017c do wskaz\u00f3wek dotycz\u0105cych u\u017cytkowania.<br \/>\nKsi\u0105\u017cka r\u00f3wnie\u017c mo\u017ce stanowi\u0107 cenne \u017ar\u00f3d\u0142o informacji dla student\u00f3w uczelni technicznych, na Wydzia\u0142ach Elektrycznych i Elektroniki o kierunkach: Elektrotechnika, Automatyka i Robotyka, Informatyka.<\/p>\n","protected":false},"excerpt":{"rendered":"<p>Krzysztof Duszczyk, Andrzej Dubrawski, Marcin Pawlik, Mariusz Szafra\u0144ski Wydawca: Wydawnictwo [&hellip;]<\/p>\n","protected":false},"featured_media":10814,"template":"","meta":[],"product_brand":[],"product_cat":[7812],"product_tag":[1453,6568],"class_list":{"0":"post-10813","1":"product","2":"type-product","3":"status-publish","4":"has-post-thumbnail","6":"product_cat-architektura-i-budownictwo","7":"product_tag-budownictwo","8":"product_tag-dom-inteligentny","10":"first","11":"instock","12":"sale","13":"shipping-taxable","14":"purchasable","15":"product-type-simple"},"_links":{"self":[{"href":"http:\/\/ksiegarnia-akademicka.pl\/index.php\/wp-json\/wp\/v2\/product\/10813","targetHints":{"allow":["GET"]}}],"collection":[{"href":"http:\/\/ksiegarnia-akademicka.pl\/index.php\/wp-json\/wp\/v2\/product"}],"about":[{"href":"http:\/\/ksiegarnia-akademicka.pl\/index.php\/wp-json\/wp\/v2\/types\/product"}],"wp:featuredmedia":[{"embeddable":true,"href":"http:\/\/ksiegarnia-akademicka.pl\/index.php\/wp-json\/wp\/v2\/media\/10814"}],"wp:attachment":[{"href":"http:\/\/ksiegarnia-akademicka.pl\/index.php\/wp-json\/wp\/v2\/media?parent=10813"}],"wp:term":[{"taxonomy":"product_brand","embeddable":true,"href":"http:\/\/ksiegarnia-akademicka.pl\/index.php\/wp-json\/wp\/v2\/product_brand?post=10813"},{"taxonomy":"product_cat","embeddable":true,"href":"http:\/\/ksiegarnia-akademicka.pl\/index.php\/wp-json\/wp\/v2\/product_cat?post=10813"},{"taxonomy":"product_tag","embeddable":true,"href":"http:\/\/ksiegarnia-akademicka.pl\/index.php\/wp-json\/wp\/v2\/product_tag?post=10813"}],"curies":[{"name":"wp","href":"https:\/\/api.w.org\/{rel}","templated":true}]}}