{"id":10797,"date":"2019-04-08T10:49:30","date_gmt":"2019-04-08T08:49:30","guid":{"rendered":"http:\/\/ksiegarnia-akademicka.pl\/?post_type=product&#038;p=10797"},"modified":"2019-04-08T10:49:30","modified_gmt":"2019-04-08T08:49:30","slug":"miasto-szczesliwe-jak-zmienic-nasze-zycie-zmieniajac-nasze-miasta","status":"publish","type":"product","link":"http:\/\/ksiegarnia-akademicka.pl\/index.php\/product\/miasto-szczesliwe-jak-zmienic-nasze-zycie-zmieniajac-nasze-miasta\/","title":{"rendered":"Miasto szcz\u0119\u015bliwe Jak zmieni\u0107 nasze \u017cycie, zmieniaj\u0105c nasze miasta."},"content":{"rendered":"<p>Autor:<br \/>\nCharles Montgomery<br \/>\nWydawca: Wysoki Zamek<br \/>\nOprawa: Mi\u0119kka<br \/>\nLiczba stron: 488<br \/>\nRok wydania: 2019<br \/>\nJ\u0119zyk wydania: polski<\/p>\n<p>Przeczytanie tej ksi\u0105\u017cki zako\u0144czone pisemnym i ustnym egzaminem z jej tre\u015bci powinno by\u0107 ustawowym obowi\u0105zkiem ka\u017cdego polskiego urz\u0119dnika maj\u0105cego jakikolwiek wp\u0142yw na kszta\u0142t miasta \u2013 napisa\u0142 Filip Springer we wst\u0119pie do ksi\u0105\u017cki \u201eMiasto Szcz\u0119\u015bliwe\u201d. Miasta s\u0105 przysz\u0142o\u015bci\u0105 ludzko\u015bci, to w nich ju\u017c dzi\u015b mieszka wi\u0119kszo\u015b\u0107 ludno\u015bci \u015bwiata. Wedle szacunkowych danych WHO w 2050 r. b\u0119dzie je zamieszkiwa\u0142o oko\u0142o 66% globalnej populacji. Paradoksalnie jednak w krajach najbardziej rozwini\u0119tych obserwujemy post\u0119puj\u0105c\u0105 ucieczk\u0119 z miast, bowiem miasta jakie znamy s\u0105 obarczone licznymi wadami. Autor mierzy si\u0119 z pytaniem o przysz\u0142o\u015b\u0107 miast, podchodz\u0105c do zagadnienia z perspektywy ludzkiego szcz\u0119\u015bcia. Zdaniem autora miasto mo\u017ce i powinno by\u0107 miejscem, w kt\u00f3rym mieszka\u0144cy prowadz\u0105 szcz\u0119\u015bliwe \u017cycie, a osi\u0105gn\u0105\u0107 to mo\u017cna przez w\u0142a\u015bciwe rozwi\u0105zania urbanistyczne i projektowanie miast. \u201eMiast szcz\u0119\u015bliwe\u201d \u0142\u0105czy po mistrzowsku stron\u0119 faktograficzn\u0105 ze sfer\u0105 osobistych obserwacji i odczu\u0107 autora.<\/p>\n<p>Autor, Charles Montgomery (ur. 1968 w Vancouver) to wielokrotnie nagradzany kanadyjski pisarz, dziennikarz i aktywista miejski, a zarazem jednym z najbardziej cenionych specjalist\u00f3w w dziedzinie wsp\u00f3\u0142czesnej urbanistyki, historii i rozwoju miast. Jest r\u00f3wnie\u017c liderem interdyscyplinarnego zespo\u0142u zajmuj\u0105cego si\u0119 badaniem czynnik\u00f3w, kt\u00f3re wywieraj\u0105 wp\u0142yw na samopoczucie ich mieszka\u0144c\u00f3w.<\/p>\n","protected":false},"excerpt":{"rendered":"<p>Autor: Charles Montgomery Wydawca: Wysoki Zamek Oprawa: Mi\u0119kka Liczba stron: [&hellip;]<\/p>\n","protected":false},"featured_media":10798,"template":"","meta":[],"product_brand":[],"product_cat":[7812],"product_tag":[193,3856],"class_list":{"0":"post-10797","1":"product","2":"type-product","3":"status-publish","4":"has-post-thumbnail","6":"product_cat-architektura-i-budownictwo","7":"product_tag-architektura","8":"product_tag-urbanistyka","10":"first","11":"instock","12":"shipping-taxable","13":"purchasable","14":"product-type-simple"},"_links":{"self":[{"href":"http:\/\/ksiegarnia-akademicka.pl\/index.php\/wp-json\/wp\/v2\/product\/10797","targetHints":{"allow":["GET"]}}],"collection":[{"href":"http:\/\/ksiegarnia-akademicka.pl\/index.php\/wp-json\/wp\/v2\/product"}],"about":[{"href":"http:\/\/ksiegarnia-akademicka.pl\/index.php\/wp-json\/wp\/v2\/types\/product"}],"wp:featuredmedia":[{"embeddable":true,"href":"http:\/\/ksiegarnia-akademicka.pl\/index.php\/wp-json\/wp\/v2\/media\/10798"}],"wp:attachment":[{"href":"http:\/\/ksiegarnia-akademicka.pl\/index.php\/wp-json\/wp\/v2\/media?parent=10797"}],"wp:term":[{"taxonomy":"product_brand","embeddable":true,"href":"http:\/\/ksiegarnia-akademicka.pl\/index.php\/wp-json\/wp\/v2\/product_brand?post=10797"},{"taxonomy":"product_cat","embeddable":true,"href":"http:\/\/ksiegarnia-akademicka.pl\/index.php\/wp-json\/wp\/v2\/product_cat?post=10797"},{"taxonomy":"product_tag","embeddable":true,"href":"http:\/\/ksiegarnia-akademicka.pl\/index.php\/wp-json\/wp\/v2\/product_tag?post=10797"}],"curies":[{"name":"wp","href":"https:\/\/api.w.org\/{rel}","templated":true}]}}